{"id":6468,"date":"2021-06-01T13:18:18","date_gmt":"2021-06-01T11:18:18","guid":{"rendered":"https:\/\/kiwuge.smartini.de\/?page_id=6468"},"modified":"2026-03-13T00:35:06","modified_gmt":"2026-03-12T23:35:06","slug":"bilgisayariniza-indirin","status":"publish","type":"page","link":"https:\/\/kinderwunsch-gelsenkirchen.de\/tr\/muayenehanemiz\/bilgisayariniza-indirin\/","title":{"rendered":"Bilgisayar\u0131n\u0131za indirin"},"content":{"rendered":"\t\t<div data-elementor-type=\"wp-page\" data-elementor-id=\"6468\" class=\"elementor elementor-6468 elementor-6466\" data-elementor-post-type=\"page\">\n\t\t\t\t\t\t<section class=\"elementor-section elementor-top-section elementor-element elementor-element-9f57025 elementor-section-full_width elementor-section-height-default elementor-section-height-default\" data-id=\"9f57025\" data-element_type=\"section\" data-e-type=\"section\" data-settings=\"{&quot;jet_parallax_layout_list&quot;:[{&quot;jet_parallax_layout_image&quot;:{&quot;url&quot;:&quot;&quot;,&quot;id&quot;:&quot;&quot;,&quot;size&quot;:&quot;&quot;},&quot;_id&quot;:&quot;fb0dbf2&quot;,&quot;jet_parallax_layout_image_tablet&quot;:{&quot;url&quot;:&quot;&quot;,&quot;id&quot;:&quot;&quot;,&quot;size&quot;:&quot;&quot;},&quot;jet_parallax_layout_image_mobile&quot;:{&quot;url&quot;:&quot;&quot;,&quot;id&quot;:&quot;&quot;,&quot;size&quot;:&quot;&quot;},&quot;jet_parallax_layout_speed&quot;:{&quot;unit&quot;:&quot;%&quot;,&quot;size&quot;:50,&quot;sizes&quot;:[]},&quot;jet_parallax_layout_type&quot;:&quot;scroll&quot;,&quot;jet_parallax_layout_direction&quot;:&quot;1&quot;,&quot;jet_parallax_layout_fx_direction&quot;:null,&quot;jet_parallax_layout_z_index&quot;:&quot;&quot;,&quot;jet_parallax_layout_bg_x&quot;:50,&quot;jet_parallax_layout_bg_x_tablet&quot;:&quot;&quot;,&quot;jet_parallax_layout_bg_x_mobile&quot;:&quot;&quot;,&quot;jet_parallax_layout_bg_y&quot;:50,&quot;jet_parallax_layout_bg_y_tablet&quot;:&quot;&quot;,&quot;jet_parallax_layout_bg_y_mobile&quot;:&quot;&quot;,&quot;jet_parallax_layout_bg_size&quot;:&quot;auto&quot;,&quot;jet_parallax_layout_bg_size_tablet&quot;:&quot;&quot;,&quot;jet_parallax_layout_bg_size_mobile&quot;:&quot;&quot;,&quot;jet_parallax_layout_animation_prop&quot;:&quot;transform&quot;,&quot;jet_parallax_layout_on&quot;:[&quot;desktop&quot;,&quot;tablet&quot;]}]}\">\n\t\t\t\t\t\t<div class=\"elementor-container elementor-column-gap-no\">\n\t\t\t\t\t<div class=\"elementor-column elementor-col-100 elementor-top-column elementor-element elementor-element-87f3c3c\" data-id=\"87f3c3c\" data-element_type=\"column\" data-e-type=\"column\">\n\t\t\t<div class=\"elementor-widget-wrap elementor-element-populated\">\n\t\t\t\t\t\t<div class=\"elementor-element elementor-element-3a1b528 elementor-widget elementor-widget-heading\" data-id=\"3a1b528\" data-element_type=\"widget\" data-e-type=\"widget\" data-widget_type=\"heading.default\">\n\t\t\t\t<div class=\"elementor-widget-container\">\n\t\t\t\t\t<h1 class=\"elementor-heading-title elementor-size-default\">Bilgisayar\u0131n\u0131za indirin<\/h1>\t\t\t\t<\/div>\n\t\t\t\t<\/div>\n\t\t\t\t<div class=\"elementor-element elementor-element-b006b66 elementor-widget elementor-widget-text-editor\" data-id=\"b006b66\" data-element_type=\"widget\" data-e-type=\"widget\" data-widget_type=\"text-editor.default\">\n\t\t\t\t<div class=\"elementor-widget-container\">\n\t\t\t\t\t\t\t\t\t<h5>Formlar<\/h5><ul><li><strong><a class=\"wf_file\" title=\"Kad\u0131nlar i\u00e7in form (Almanca) \u00bb \" href=\"https:\/\/kinderwunsch-gelsenkirchen.de\/wp-content\/uploads\/2026\/01\/PVW-FB-21-Fragebogen-Frau-2601.pdf\" target=\"_blank\" rel=\"noopener\"><span class=\"wf_file_text\">Kad\u0131nlar i\u00e7in form (Almanca) \u00bb <\/span><\/a><br \/><\/strong>\u0130lk g\u00f6r\u00fc\u015fme i\u00e7in: Bu formlar\u0131 bast\u0131rabilir ve doldurarak <a href=\"https:\/\/kinderwunsch-gelsenkirchen.de\/tr\/ilk-gorusme\/\">ilk g\u00f6r\u00fc\u015fmeye \u00bb<\/a> gelirken beraberinizde getirbilirsiniz. Bu bilgiler, t\u0131bbi dan\u0131\u015fmanl\u0131k g\u00f6r\u00fc\u015fmesinin \u00f6nemli bir bile\u015fenidir.<\/li><li><strong><a class=\"wf_file\" title=\"Erkekler i\u00e7in form (Almanca) \u00bb\" href=\"https:\/\/kinderwunsch-gelsenkirchen.de\/wp-content\/uploads\/2026\/01\/PVW-FB-22-Fragebogen-Mann-2601.pdf\" target=\"_blank\" rel=\"noopener\"><span class=\"wf_file_text\">Erkekler i\u00e7in form (Almanca) \u00bb<\/span><\/a><br \/><\/strong>\u0130lk g\u00f6r\u00fc\u015fme i\u00e7in: Bu formlar\u0131 bast\u0131rabilir ve doldurarak <a href=\"https:\/\/kinderwunsch-gelsenkirchen.de\/tr\/ilk-gorusme\/\">ilk g\u00f6r\u00fc\u015fmeye \u00bb<\/a> gelirken beraberinizde getirbilirsiniz. Bu bilgiler, t\u0131bbi dan\u0131\u015fmanl\u0131k g\u00f6r\u00fc\u015fmesinin \u00f6nemli bir bile\u015fenidir.<\/li><li><strong><a href=\"https:\/\/kinderwunsch-gelsenkirchen.de\/wp-content\/uploads\/2024\/11\/PVW-FB-157-Kuendigung-GpIFT-befruchtete-unbefruchtete-Eizellen-Embryonen.pdf\" target=\"_blank\" rel=\"noopener\">D\u00f6llenmi\u015f yumurtalar\u0131n \/ d\u00f6llenmemi\u015f yumurtalar\u0131n \/ embriyolar\u0131n depolanmas\u0131n\u0131n sonland\u0131r\u0131lmas\u0131 (Almanca) \u00bb<\/a><\/strong><br \/>D\u00f6llenmi\u015f ve d\u00f6llenmemi\u015f yumurta ve\/veya embriyolar\u0131n saklanmas\u0131n\u0131 sonland\u0131rmak i\u00e7in form. Depolamay\u0131 sonland\u0131rmak istiyorsan\u0131z, formu yazd\u0131rabilir, imzalayabilir ve bize g\u00f6nderebilirsiniz (orijinal olarak).<\/li><li><strong><a href=\"https:\/\/kinderwunsch-gelsenkirchen.de\/wp-content\/uploads\/2024\/11\/PVW-FB-159-Kuendigung-GpIFT-Spermien-TESE-Spendersamenzellen.pdf\" target=\"_blank\" rel=\"noopener\">Sperm h\u00fccrelerinin saklanmas\u0131n\u0131n sonland\u0131r\u0131lmas\u0131 \/ TESE \u00f6rnekleri \/ don\u00f6r sperm h\u00fccreleri (Almanca) \u00bb<\/a><\/strong><br \/>Sperm h\u00fccrelerinin, TESE \u00f6rneklerinin veya don\u00f6r sperm h\u00fccrelerinin saklanmas\u0131n\u0131 iptal etme formu. Depolamay\u0131 sonland\u0131rmak istiyorsan\u0131z, formu yazd\u0131rabilir, imzalayabilir ve bize g\u00f6nderebilirsiniz (orijinal olarak).<\/li><li><strong><a class=\"jce_file\" title=\"Dan\u0131\u015fmanl\u0131k onay\u0131 \u00bb\" href=\"https:\/\/kinderwunsch-gelsenkirchen.de\/wp-content\/uploads\/2024\/07\/PVW-FB-08-Beratungsbestaetigung.pdf\" target=\"_blank\" rel=\"noopener\">Dan\u0131\u015fmanl\u0131k onay\u0131 (Almanca) \u00bb<\/a><br \/><\/strong>Kanuni sigortas\u0131 olan evli \u00e7iftlerde masraflar\u0131n \u00fcstlenilmesi i\u00e7in ayr\u0131ca tedaviyi yapacak olan kad\u0131n hastal\u0131klar\u0131 doktorunun dan\u0131\u015fmanl\u0131k yapmas\u0131 gerekmektedir.<\/li><li><strong><a class=\"jce_file\" title=\"Dan\u0131\u015fmanl\u0131k onay\u0131 \u00bb\" href=\"https:\/\/kinderwunsch-gelsenkirchen.de\/wp-content\/uploads\/2024\/07\/PVW-FB-133-Aerztliche-Bescheinigung-Fertilitaetsprotektion-Kryo.pdf\" target=\"_blank\" rel=\"noopener\">\u00c4rztliche Bescheinigung Fertilit\u00e4tsprotektion \u00bb<\/a><\/strong><\/li><li><strong><a href=\"https:\/\/kinderwunsch-gelsenkirchen.de\/wp-content\/uploads\/2025\/10\/PVW-FB-145-Androbefund.pdf\" target=\"_blank\" rel=\"noopener\">Andrologischer Befund \u00bb<\/a><\/strong><\/li><li><a href=\"https:\/\/kinderwunsch-gelsenkirchen.de\/wp-content\/uploads\/2026\/03\/PVW-FB-164-Einwilligung-Mail.pdf\" target=\"_blank\" rel=\"noopener\"><strong>Einwilligung Mail \u00bb<\/strong><\/a><\/li><\/ul><p><!--<\/p>\n<h5>xxxxxxxxxxxx<\/h5>\n<h5>Gelsenkirchen \u00e7ocuk sahibi olma muayenehanesinin k\u0131lavuzu<\/h5>\n<ul>\n<li><strong><a class=\"wf_file\" title=\"Akupunktur (Almanca) \u00bb\" href=\"https:\/\/kinderwunsch-gelsenkirchen.de\/wp-content\/uploads\/2021\/06\/flyer_akupunktur.pdf\" target=\"_blank\" rel=\"noopener\"><span class=\"wf_file_text\">Akupunktur (Almanca) \u00bb<\/span><\/a><\/strong><\/li>\n<li><strong><a class=\"wf_file\" title=\"Hipnoz (Almanca)\u00bb\" href=\"https:\/\/kinderwunsch-gelsenkirchen.de\/wp-content\/uploads\/2021\/06\/flyer_hypnose.pdf\" target=\"_blank\" rel=\"noopener\"><span class=\"wf_file_text\">Hipnoz (Almanca)\u00bb<\/span><\/a><\/strong><\/li>\n<li><strong><a class=\"wf_file\" title=\"Seks (Almanca) \u00bb\" href=\"https:\/\/kinderwunsch-gelsenkirchen.de\/wp-content\/uploads\/2021\/06\/flyer_sex.pdf\" target=\"_blank\" rel=\"noopener\"><span class=\"wf_file_text\">Seks (Almanca) \u00bb<\/span><\/a><\/strong><\/li>\n<li><strong><a class=\"wf_file\" title=\"Kriyokonservasyon (Almanca) \u00bb\" href=\"https:\/\/kinderwunsch-gelsenkirchen.de\/wp-content\/uploads\/2021\/07\/flyer_hoffnung-auf-eis.pdf\" target=\"_blank\" rel=\"noopener\"><span class=\"wf_file_text\">Kriyokonservasyon (Almanca) \u00bb<\/span><\/a><\/strong><\/li>\n<li><strong><a class=\"wf_file\" title=\"Hamilelik ile ilgili sorular ve cevaplar (Almanca) \u00bb\" href=\"https:\/\/kinderwunsch-gelsenkirchen.de\/wp-content\/uploads\/2021\/06\/flyer_info_zur_schwangerschaft.pdf\" target=\"_blank\" rel=\"noopener\"><span class=\"wf_file_text\">Hamilelik ile ilgili sorular ve cevaplar (Almanca) \u00bb<\/span><\/a><\/strong><\/li>\n<li><strong><a class=\"wf_file\" title=\"Geleneksel \u00c7in t\u0131bb\u0131 (Almanca) \u00bb \" href=\"https:\/\/kinderwunsch-gelsenkirchen.de\/wp-content\/uploads\/2021\/06\/flyer_akupunktur.pdf\" target=\"_blank\" rel=\"noopener\"><span class=\"wf_file_text\">Geleneksel \u00c7in t\u0131bb\u0131 (Almanca) \u00bb <\/span><\/a><\/strong><\/li>\n<\/ul>\n<h5>xxxxxxxxxxx<\/h5>\n<p>--><\/p><h5>Di\u011fer yay\u0131nlar<\/h5><ul><li>Deutsches IVF-Register (D\u00b7I\u00b7R) e. V.<br \/><strong><a href=\"https:\/\/kinderwunsch-gelsenkirchen.de\/wp-content\/uploads\/2023\/10\/dir-jahrbuch-2022-sonderausgabe-fuer-paare.pdf\" target=\"_blank\" rel=\"noopener\">Informationen fu\u0308r Paare mit unerfu\u0308lltem Kinderwunsch, Patientinnen, Patienten und die \u00d6ffentlichkeit \u00bb<\/a><\/strong><\/li><li>Deutsches IVF-Register (D\u00b7I\u00b7R) e. V.<br \/><strong><strong><a href=\"https:\/\/www.deutsches-ivf-register.de\/jahrbuch.php\" target=\"_blank\" rel=\"noopener\">Jahrbuch\u00a0\u00bb<\/a><\/strong><\/strong><\/li><li><strong><a class=\"jce_file\" title=\"Kanser hastal\u0131\u011f\u0131 ve \u00e7ocuk sahibi olma \u00bb\" href=\"https:\/\/kinderwunsch-gelsenkirchen.de\/wp-content\/uploads\/2021\/06\/broschure_krebserkrankung_und_kinderwunsch.pdf\" target=\"_blank\" rel=\"noopener\">Kanser hastal\u0131\u011f\u0131 ve \u00e7ocuk sahibi olma \u00bb<\/a><\/strong><br \/>Bu bro\u015f\u00fcrde, erkekler ve kad\u0131nlar i\u00e7in do\u011furganl\u0131\u011f\u0131n\u0131z\u0131n embriyon h\u00fccresine zarar veren tedavilerin sonu\u00e7lar\u0131ndan nas\u0131l korunaca\u011f\u0131n\u0131 \u00f6\u011freneceksiniz.<\/li><\/ul>\t\t\t\t\t\t\t\t<\/div>\n\t\t\t\t<\/div>\n\t\t\t\t\t<\/div>\n\t\t<\/div>\n\t\t\t\t\t<\/div>\n\t\t<\/section>\n\t\t\t\t<\/div>\n\t\t","protected":false},"excerpt":{"rendered":"<p>Bilgisayar\u0131n\u0131za indirin Formlar Kad\u0131nlar i\u00e7in form (Almanca) \u00bb \u0130lk g\u00f6r\u00fc\u015fme i\u00e7in: Bu formlar\u0131 bast\u0131rabilir ve doldurarak ilk g\u00f6r\u00fc\u015fmeye \u00bb gelirken beraberinizde getirbilirsiniz. Bu bilgiler, t\u0131bbi dan\u0131\u015fmanl\u0131k g\u00f6r\u00fc\u015fmesinin \u00f6nemli bir bile\u015fenidir. Erkekler i\u00e7in form (Almanca) \u00bb\u0130lk g\u00f6r\u00fc\u015fme i\u00e7in: Bu formlar\u0131 bast\u0131rabilir ve doldurarak ilk g\u00f6r\u00fc\u015fmeye \u00bb gelirken beraberinizde getirbilirsiniz. Bu bilgiler, t\u0131bbi dan\u0131\u015fmanl\u0131k g\u00f6r\u00fc\u015fmesinin \u00f6nemli bir [&hellip;]<\/p>\n","protected":false},"author":12,"featured_media":0,"parent":5512,"menu_order":0,"comment_status":"closed","ping_status":"closed","template":"","meta":{"slim_seo":{"title":"Bilgisayar\u0131n\u0131za indirin - Kinderwunschzentrum Gelsenkirchen","description":"Bilgisayar\u0131n\u0131za indirin Formlar Kad\u0131nlar i\u00e7in form (Almanca) \u00bb \u0130lk g\u00f6r\u00fc\u015fme i\u00e7in: Bu formlar\u0131 bast\u0131rabilir ve doldurarak ilk g\u00f6r\u00fc\u015fmeye \u00bb gelirken beraberinizde g"},"footnotes":""},"page-layout":[71],"class_list":["post-6468","page","type-page","status-publish","hentry","page-layout-layout-001"],"_links":{"self":[{"href":"https:\/\/kinderwunsch-gelsenkirchen.de\/tr\/wp-json\/wp\/v2\/pages\/6468","targetHints":{"allow":["GET"]}}],"collection":[{"href":"https:\/\/kinderwunsch-gelsenkirchen.de\/tr\/wp-json\/wp\/v2\/pages"}],"about":[{"href":"https:\/\/kinderwunsch-gelsenkirchen.de\/tr\/wp-json\/wp\/v2\/types\/page"}],"author":[{"embeddable":true,"href":"https:\/\/kinderwunsch-gelsenkirchen.de\/tr\/wp-json\/wp\/v2\/users\/12"}],"replies":[{"embeddable":true,"href":"https:\/\/kinderwunsch-gelsenkirchen.de\/tr\/wp-json\/wp\/v2\/comments?post=6468"}],"version-history":[{"count":27,"href":"https:\/\/kinderwunsch-gelsenkirchen.de\/tr\/wp-json\/wp\/v2\/pages\/6468\/revisions"}],"predecessor-version":[{"id":11816,"href":"https:\/\/kinderwunsch-gelsenkirchen.de\/tr\/wp-json\/wp\/v2\/pages\/6468\/revisions\/11816"}],"up":[{"embeddable":true,"href":"https:\/\/kinderwunsch-gelsenkirchen.de\/tr\/wp-json\/wp\/v2\/pages\/5512"}],"wp:attachment":[{"href":"https:\/\/kinderwunsch-gelsenkirchen.de\/tr\/wp-json\/wp\/v2\/media?parent=6468"}],"wp:term":[{"taxonomy":"page-layout","embeddable":true,"href":"https:\/\/kinderwunsch-gelsenkirchen.de\/tr\/wp-json\/wp\/v2\/page-layout?post=6468"}],"curies":[{"name":"wp","href":"https:\/\/api.w.org\/{rel}","templated":true}]}}