{"id":6237,"date":"2020-12-26T01:06:14","date_gmt":"2020-12-26T00:06:14","guid":{"rendered":"https:\/\/kiwuge.smartini.de\/muayenehanemiz\/qualitaetsmanagement\/"},"modified":"2026-02-05T01:04:23","modified_gmt":"2026-02-05T00:04:23","slug":"kalite-yonetimi","status":"publish","type":"page","link":"https:\/\/kinderwunsch-gelsenkirchen.de\/tr\/muayenehanemiz\/kalite-yonetimi\/","title":{"rendered":"Kalite y\u00f6netimi"},"content":{"rendered":"\t\t<div data-elementor-type=\"wp-page\" data-elementor-id=\"6237\" class=\"elementor elementor-6237 elementor-5206\" data-elementor-post-type=\"page\">\n\t\t\t\t\t\t<section class=\"elementor-section elementor-top-section elementor-element elementor-element-3f857ef elementor-section-full_width elementor-section-height-default elementor-section-height-default\" data-id=\"3f857ef\" data-element_type=\"section\" data-e-type=\"section\" data-settings=\"{&quot;jet_parallax_layout_list&quot;:[{&quot;jet_parallax_layout_image&quot;:{&quot;url&quot;:&quot;&quot;,&quot;id&quot;:&quot;&quot;,&quot;size&quot;:&quot;&quot;},&quot;_id&quot;:&quot;fb0dbf2&quot;,&quot;jet_parallax_layout_image_tablet&quot;:{&quot;url&quot;:&quot;&quot;,&quot;id&quot;:&quot;&quot;,&quot;size&quot;:&quot;&quot;},&quot;jet_parallax_layout_image_mobile&quot;:{&quot;url&quot;:&quot;&quot;,&quot;id&quot;:&quot;&quot;,&quot;size&quot;:&quot;&quot;},&quot;jet_parallax_layout_speed&quot;:{&quot;unit&quot;:&quot;%&quot;,&quot;size&quot;:50,&quot;sizes&quot;:[]},&quot;jet_parallax_layout_type&quot;:&quot;scroll&quot;,&quot;jet_parallax_layout_direction&quot;:&quot;1&quot;,&quot;jet_parallax_layout_fx_direction&quot;:null,&quot;jet_parallax_layout_z_index&quot;:&quot;&quot;,&quot;jet_parallax_layout_bg_x&quot;:50,&quot;jet_parallax_layout_bg_x_tablet&quot;:&quot;&quot;,&quot;jet_parallax_layout_bg_x_mobile&quot;:&quot;&quot;,&quot;jet_parallax_layout_bg_y&quot;:50,&quot;jet_parallax_layout_bg_y_tablet&quot;:&quot;&quot;,&quot;jet_parallax_layout_bg_y_mobile&quot;:&quot;&quot;,&quot;jet_parallax_layout_bg_size&quot;:&quot;auto&quot;,&quot;jet_parallax_layout_bg_size_tablet&quot;:&quot;&quot;,&quot;jet_parallax_layout_bg_size_mobile&quot;:&quot;&quot;,&quot;jet_parallax_layout_animation_prop&quot;:&quot;transform&quot;,&quot;jet_parallax_layout_on&quot;:[&quot;desktop&quot;,&quot;tablet&quot;]}]}\">\n\t\t\t\t\t\t<div class=\"elementor-container elementor-column-gap-no\">\n\t\t\t\t\t<div class=\"elementor-column elementor-col-100 elementor-top-column elementor-element elementor-element-7a04728\" data-id=\"7a04728\" data-element_type=\"column\" data-e-type=\"column\">\n\t\t\t<div class=\"elementor-widget-wrap elementor-element-populated\">\n\t\t\t\t\t\t<div class=\"elementor-element elementor-element-6b78061 elementor-widget elementor-widget-text-editor\" data-id=\"6b78061\" data-element_type=\"widget\" data-e-type=\"widget\" data-widget_type=\"text-editor.default\">\n\t\t\t\t<div class=\"elementor-widget-container\">\n\t\t\t\t\t\t\t\t\t<h1>Kalite y\u00f6netimi<\/h1><p><strong>Kalite y\u00f6netimimiz m\u00fckememmel bir \u201eBaby-Take-Home oran\u0131 &#8221; a\u00e7\u0131s\u0131ndan sizin i\u00e7in bir garantidir. Bunun anlam\u0131: Bizde bir hamileli\u011fin do\u011fumla sonu\u00e7lanma ihtimali \u00e7ok y\u00fcksektir. (<a href=\"https:\/\/kinderwunsch-gelsenkirchen.de\/wp-content\/uploads\/2021\/05\/iso_zertifikat_2021.pdf\" target=\"_blank\" rel=\"noopener\">Ba\u015far\u0131lar \u00bb<\/a>)<\/strong><\/p><p>Bu bizim becerimizin s\u00fcrekli olarak geli\u015ftirilmesi ve belli bir yer edinmi\u015f olan t\u0131bbi y\u00f6ntemlerin kullan\u0131lmas\u0131 sayesinde sa\u011flan\u0131r.<\/p><p>Kalite y\u00f6netimi bizim i\u00e7in ola\u011fan bir durumdur. Bu bir davran\u0131\u015f bi\u00e7imidir. Herg\u00fcn s\u00fcrekli olarak topun \u00fczerinde kalmak i\u00e7in ya\u015f\u0131yoruz ve \u00e7al\u0131\u015f\u0131yoruz ve d\u00fczenli olarak sorumlulu\u011fumuzu sorguluyoruz.<\/p><p>Ba\u011f\u0131ms\u0131z mesleki denetimcilerin, reprod\u00fcksiyon t\u0131bb\u0131 uzmanlar\u0131n\u0131n ve reprod\u00fcksiyon biyologlar\u0131n\u0131n deneyimlere dayanan olumlu ele\u015ftirileri belgelendirme denetimleri s\u0131ras\u0131nda bizleri motive etti ve sevindirdi. Kendimizi s\u00fcrekli olarak uzmanlar\u0131n denetimine b\u0131rak\u0131youz ve bundan \u00e7ok faydalan\u0131yoruz.<\/p><p>Son\u00a0<a class=\"wf_file\" title=\"belgelendirme denetimi \u00bb\" href=\"https:\/\/kinderwunsch-gelsenkirchen.de\/wp-content\/uploads\/2024\/08\/ISO-Zertifikat-2024-2027-1.pdf\" target=\"_blank\" rel=\"noopener\"><span class=\"wf_file_text\">belgelendirme denetimi \u00bb<\/span><\/a>\u00a0burada.<br \/>Kendiniz g\u00f6r\u00fcn!<\/p><p>Biz yaln\u0131zca Tabipler Odas\u0131 taraf\u0131ndan zorunlu k\u0131l\u0131nan kalite g\u00fcvencesine de\u011fil, ayn\u0131 zamanda Alman IVF Sicili \u00e7er\u00e7evesindeki g\u00f6n\u00fcll\u00fc kalite dok\u00fcmantasyonuna da i\u015ftirak ediyoruz.\u00a0<a class=\"wf_file\" title=\"Sertifika \u00bb\" href=\"https:\/\/kinderwunsch-gelsenkirchen.de\/wp-content\/uploads\/2026\/02\/dir-2025-2026.pdf\" target=\"_blank\" rel=\"noopener\"><span class=\"wf_file_text\">Sertifika \u00bb<\/span><\/a><\/p>\t\t\t\t\t\t\t\t<\/div>\n\t\t\t\t<\/div>\n\t\t\t\t\t<\/div>\n\t\t<\/div>\n\t\t\t\t\t<\/div>\n\t\t<\/section>\n\t\t\t\t<\/div>\n\t\t","protected":false},"excerpt":{"rendered":"<p>Kalite y\u00f6netimi Kalite y\u00f6netimimiz m\u00fckememmel bir \u201eBaby-Take-Home oran\u0131 &#8221; a\u00e7\u0131s\u0131ndan sizin i\u00e7in bir garantidir. Bunun anlam\u0131: Bizde bir hamileli\u011fin do\u011fumla sonu\u00e7lanma ihtimali \u00e7ok y\u00fcksektir. (Ba\u015far\u0131lar \u00bb) Bu bizim becerimizin s\u00fcrekli olarak geli\u015ftirilmesi ve belli bir yer edinmi\u015f olan t\u0131bbi y\u00f6ntemlerin kullan\u0131lmas\u0131 sayesinde sa\u011flan\u0131r. Kalite y\u00f6netimi bizim i\u00e7in ola\u011fan bir durumdur. Bu bir davran\u0131\u015f bi\u00e7imidir. Herg\u00fcn [&hellip;]<\/p>\n","protected":false},"author":12,"featured_media":0,"parent":5512,"menu_order":0,"comment_status":"closed","ping_status":"closed","template":"","meta":{"slim_seo":{"title":"Kalite y\u00f6netimi - Kinderwunschzentrum Gelsenkirchen","description":"Kalite y\u00f6netimi Kalite y\u00f6netimimiz m\u00fckememmel bir \u201eBaby-Take-Home oran\u0131 \" a\u00e7\u0131s\u0131ndan sizin i\u00e7in bir garantidir. Bunun anlam\u0131: Bizde bir hamileli\u011fin do\u011fumla sonu\u00e7"},"footnotes":""},"page-layout":[71],"class_list":["post-6237","page","type-page","status-publish","hentry","page-layout-layout-001"],"_links":{"self":[{"href":"https:\/\/kinderwunsch-gelsenkirchen.de\/tr\/wp-json\/wp\/v2\/pages\/6237","targetHints":{"allow":["GET"]}}],"collection":[{"href":"https:\/\/kinderwunsch-gelsenkirchen.de\/tr\/wp-json\/wp\/v2\/pages"}],"about":[{"href":"https:\/\/kinderwunsch-gelsenkirchen.de\/tr\/wp-json\/wp\/v2\/types\/page"}],"author":[{"embeddable":true,"href":"https:\/\/kinderwunsch-gelsenkirchen.de\/tr\/wp-json\/wp\/v2\/users\/12"}],"replies":[{"embeddable":true,"href":"https:\/\/kinderwunsch-gelsenkirchen.de\/tr\/wp-json\/wp\/v2\/comments?post=6237"}],"version-history":[{"count":15,"href":"https:\/\/kinderwunsch-gelsenkirchen.de\/tr\/wp-json\/wp\/v2\/pages\/6237\/revisions"}],"predecessor-version":[{"id":11796,"href":"https:\/\/kinderwunsch-gelsenkirchen.de\/tr\/wp-json\/wp\/v2\/pages\/6237\/revisions\/11796"}],"up":[{"embeddable":true,"href":"https:\/\/kinderwunsch-gelsenkirchen.de\/tr\/wp-json\/wp\/v2\/pages\/5512"}],"wp:attachment":[{"href":"https:\/\/kinderwunsch-gelsenkirchen.de\/tr\/wp-json\/wp\/v2\/media?parent=6237"}],"wp:term":[{"taxonomy":"page-layout","embeddable":true,"href":"https:\/\/kinderwunsch-gelsenkirchen.de\/tr\/wp-json\/wp\/v2\/page-layout?post=6237"}],"curies":[{"name":"wp","href":"https:\/\/api.w.org\/{rel}","templated":true}]}}