{"id":6231,"date":"2021-05-10T01:28:56","date_gmt":"2021-05-09T23:28:56","guid":{"rendered":"https:\/\/kiwuge.smartini.de\/?page_id=6231"},"modified":"2025-10-24T18:23:15","modified_gmt":"2025-10-24T16:23:15","slug":"felsefe-ve-model","status":"publish","type":"page","link":"https:\/\/kinderwunsch-gelsenkirchen.de\/tr\/muayenehanemiz\/felsefe-ve-model\/","title":{"rendered":"Felsefe ve model"},"content":{"rendered":"\t\t<div data-elementor-type=\"wp-page\" data-elementor-id=\"6231\" class=\"elementor elementor-6231 elementor-5191\" data-elementor-post-type=\"page\">\n\t\t\t\t\t\t<section class=\"elementor-section elementor-top-section elementor-element elementor-element-3f857ef elementor-section-full_width elementor-section-height-default elementor-section-height-default\" data-id=\"3f857ef\" data-element_type=\"section\" data-e-type=\"section\" data-settings=\"{&quot;jet_parallax_layout_list&quot;:[{&quot;jet_parallax_layout_image&quot;:{&quot;url&quot;:&quot;&quot;,&quot;id&quot;:&quot;&quot;,&quot;size&quot;:&quot;&quot;},&quot;_id&quot;:&quot;fb0dbf2&quot;,&quot;jet_parallax_layout_image_tablet&quot;:{&quot;url&quot;:&quot;&quot;,&quot;id&quot;:&quot;&quot;,&quot;size&quot;:&quot;&quot;},&quot;jet_parallax_layout_image_mobile&quot;:{&quot;url&quot;:&quot;&quot;,&quot;id&quot;:&quot;&quot;,&quot;size&quot;:&quot;&quot;},&quot;jet_parallax_layout_speed&quot;:{&quot;unit&quot;:&quot;%&quot;,&quot;size&quot;:50,&quot;sizes&quot;:[]},&quot;jet_parallax_layout_type&quot;:&quot;scroll&quot;,&quot;jet_parallax_layout_direction&quot;:&quot;1&quot;,&quot;jet_parallax_layout_fx_direction&quot;:null,&quot;jet_parallax_layout_z_index&quot;:&quot;&quot;,&quot;jet_parallax_layout_bg_x&quot;:50,&quot;jet_parallax_layout_bg_x_tablet&quot;:&quot;&quot;,&quot;jet_parallax_layout_bg_x_mobile&quot;:&quot;&quot;,&quot;jet_parallax_layout_bg_y&quot;:50,&quot;jet_parallax_layout_bg_y_tablet&quot;:&quot;&quot;,&quot;jet_parallax_layout_bg_y_mobile&quot;:&quot;&quot;,&quot;jet_parallax_layout_bg_size&quot;:&quot;auto&quot;,&quot;jet_parallax_layout_bg_size_tablet&quot;:&quot;&quot;,&quot;jet_parallax_layout_bg_size_mobile&quot;:&quot;&quot;,&quot;jet_parallax_layout_animation_prop&quot;:&quot;transform&quot;,&quot;jet_parallax_layout_on&quot;:[&quot;desktop&quot;,&quot;tablet&quot;]}]}\">\n\t\t\t\t\t\t<div class=\"elementor-container elementor-column-gap-no\">\n\t\t\t\t\t<div class=\"elementor-column elementor-col-100 elementor-top-column elementor-element elementor-element-7a04728\" data-id=\"7a04728\" data-element_type=\"column\" data-e-type=\"column\">\n\t\t\t<div class=\"elementor-widget-wrap elementor-element-populated\">\n\t\t\t\t\t\t<div class=\"elementor-element elementor-element-1e4e1cb elementor-widget elementor-widget-heading\" data-id=\"1e4e1cb\" data-element_type=\"widget\" data-e-type=\"widget\" data-widget_type=\"heading.default\">\n\t\t\t\t<div class=\"elementor-widget-container\">\n\t\t\t\t\t<h1 class=\"elementor-heading-title elementor-size-default\">Birlikte daha fazlas\u0131na ula\u015fal\u0131m!\n<\/h1>\t\t\t\t<\/div>\n\t\t\t\t<\/div>\n\t\t\t\t<div class=\"elementor-element elementor-element-6b78061 elementor-widget elementor-widget-text-editor\" data-id=\"6b78061\" data-element_type=\"widget\" data-e-type=\"widget\" data-widget_type=\"text-editor.default\">\n\t\t\t\t<div class=\"elementor-widget-container\">\n\t\t\t\t\t\t\t\t\t<p><strong>Ekibimizde herkes \u00f6nemlidir ve kendi yeteneklerine g\u00f6re te\u015fvik edilir. Ba\u015far\u0131l\u0131 i\u015fbirli\u011fimiz, g\u00fcvene, g\u00fcvenilirli\u011fe, d\u00fcr\u00fcst ileti\u015fime ve ele\u015ftirme kabiliyetine dayanmaktad\u0131r.<\/strong><\/p><p>Do\u011fal olarak b\u00fct\u00fcn meslek gruplar\u0131na ileri e\u011fitim verilmektedir; \u00f6yle ki, her zaman birbirimizden faydalan\u0131r\u0131z. Bu da y\u00fcksek bir \u00e7al\u0131\u015fma memnuniyeti yans\u0131tmaktad\u0131r, ki bu memnuniyeti dengede tutar\u0131z ve i\u00e7tenlikle hastalar\u0131m\u0131za da iletiriz.<\/p><h3>Kalite y\u00f6netimi sayesinde kazan\u0131lan ba\u015far\u0131<\/h3><p>S\u00fcrekli olarak ba\u015far\u0131 kalitemizin analizini yapar\u0131z ve prosesleri s\u00fcrekli olarak optimize ederek hamilelik oranlar\u0131m\u0131z\u0131 ortalaman\u0131n \u00fczerinde olan y\u00fcksek bir seviyede tutar\u0131z. Harci belgleendirme bizde do\u011fal bir olayd\u0131r.<\/p><h3>A\u00e7\u0131kl\u0131k ve \u015feffafl\u0131k sayesinde kazan\u0131lan ba\u015far\u0131<\/h3><p>Her zaman size sonu\u00e7lara a\u00e7\u0131k bir \u015fekilde dan\u0131\u015fmanl\u0131k yapar\u0131z ve en yeni bilgi durumuna g\u00f6re sizi bilgilendiririz. B\u00f6ylece siz kendiniz ile ilgili olarak anlay\u0131\u015fa dayal\u0131 kararlar alacak ve b\u00f6ylece kendinizi daha g\u00fcvende hissedecek bir durumda olursunuz.<\/p><h3>Var olma ve kar\u015f\u0131s\u0131ndakini anlama kabiliyeti sayesinde kazan\u0131lan ba\u015far\u0131<\/h3><ul><li>Ba\u015f\u0131ndan itibaren detayl\u0131 g\u00f6r\u00fc\u015fmelerle ve g\u00f6r\u00fc\u015fme teklifleriyle size e\u015flik ediyoruz.<\/li><li>Endi\u015felerinize ve sorular\u0131n\u0131za her zaman a\u00e7\u0131\u011f\u0131z.<\/li><li>Her g\u00fcn 24 saat boyunca bize ula\u015fabilirsiniz.<\/li><li>H\u00fcsran ve hayal k\u0131r\u0131kl\u0131\u011f\u0131 a\u015famalar\u0131nda sonuna kadar yan\u0131n\u0131zday\u0131z.<\/li><li>Sizi dinliyoruz ve takdir edilen bir davran\u0131\u015f\u0131 koruyoruz.<\/li><li>Yolumuzda ba\u015far\u0131l\u0131 oldu\u011fumuzda, sizinle birlikte seviniyoruz..<\/li><\/ul><h1>Sizin \u00e7ocu\u011funuz, bizim iste\u011fimiz!<\/h1>\t\t\t\t\t\t\t\t<\/div>\n\t\t\t\t<\/div>\n\t\t\t\t\t<\/div>\n\t\t<\/div>\n\t\t\t\t\t<\/div>\n\t\t<\/section>\n\t\t\t\t<\/div>\n\t\t","protected":false},"excerpt":{"rendered":"<p>Birlikte daha fazlas\u0131na ula\u015fal\u0131m! Ekibimizde herkes \u00f6nemlidir ve kendi yeteneklerine g\u00f6re te\u015fvik edilir. Ba\u015far\u0131l\u0131 i\u015fbirli\u011fimiz, g\u00fcvene, g\u00fcvenilirli\u011fe, d\u00fcr\u00fcst ileti\u015fime ve ele\u015ftirme kabiliyetine dayanmaktad\u0131r. Do\u011fal olarak b\u00fct\u00fcn meslek gruplar\u0131na ileri e\u011fitim verilmektedir; \u00f6yle ki, her zaman birbirimizden faydalan\u0131r\u0131z. Bu da y\u00fcksek bir \u00e7al\u0131\u015fma memnuniyeti yans\u0131tmaktad\u0131r, ki bu memnuniyeti dengede tutar\u0131z ve i\u00e7tenlikle hastalar\u0131m\u0131za da iletiriz. Kalite [&hellip;]<\/p>\n","protected":false},"author":12,"featured_media":0,"parent":5512,"menu_order":0,"comment_status":"closed","ping_status":"closed","template":"","meta":{"slim_seo":{"title":"Felsefe ve model - Kinderwunschzentrum Gelsenkirchen","description":"Birlikte daha fazlas\u0131na ula\u015fal\u0131m! Ekibimizde herkes \u00f6nemlidir ve kendi yeteneklerine g\u00f6re te\u015fvik edilir. Ba\u015far\u0131l\u0131 i\u015fbirli\u011fimiz, g\u00fcvene, g\u00fcvenilirli\u011fe, d\u00fcr\u00fcst il"},"footnotes":""},"page-layout":[71],"class_list":["post-6231","page","type-page","status-publish","hentry","page-layout-layout-001"],"_links":{"self":[{"href":"https:\/\/kinderwunsch-gelsenkirchen.de\/tr\/wp-json\/wp\/v2\/pages\/6231","targetHints":{"allow":["GET"]}}],"collection":[{"href":"https:\/\/kinderwunsch-gelsenkirchen.de\/tr\/wp-json\/wp\/v2\/pages"}],"about":[{"href":"https:\/\/kinderwunsch-gelsenkirchen.de\/tr\/wp-json\/wp\/v2\/types\/page"}],"author":[{"embeddable":true,"href":"https:\/\/kinderwunsch-gelsenkirchen.de\/tr\/wp-json\/wp\/v2\/users\/12"}],"replies":[{"embeddable":true,"href":"https:\/\/kinderwunsch-gelsenkirchen.de\/tr\/wp-json\/wp\/v2\/comments?post=6231"}],"version-history":[{"count":1,"href":"https:\/\/kinderwunsch-gelsenkirchen.de\/tr\/wp-json\/wp\/v2\/pages\/6231\/revisions"}],"predecessor-version":[{"id":8465,"href":"https:\/\/kinderwunsch-gelsenkirchen.de\/tr\/wp-json\/wp\/v2\/pages\/6231\/revisions\/8465"}],"up":[{"embeddable":true,"href":"https:\/\/kinderwunsch-gelsenkirchen.de\/tr\/wp-json\/wp\/v2\/pages\/5512"}],"wp:attachment":[{"href":"https:\/\/kinderwunsch-gelsenkirchen.de\/tr\/wp-json\/wp\/v2\/media?parent=6231"}],"wp:term":[{"taxonomy":"page-layout","embeddable":true,"href":"https:\/\/kinderwunsch-gelsenkirchen.de\/tr\/wp-json\/wp\/v2\/page-layout?post=6231"}],"curies":[{"name":"wp","href":"https:\/\/api.w.org\/{rel}","templated":true}]}}