{"id":6189,"date":"2020-12-06T14:57:52","date_gmt":"2020-12-06T13:57:52","guid":{"rendered":"https:\/\/kiwuge.smartini.de\/muayenehanemiz\/erfolge\/"},"modified":"2025-10-24T18:21:58","modified_gmt":"2025-10-24T16:21:58","slug":"basarilar","status":"publish","type":"page","link":"https:\/\/kinderwunsch-gelsenkirchen.de\/tr\/muayenehanemiz\/basarilar\/","title":{"rendered":"Ba\u015far\u0131lar"},"content":{"rendered":"\t\t<div data-elementor-type=\"wp-page\" data-elementor-id=\"6189\" class=\"elementor elementor-6189 elementor-4165\" data-elementor-post-type=\"page\">\n\t\t\t\t\t\t<section class=\"elementor-section elementor-top-section elementor-element elementor-element-9f57025 elementor-section-full_width elementor-section-height-default elementor-section-height-default\" data-id=\"9f57025\" data-element_type=\"section\" data-e-type=\"section\" data-settings=\"{&quot;jet_parallax_layout_list&quot;:[{&quot;jet_parallax_layout_image&quot;:{&quot;url&quot;:&quot;&quot;,&quot;id&quot;:&quot;&quot;,&quot;size&quot;:&quot;&quot;},&quot;_id&quot;:&quot;fb0dbf2&quot;,&quot;jet_parallax_layout_image_tablet&quot;:{&quot;url&quot;:&quot;&quot;,&quot;id&quot;:&quot;&quot;,&quot;size&quot;:&quot;&quot;},&quot;jet_parallax_layout_image_mobile&quot;:{&quot;url&quot;:&quot;&quot;,&quot;id&quot;:&quot;&quot;,&quot;size&quot;:&quot;&quot;},&quot;jet_parallax_layout_speed&quot;:{&quot;unit&quot;:&quot;%&quot;,&quot;size&quot;:50,&quot;sizes&quot;:[]},&quot;jet_parallax_layout_type&quot;:&quot;scroll&quot;,&quot;jet_parallax_layout_direction&quot;:&quot;1&quot;,&quot;jet_parallax_layout_fx_direction&quot;:null,&quot;jet_parallax_layout_z_index&quot;:&quot;&quot;,&quot;jet_parallax_layout_bg_x&quot;:50,&quot;jet_parallax_layout_bg_x_tablet&quot;:&quot;&quot;,&quot;jet_parallax_layout_bg_x_mobile&quot;:&quot;&quot;,&quot;jet_parallax_layout_bg_y&quot;:50,&quot;jet_parallax_layout_bg_y_tablet&quot;:&quot;&quot;,&quot;jet_parallax_layout_bg_y_mobile&quot;:&quot;&quot;,&quot;jet_parallax_layout_bg_size&quot;:&quot;auto&quot;,&quot;jet_parallax_layout_bg_size_tablet&quot;:&quot;&quot;,&quot;jet_parallax_layout_bg_size_mobile&quot;:&quot;&quot;,&quot;jet_parallax_layout_animation_prop&quot;:&quot;transform&quot;,&quot;jet_parallax_layout_on&quot;:[&quot;desktop&quot;,&quot;tablet&quot;]}]}\">\n\t\t\t\t\t\t<div class=\"elementor-container elementor-column-gap-no\">\n\t\t\t\t\t<div class=\"elementor-column elementor-col-100 elementor-top-column elementor-element elementor-element-87f3c3c\" data-id=\"87f3c3c\" data-element_type=\"column\" data-e-type=\"column\">\n\t\t\t<div class=\"elementor-widget-wrap elementor-element-populated\">\n\t\t\t\t\t\t<div class=\"elementor-element elementor-element-3a1b528 elementor-widget elementor-widget-heading\" data-id=\"3a1b528\" data-element_type=\"widget\" data-e-type=\"widget\" data-widget_type=\"heading.default\">\n\t\t\t\t<div class=\"elementor-widget-container\">\n\t\t\t\t\t<h1 class=\"elementor-heading-title elementor-size-default\">Ba\u015far\u0131lar<\/h1>\t\t\t\t<\/div>\n\t\t\t\t<\/div>\n\t\t\t\t<div class=\"elementor-element elementor-element-976f305 elementor-widget elementor-widget-text-editor\" data-id=\"976f305\" data-element_type=\"widget\" data-e-type=\"widget\" data-widget_type=\"text-editor.default\">\n\t\t\t\t<div class=\"elementor-widget-container\">\n\t\t\t\t\t\t\t\t\t<p><strong>Almanya&#8217;daki b\u00fct\u00fcn merkezlerin ortalamas\u0131na k\u0131ysala \u00e7ok iyi do\u011fum oranlar\u0131na sahip oldu\u011fumuz i\u00e7in mutluyuz.<\/strong><\/p><p>\u00c7o\u011fu zaman her bir embriyon transferi ile ilgili hamilelik oranlar\u0131 yay\u0131nlan\u0131r &#8211; \u00e7\u00fcnk\u00fc embriyon transferinden \u00f6nce sona eren b\u00fct\u00fcn d\u00f6ng\u00fcler (yumurta h\u00fccresi elde edilmemi\u015ftir, \u00fcreme yoktur) t\u00fckenmi\u015ftir &#8211; ve d\u00fc\u015f\u00fck oramlar\u0131 hakk\u0131nda hi\u00e7 bir bilgi vermemektedir. \u201eHamilelik&#8221; hen\u00fcz \u00e7ocu\u011funu hemen kuca\u011f\u0131na alm\u0131\u015f olmak demek de\u011fildir.<\/p><p>Her do\u011furganl\u0131k tedavisinin en a\u00e7\u0131klay\u0131c\u0131 ba\u015far\u0131 fakt\u00f6r\u00fc, her stim\u00fclasyon d\u00f6ng\u00fcs\u00fc i\u00e7in do\u011fum oran\u0131d\u0131r. Bu a\u00e7\u0131dan da sonu\u00e7lar\u0131m\u0131z\u0131n kalitesi y\u00fcksektir.<\/p><p>Fertilite Klini\u011fi Gelsenkirchen y\u00fcksek gebelik oranlar\u0131, d\u00fc\u015f\u00fck d\u00fc\u015f\u00fck oranlar\u0131 ve d\u00fc\u015f\u00fck \u00e7o\u011ful oranlar\u0131 ve bunlar\u0131n gebelik ve \u00e7ocuk sa\u011fl\u0131\u011f\u0131ndaki di\u011fer komplikasyonlar\u0131 ile \u00f6v\u00fcnmektedir.<\/p>\t\t\t\t\t\t\t\t<\/div>\n\t\t\t\t<\/div>\n\t\t\t\t\t<\/div>\n\t\t<\/div>\n\t\t\t\t\t<\/div>\n\t\t<\/section>\n\t\t\t\t<\/div>\n\t\t","protected":false},"excerpt":{"rendered":"<p>Ba\u015far\u0131lar Almanya&#8217;daki b\u00fct\u00fcn merkezlerin ortalamas\u0131na k\u0131ysala \u00e7ok iyi do\u011fum oranlar\u0131na sahip oldu\u011fumuz i\u00e7in mutluyuz. \u00c7o\u011fu zaman her bir embriyon transferi ile ilgili hamilelik oranlar\u0131 yay\u0131nlan\u0131r &#8211; \u00e7\u00fcnk\u00fc embriyon transferinden \u00f6nce sona eren b\u00fct\u00fcn d\u00f6ng\u00fcler (yumurta h\u00fccresi elde edilmemi\u015ftir, \u00fcreme yoktur) t\u00fckenmi\u015ftir &#8211; ve d\u00fc\u015f\u00fck oramlar\u0131 hakk\u0131nda hi\u00e7 bir bilgi vermemektedir. \u201eHamilelik&#8221; hen\u00fcz \u00e7ocu\u011funu hemen kuca\u011f\u0131na [&hellip;]<\/p>\n","protected":false},"author":12,"featured_media":0,"parent":5512,"menu_order":0,"comment_status":"closed","ping_status":"closed","template":"","meta":{"slim_seo":{"title":"Ba\u015far\u0131lar - Kinderwunschzentrum Gelsenkirchen","description":"Ba\u015far\u0131lar Almanya'daki b\u00fct\u00fcn merkezlerin ortalamas\u0131na k\u0131ysala \u00e7ok iyi do\u011fum oranlar\u0131na sahip oldu\u011fumuz i\u00e7in mutluyuz. \u00c7o\u011fu zaman her bir embriyon transferi ile"},"footnotes":""},"page-layout":[71],"class_list":["post-6189","page","type-page","status-publish","hentry","page-layout-layout-001"],"_links":{"self":[{"href":"https:\/\/kinderwunsch-gelsenkirchen.de\/tr\/wp-json\/wp\/v2\/pages\/6189","targetHints":{"allow":["GET"]}}],"collection":[{"href":"https:\/\/kinderwunsch-gelsenkirchen.de\/tr\/wp-json\/wp\/v2\/pages"}],"about":[{"href":"https:\/\/kinderwunsch-gelsenkirchen.de\/tr\/wp-json\/wp\/v2\/types\/page"}],"author":[{"embeddable":true,"href":"https:\/\/kinderwunsch-gelsenkirchen.de\/tr\/wp-json\/wp\/v2\/users\/12"}],"replies":[{"embeddable":true,"href":"https:\/\/kinderwunsch-gelsenkirchen.de\/tr\/wp-json\/wp\/v2\/comments?post=6189"}],"version-history":[{"count":3,"href":"https:\/\/kinderwunsch-gelsenkirchen.de\/tr\/wp-json\/wp\/v2\/pages\/6189\/revisions"}],"predecessor-version":[{"id":8755,"href":"https:\/\/kinderwunsch-gelsenkirchen.de\/tr\/wp-json\/wp\/v2\/pages\/6189\/revisions\/8755"}],"up":[{"embeddable":true,"href":"https:\/\/kinderwunsch-gelsenkirchen.de\/tr\/wp-json\/wp\/v2\/pages\/5512"}],"wp:attachment":[{"href":"https:\/\/kinderwunsch-gelsenkirchen.de\/tr\/wp-json\/wp\/v2\/media?parent=6189"}],"wp:term":[{"taxonomy":"page-layout","embeddable":true,"href":"https:\/\/kinderwunsch-gelsenkirchen.de\/tr\/wp-json\/wp\/v2\/page-layout?post=6189"}],"curies":[{"name":"wp","href":"https:\/\/api.w.org\/{rel}","templated":true}]}}