{"id":6043,"date":"2021-01-11T20:50:57","date_gmt":"2021-01-11T19:50:57","guid":{"rendered":"https:\/\/kiwuge.smartini.de\/?page_id=6043"},"modified":"2021-01-11T20:52:07","modified_gmt":"2021-01-11T19:52:07","slug":"hipnoz","status":"publish","type":"page","link":"https:\/\/kinderwunsch-gelsenkirchen.de\/tr\/hipnoz\/","title":{"rendered":"Hipnoz"},"content":{"rendered":"\t\t<div data-elementor-type=\"wp-page\" data-elementor-id=\"6043\" class=\"elementor elementor-6043 elementor-5346\" data-elementor-post-type=\"page\">\n\t\t\t\t\t\t<section class=\"elementor-section elementor-top-section elementor-element elementor-element-9f57025 elementor-section-full_width elementor-section-height-default elementor-section-height-default\" data-id=\"9f57025\" data-element_type=\"section\" data-e-type=\"section\" data-settings=\"{&quot;jet_parallax_layout_list&quot;:[{&quot;jet_parallax_layout_image&quot;:{&quot;url&quot;:&quot;&quot;,&quot;id&quot;:&quot;&quot;,&quot;size&quot;:&quot;&quot;},&quot;_id&quot;:&quot;fb0dbf2&quot;,&quot;jet_parallax_layout_image_tablet&quot;:{&quot;url&quot;:&quot;&quot;,&quot;id&quot;:&quot;&quot;,&quot;size&quot;:&quot;&quot;},&quot;jet_parallax_layout_image_mobile&quot;:{&quot;url&quot;:&quot;&quot;,&quot;id&quot;:&quot;&quot;,&quot;size&quot;:&quot;&quot;},&quot;jet_parallax_layout_speed&quot;:{&quot;unit&quot;:&quot;%&quot;,&quot;size&quot;:50,&quot;sizes&quot;:[]},&quot;jet_parallax_layout_type&quot;:&quot;scroll&quot;,&quot;jet_parallax_layout_direction&quot;:&quot;1&quot;,&quot;jet_parallax_layout_fx_direction&quot;:null,&quot;jet_parallax_layout_z_index&quot;:&quot;&quot;,&quot;jet_parallax_layout_bg_x&quot;:50,&quot;jet_parallax_layout_bg_x_tablet&quot;:&quot;&quot;,&quot;jet_parallax_layout_bg_x_mobile&quot;:&quot;&quot;,&quot;jet_parallax_layout_bg_y&quot;:50,&quot;jet_parallax_layout_bg_y_tablet&quot;:&quot;&quot;,&quot;jet_parallax_layout_bg_y_mobile&quot;:&quot;&quot;,&quot;jet_parallax_layout_bg_size&quot;:&quot;auto&quot;,&quot;jet_parallax_layout_bg_size_tablet&quot;:&quot;&quot;,&quot;jet_parallax_layout_bg_size_mobile&quot;:&quot;&quot;,&quot;jet_parallax_layout_animation_prop&quot;:&quot;transform&quot;,&quot;jet_parallax_layout_on&quot;:[&quot;desktop&quot;,&quot;tablet&quot;]}]}\">\n\t\t\t\t\t\t<div class=\"elementor-container elementor-column-gap-no\">\n\t\t\t\t\t<div class=\"elementor-column elementor-col-100 elementor-top-column elementor-element elementor-element-87f3c3c\" data-id=\"87f3c3c\" data-element_type=\"column\" data-e-type=\"column\">\n\t\t\t<div class=\"elementor-widget-wrap elementor-element-populated\">\n\t\t\t\t\t\t<div class=\"elementor-element elementor-element-3a1b528 elementor-widget elementor-widget-heading\" data-id=\"3a1b528\" data-element_type=\"widget\" data-e-type=\"widget\" data-widget_type=\"heading.default\">\n\t\t\t\t<div class=\"elementor-widget-container\">\n\t\t\t\t\t<h1 class=\"elementor-heading-title elementor-size-default\">Hipnoz<\/h1>\t\t\t\t<\/div>\n\t\t\t\t<\/div>\n\t\t\t\t<div class=\"elementor-element elementor-element-976f305 elementor-widget elementor-widget-text-editor\" data-id=\"976f305\" data-element_type=\"widget\" data-e-type=\"widget\" data-widget_type=\"text-editor.default\">\n\t\t\t\t<div class=\"elementor-widget-container\">\n\t\t\t\t\t\t\t\t\t<div class=\"content\"><p><strong>Genel bilgiler<\/strong><\/p><p>Terap\u00f6tik y\u00f6ntem olarak hipnoz, uzun s\u00fcreli bir gelenektir. Bin y\u0131llardan beri \u00f6neriler ve trans rit\u00fcelleri, iyile\u015fme proseslerinin bile\u015fenleridir.<\/p><p>Son on y\u0131lda yap\u0131lan bilimsel bir ara\u015ft\u0131rma bunu tekrar ke\u015ffetti ve hipnozun (trans) t\u0131pta, psikosomatikte ve psikoterapide y\u00fcksek bir etkisi oldu\u011funu g\u00f6sterdi.<\/p><p>B\u00f6ylece hipnoz tedavisi vas\u0131tas\u0131yla uygulanan \u00e7ocuk sahibi olma tedavisinde, hayat\u0131n stresle y\u00fcklenen a\u015famalar\u0131nda yard\u0131mc\u0131 olabilecek kadar olumlu bir ruh hali ve denge sa\u011flanabilmektedir.<\/p><p>Terapide uykuya ge\u00e7meden k\u0131sa bir s\u00fcre \u00f6ncesinde oldu\u011fu gibi bir bilin\u00e7li olma durumu olu\u015fturulur; bu daha sonra sizin kendi kendinize de kullanabilece\u011finiz bir tekniktir. Dikkatinizi i\u00e7inize do\u011fru y\u00f6neltin; \u00f6yle ki, kuvvet kaynaklar\u0131n\u0131 daha iyi kullanabilin ve problem \u00e7\u00f6z\u00fcmlerini kendi kendinize geli\u015ftirebilin. Fakat her zaman trans durumundan \u00e7\u0131kacak durumdas\u0131n\u0131zd\u0131r.<\/p><p>Hipnozun hedefi, ki\u015fisel istekl\u015ferinize ve sprular\u0131n\u0131za kendi kendinize \u00e7\u00f6z\u00fcm getirmenizi m\u00fcmk\u00fcn k\u0131lan bir teknik \u00f6\u011frenmektir.<\/p><p><strong>Tedavi s\u00fcreci<\/strong><\/p><p>Bayan Dr. Ina Walter-G\u00f6bel ile detayl\u0131 bir \u00f6n g\u00f6r\u00fc\u015fme yap\u0131ld\u0131ktan sonra m\u00fcnferit hipnoz oturumlar\u0131 yakla\u015f\u0131k 50 dakika s\u00fcrmektedir. Tedavinin kapsam\u0131 ve ss\u0131kl\u0131\u011f\u0131 konusunda bireysel olarak g\u00f6r\u00fc\u015f\u00fclecektir.<\/p><p><strong>Masraflar<\/strong><\/p><p>Bir oturum i\u00e7in size 85 \u20ac tutar\u0131nda bir fatura d\u00fczenlenecektir.<\/p><p>L\u00fctfen Bayan Dr. Ina Walter-G\u00f6bel ile muayenehanemizde bir hipnoz randevusu belirleyiniz.<\/p><p><a href=\"https:\/\/kinderwunsch-gelsenkirchen.de\/wp-content\/uploads\/2021\/01\/flyer_hypnose.pdf\" target=\"_blank\" rel=\"noopener\">Download Hypnose-Flyer \u00bb<\/a><\/p><\/div>\t\t\t\t\t\t\t\t<\/div>\n\t\t\t\t<\/div>\n\t\t\t\t\t<\/div>\n\t\t<\/div>\n\t\t\t\t\t<\/div>\n\t\t<\/section>\n\t\t\t\t<\/div>\n\t\t","protected":false},"excerpt":{"rendered":"<p>Genel bilgiler Terap\u00f6tik y\u00f6ntem olarak hipnoz, uzun s\u00fcreli bir gelenektir. Bin y\u0131llardan beri \u00f6neriler ve trans rit\u00fcelleri, iyile\u015fme proseslerinin bile\u015fenleridir. Son on y\u0131lda yap\u0131lan bilimsel bir ara\u015ft\u0131rma bunu tekrar ke\u015ffetti ve hipnozun (trans) t\u0131pta, psikosomatikte ve psikoterapide y\u00fcksek bir etkisi oldu\u011funu g\u00f6sterdi. B\u00f6ylece hipnoz tedavisi vas\u0131tas\u0131yla uygulanan \u00e7ocuk sahibi olma tedavisinde, hayat\u0131n stresle y\u00fcklenen a\u015famalar\u0131nda [&hellip;]<\/p>\n","protected":false},"author":17,"featured_media":0,"parent":0,"menu_order":0,"comment_status":"closed","ping_status":"closed","template":"","meta":{"slim_seo":{"title":"Hipnoz - Kinderwunschzentrum Gelsenkirchen","description":"Genel bilgiler Terap\u00f6tik y\u00f6ntem olarak hipnoz, uzun s\u00fcreli bir gelenektir. Bin y\u0131llardan beri \u00f6neriler ve trans rit\u00fcelleri, iyile\u015fme proseslerinin bile\u015fenleridi"},"footnotes":""},"page-layout":[71],"class_list":["post-6043","page","type-page","status-publish","hentry","page-layout-layout-001"],"_links":{"self":[{"href":"https:\/\/kinderwunsch-gelsenkirchen.de\/tr\/wp-json\/wp\/v2\/pages\/6043","targetHints":{"allow":["GET"]}}],"collection":[{"href":"https:\/\/kinderwunsch-gelsenkirchen.de\/tr\/wp-json\/wp\/v2\/pages"}],"about":[{"href":"https:\/\/kinderwunsch-gelsenkirchen.de\/tr\/wp-json\/wp\/v2\/types\/page"}],"author":[{"embeddable":true,"href":"https:\/\/kinderwunsch-gelsenkirchen.de\/tr\/wp-json\/wp\/v2\/users\/17"}],"replies":[{"embeddable":true,"href":"https:\/\/kinderwunsch-gelsenkirchen.de\/tr\/wp-json\/wp\/v2\/comments?post=6043"}],"version-history":[{"count":0,"href":"https:\/\/kinderwunsch-gelsenkirchen.de\/tr\/wp-json\/wp\/v2\/pages\/6043\/revisions"}],"wp:attachment":[{"href":"https:\/\/kinderwunsch-gelsenkirchen.de\/tr\/wp-json\/wp\/v2\/media?parent=6043"}],"wp:term":[{"taxonomy":"page-layout","embeddable":true,"href":"https:\/\/kinderwunsch-gelsenkirchen.de\/tr\/wp-json\/wp\/v2\/page-layout?post=6043"}],"curies":[{"name":"wp","href":"https:\/\/api.w.org\/{rel}","templated":true}]}}