{"id":6027,"date":"2021-01-11T20:44:05","date_gmt":"2021-01-11T19:44:05","guid":{"rendered":"https:\/\/kiwuge.smartini.de\/?page_id=6027"},"modified":"2025-10-24T18:26:44","modified_gmt":"2025-10-24T16:26:44","slug":"cinsel-tip","status":"publish","type":"page","link":"https:\/\/kinderwunsch-gelsenkirchen.de\/tr\/cinsel-tip\/","title":{"rendered":"Cinsel t\u0131p \u2013 Dan\u0131\u015fmanl\u0131k ve Terapi"},"content":{"rendered":"\t\t<div data-elementor-type=\"wp-page\" data-elementor-id=\"6027\" class=\"elementor elementor-6027 elementor-5338\" data-elementor-post-type=\"page\">\n\t\t\t\t\t\t<section class=\"elementor-section elementor-top-section elementor-element elementor-element-9f57025 elementor-section-full_width elementor-section-height-default elementor-section-height-default\" data-id=\"9f57025\" data-element_type=\"section\" data-e-type=\"section\" data-settings=\"{&quot;jet_parallax_layout_list&quot;:[{&quot;jet_parallax_layout_image&quot;:{&quot;url&quot;:&quot;&quot;,&quot;id&quot;:&quot;&quot;,&quot;size&quot;:&quot;&quot;},&quot;_id&quot;:&quot;fb0dbf2&quot;,&quot;jet_parallax_layout_image_tablet&quot;:{&quot;url&quot;:&quot;&quot;,&quot;id&quot;:&quot;&quot;,&quot;size&quot;:&quot;&quot;},&quot;jet_parallax_layout_image_mobile&quot;:{&quot;url&quot;:&quot;&quot;,&quot;id&quot;:&quot;&quot;,&quot;size&quot;:&quot;&quot;},&quot;jet_parallax_layout_speed&quot;:{&quot;unit&quot;:&quot;%&quot;,&quot;size&quot;:50,&quot;sizes&quot;:[]},&quot;jet_parallax_layout_type&quot;:&quot;scroll&quot;,&quot;jet_parallax_layout_direction&quot;:&quot;1&quot;,&quot;jet_parallax_layout_fx_direction&quot;:null,&quot;jet_parallax_layout_z_index&quot;:&quot;&quot;,&quot;jet_parallax_layout_bg_x&quot;:50,&quot;jet_parallax_layout_bg_x_tablet&quot;:&quot;&quot;,&quot;jet_parallax_layout_bg_x_mobile&quot;:&quot;&quot;,&quot;jet_parallax_layout_bg_y&quot;:50,&quot;jet_parallax_layout_bg_y_tablet&quot;:&quot;&quot;,&quot;jet_parallax_layout_bg_y_mobile&quot;:&quot;&quot;,&quot;jet_parallax_layout_bg_size&quot;:&quot;auto&quot;,&quot;jet_parallax_layout_bg_size_tablet&quot;:&quot;&quot;,&quot;jet_parallax_layout_bg_size_mobile&quot;:&quot;&quot;,&quot;jet_parallax_layout_animation_prop&quot;:&quot;transform&quot;,&quot;jet_parallax_layout_on&quot;:[&quot;desktop&quot;,&quot;tablet&quot;]}]}\">\n\t\t\t\t\t\t<div class=\"elementor-container elementor-column-gap-no\">\n\t\t\t\t\t<div class=\"elementor-column elementor-col-100 elementor-top-column elementor-element elementor-element-87f3c3c\" data-id=\"87f3c3c\" data-element_type=\"column\" data-e-type=\"column\">\n\t\t\t<div class=\"elementor-widget-wrap elementor-element-populated\">\n\t\t\t\t\t\t<div class=\"elementor-element elementor-element-3a1b528 elementor-widget elementor-widget-heading\" data-id=\"3a1b528\" data-element_type=\"widget\" data-e-type=\"widget\" data-widget_type=\"heading.default\">\n\t\t\t\t<div class=\"elementor-widget-container\">\n\t\t\t\t\t<h1 class=\"elementor-heading-title elementor-size-default\">Cinsel t\u0131p \u2013 Dan\u0131\u015fmanl\u0131k ve Terapi<\/h1>\t\t\t\t<\/div>\n\t\t\t\t<\/div>\n\t\t\t\t<div class=\"elementor-element elementor-element-976f305 elementor-widget elementor-widget-text-editor\" data-id=\"976f305\" data-element_type=\"widget\" data-e-type=\"widget\" data-widget_type=\"text-editor.default\">\n\t\t\t\t<div class=\"elementor-widget-container\">\n\t\t\t\t\t\t\t\t\t<div class=\"content\"><p>Cinsellik, insan\u0131n temel ihtiya\u00e7lar\u0131ndan biridir! Cinsellik yak\u0131nl\u0131k, kabul, g\u00fcven, samimiyet, e\u011flenceli hayat isteklerini kar\u015f\u0131lar ve \u00fcremeyi sa\u011flar.<\/p><p>Cinsellik tamamen do\u011fald\u0131r, fakat mutlaka do\u011fal olarak kusursuz de\u011fildir. Cinsellik uyuyabilir, geli\u015fmeye devam etmeyebilir veya negatif deneyimler, i\u015f hayat\u0131ndaki y\u00fckler, ili\u015fkilerdeki, aileeki ve hayat\u0131n farkl\u0131 a\u015famalar\u0131ndaki de\u011fi\u015fiklikler, hayal k\u0131r\u0131kl\u0131\u011f\u0131 ile sonu\u00e7lanan beklentiler (\u00f6rne\u011fin, kendi do\u011furganl\u0131\u011f\u0131na y\u00f6nelik beklentilerin hayal k\u0131r\u0131kl\u0131\u011f\u0131na u\u011frmas\u0131) ve hayattaki daha bir \u00e7ok \u015fey nedeniyle zarar g\u00f6rebilir.<\/p><p>Elik cinsel t\u0131p tedavi koseptleri, tamamen ki\u015fisel biyografik zemine dayanarak, cinselli\u011fi memnuniyet verici ve keyifli bir \u015fekilde \u00f6\u011frenebilme, bu konuda deneyim kazanabilme ve cinselli\u011fi ya\u015fayabilme \u015fans\u0131n\u0131 sunmaktad\u0131r.<\/p><p>Cinsel konularda konu\u015fabilmek, \u00f6nce b\u00fct\u00fcn insanlara zor gelir. \u2013 Fakat: Keyif, istek, orgazm, ereksiyon ve bo\u015falma konusunda problemleriniz varsa veya ba\u015fka nedenlerden dolay\u0131 cinsellikten memnuniyet duymuyorsan\u0131z, konu\u015fma cesaretinizi toplay\u0131n.<\/p><p>Cinsel t\u0131p, hastal\u0131k sigortas\u0131 kurumu taraf\u0131ndan verilen bir hizmet de\u011fildir. 50 dakika s\u00fcren bir cinsel t\u0131p tedavisi i\u00e7in sizden 85,00 \u20ac al\u0131yoruz.<\/p><p>Cinsel hayat\u0131n\u0131z\u0131 \u00e7ok y\u00f6nl\u00fc olarak veya memnuniyet vrici bir \u015fekilde tasarlamakla ilgileniyorsan\u0131z veya daha fazla deneyim kazanmak istiyorsan\u0131z, Bayan Espeloer bir randevu al\u0131n\u0131z.<\/p><\/div>\t\t\t\t\t\t\t\t<\/div>\n\t\t\t\t<\/div>\n\t\t\t\t\t<\/div>\n\t\t<\/div>\n\t\t\t\t\t<\/div>\n\t\t<\/section>\n\t\t\t\t<\/div>\n\t\t","protected":false},"excerpt":{"rendered":"<p>Cinsellik, insan\u0131n temel ihtiya\u00e7lar\u0131ndan biridir! Cinsellik yak\u0131nl\u0131k, kabul, g\u00fcven, samimiyet, e\u011flenceli hayat isteklerini kar\u015f\u0131lar ve \u00fcremeyi sa\u011flar. Cinsellik tamamen do\u011fald\u0131r, fakat mutlaka do\u011fal olarak kusursuz de\u011fildir. Cinsellik uyuyabilir, geli\u015fmeye devam etmeyebilir veya negatif deneyimler, i\u015f hayat\u0131ndaki y\u00fckler, ili\u015fkilerdeki, aileeki ve hayat\u0131n farkl\u0131 a\u015famalar\u0131ndaki de\u011fi\u015fiklikler, hayal k\u0131r\u0131kl\u0131\u011f\u0131 ile sonu\u00e7lanan beklentiler (\u00f6rne\u011fin, kendi do\u011furganl\u0131\u011f\u0131na y\u00f6nelik beklentilerin hayal [&hellip;]<\/p>\n","protected":false},"author":17,"featured_media":0,"parent":0,"menu_order":0,"comment_status":"closed","ping_status":"closed","template":"","meta":{"slim_seo":{"title":"Cinsel t\u0131p \u2013 Dan\u0131\u015fmanl\u0131k ve Terapi - Kinderwunschzentrum Gelsenkirchen","description":"Cinsellik, insan\u0131n temel ihtiya\u00e7lar\u0131ndan biridir! Cinsellik yak\u0131nl\u0131k, kabul, g\u00fcven, samimiyet, e\u011flenceli hayat isteklerini kar\u015f\u0131lar ve \u00fcremeyi sa\u011flar. Cinsellik"},"footnotes":""},"page-layout":[71],"class_list":["post-6027","page","type-page","status-publish","hentry","page-layout-layout-001"],"_links":{"self":[{"href":"https:\/\/kinderwunsch-gelsenkirchen.de\/tr\/wp-json\/wp\/v2\/pages\/6027","targetHints":{"allow":["GET"]}}],"collection":[{"href":"https:\/\/kinderwunsch-gelsenkirchen.de\/tr\/wp-json\/wp\/v2\/pages"}],"about":[{"href":"https:\/\/kinderwunsch-gelsenkirchen.de\/tr\/wp-json\/wp\/v2\/types\/page"}],"author":[{"embeddable":true,"href":"https:\/\/kinderwunsch-gelsenkirchen.de\/tr\/wp-json\/wp\/v2\/users\/17"}],"replies":[{"embeddable":true,"href":"https:\/\/kinderwunsch-gelsenkirchen.de\/tr\/wp-json\/wp\/v2\/comments?post=6027"}],"version-history":[{"count":1,"href":"https:\/\/kinderwunsch-gelsenkirchen.de\/tr\/wp-json\/wp\/v2\/pages\/6027\/revisions"}],"predecessor-version":[{"id":8488,"href":"https:\/\/kinderwunsch-gelsenkirchen.de\/tr\/wp-json\/wp\/v2\/pages\/6027\/revisions\/8488"}],"wp:attachment":[{"href":"https:\/\/kinderwunsch-gelsenkirchen.de\/tr\/wp-json\/wp\/v2\/media?parent=6027"}],"wp:term":[{"taxonomy":"page-layout","embeddable":true,"href":"https:\/\/kinderwunsch-gelsenkirchen.de\/tr\/wp-json\/wp\/v2\/page-layout?post=6027"}],"curies":[{"name":"wp","href":"https:\/\/api.w.org\/{rel}","templated":true}]}}