{"id":6012,"date":"2021-01-11T20:34:36","date_gmt":"2021-01-11T19:34:36","guid":{"rendered":"https:\/\/kiwuge.smartini.de\/?page_id=6012"},"modified":"2025-10-24T18:26:28","modified_gmt":"2025-10-24T16:26:28","slug":"geleneksel-cin-tibbi-tcm-ve-embriyon-transferinde-akupunktur","status":"publish","type":"page","link":"https:\/\/kinderwunsch-gelsenkirchen.de\/tr\/geleneksel-cin-tibbi-tcm-ve-embriyon-transferinde-akupunktur\/","title":{"rendered":"Geleneksel \u00c7in t\u0131bb\u0131 (TCM) ve embriyon transferinde akupunktur"},"content":{"rendered":"\t\t<div data-elementor-type=\"wp-page\" data-elementor-id=\"6012\" class=\"elementor elementor-6012 elementor-5330\" data-elementor-post-type=\"page\">\n\t\t\t\t\t\t<section class=\"elementor-section elementor-top-section elementor-element elementor-element-9f57025 elementor-section-full_width elementor-section-height-default elementor-section-height-default\" data-id=\"9f57025\" data-element_type=\"section\" data-e-type=\"section\" data-settings=\"{&quot;jet_parallax_layout_list&quot;:[{&quot;jet_parallax_layout_image&quot;:{&quot;url&quot;:&quot;&quot;,&quot;id&quot;:&quot;&quot;,&quot;size&quot;:&quot;&quot;},&quot;_id&quot;:&quot;fb0dbf2&quot;,&quot;jet_parallax_layout_image_tablet&quot;:{&quot;url&quot;:&quot;&quot;,&quot;id&quot;:&quot;&quot;,&quot;size&quot;:&quot;&quot;},&quot;jet_parallax_layout_image_mobile&quot;:{&quot;url&quot;:&quot;&quot;,&quot;id&quot;:&quot;&quot;,&quot;size&quot;:&quot;&quot;},&quot;jet_parallax_layout_speed&quot;:{&quot;unit&quot;:&quot;%&quot;,&quot;size&quot;:50,&quot;sizes&quot;:[]},&quot;jet_parallax_layout_type&quot;:&quot;scroll&quot;,&quot;jet_parallax_layout_direction&quot;:&quot;1&quot;,&quot;jet_parallax_layout_fx_direction&quot;:null,&quot;jet_parallax_layout_z_index&quot;:&quot;&quot;,&quot;jet_parallax_layout_bg_x&quot;:50,&quot;jet_parallax_layout_bg_x_tablet&quot;:&quot;&quot;,&quot;jet_parallax_layout_bg_x_mobile&quot;:&quot;&quot;,&quot;jet_parallax_layout_bg_y&quot;:50,&quot;jet_parallax_layout_bg_y_tablet&quot;:&quot;&quot;,&quot;jet_parallax_layout_bg_y_mobile&quot;:&quot;&quot;,&quot;jet_parallax_layout_bg_size&quot;:&quot;auto&quot;,&quot;jet_parallax_layout_bg_size_tablet&quot;:&quot;&quot;,&quot;jet_parallax_layout_bg_size_mobile&quot;:&quot;&quot;,&quot;jet_parallax_layout_animation_prop&quot;:&quot;transform&quot;,&quot;jet_parallax_layout_on&quot;:[&quot;desktop&quot;,&quot;tablet&quot;]}]}\">\n\t\t\t\t\t\t<div class=\"elementor-container elementor-column-gap-no\">\n\t\t\t\t\t<div class=\"elementor-column elementor-col-100 elementor-top-column elementor-element elementor-element-87f3c3c\" data-id=\"87f3c3c\" data-element_type=\"column\" data-e-type=\"column\">\n\t\t\t<div class=\"elementor-widget-wrap elementor-element-populated\">\n\t\t\t\t\t\t<div class=\"elementor-element elementor-element-3a1b528 elementor-widget elementor-widget-heading\" data-id=\"3a1b528\" data-element_type=\"widget\" data-e-type=\"widget\" data-widget_type=\"heading.default\">\n\t\t\t\t<div class=\"elementor-widget-container\">\n\t\t\t\t\t<h1 class=\"elementor-heading-title elementor-size-default\">Geleneksel \u00c7in t\u0131bb\u0131 (TCM) ve embriyon transferinde akupunktur<\/h1>\t\t\t\t<\/div>\n\t\t\t\t<\/div>\n\t\t\t\t<div class=\"elementor-element elementor-element-976f305 elementor-widget elementor-widget-text-editor\" data-id=\"976f305\" data-element_type=\"widget\" data-e-type=\"widget\" data-widget_type=\"text-editor.default\">\n\t\t\t\t<div class=\"elementor-widget-container\">\n\t\t\t\t\t\t\t\t\t<div class=\"content\"><p><strong>Genel bilgiler<\/strong><\/p><p>Yin ve Yang kutuplar\u0131 aras\u0131ndaki ahenkli uyum, geleneksel \u00c7in t\u0131bb\u0131nda (TCM) sa\u011fl\u0131kl\u0131 ve mutlu bir hayat\u0131n temeli olarak g\u00f6r\u00fclmektedir. Hayat enerjimiz (Qi) meridyen olarak adland\u0131r\u0131lan bu iki \u00e7izginin aras\u0131nda akar. Bu \u00e7izgiler sadece birbiriyle de\u011fil, v\u00fccudun organlar\u0131yla ve bu organlar\u0131n farkl\u0131 i\u015flevleriyle de ba\u011flant\u0131l\u0131d\u0131r.<\/p><p>TCM kapsam\u0131nda hayat\u0131n bu ak\u0131\u015f\u0131n\u0131 olumlu y\u00f6nde ileten \u00e7e\u015fitli metotlar vad\u0131r. \u00d6rne\u011fin, bireysel ila\u00e7 kar\u0131\u015f\u0131mlar\u0131, beslenme dan\u0131\u015fmanl\u0131\u011f\u0131 ve akupunktur uygulan\u0131r. Bu tedavi erkeklerde ve kad\u0131nlarda do\u011furgan\u015f\u0131\u011f\u0131n iyile\u015ftirilmesine yol a\u00e7abilir.<\/p><p><strong>Tedavi s\u00fcreci<\/strong><\/p><p>S\u0131k\u0131 ve ba\u015far\u0131l\u0131 bir i\u015fbirli\u011fi, devlet sertifikas\u0131na sahip olan sa\u011fl\u0131k pratisyeni Bayan Frau <a href=\"http:\/\/www.tcmnhildebrandt.de\" target=\"_blank\" rel=\"noopener\">Nicole Hildebrandt\u00bb<\/a> ile bizi birbirimize ba\u011fl\u0131yor. Kendisi, Moers&#8217;da bulunan muayenehanesinde faaliyet g\u00f6stermektedir.<\/p><p>Download: <a href=\"https:\/\/kinderwunsch-gelsenkirchen.de\/wp-content\/uploads\/2021\/12\/Dokument_2021-12-22_095512.pdf\" target=\"_blank\" rel=\"noopener\">Flyer TCM Nicole Hildebrandt \u00bb<\/a><\/p><\/div>\t\t\t\t\t\t\t\t<\/div>\n\t\t\t\t<\/div>\n\t\t\t\t\t<\/div>\n\t\t<\/div>\n\t\t\t\t\t<\/div>\n\t\t<\/section>\n\t\t\t\t<\/div>\n\t\t","protected":false},"excerpt":{"rendered":"<p>Genel bilgiler Yin ve Yang kutuplar\u0131 aras\u0131ndaki ahenkli uyum, geleneksel \u00c7in t\u0131bb\u0131nda (TCM) sa\u011fl\u0131kl\u0131 ve mutlu bir hayat\u0131n temeli olarak g\u00f6r\u00fclmektedir. Hayat enerjimiz (Qi) meridyen olarak adland\u0131r\u0131lan bu iki \u00e7izginin aras\u0131nda akar. Bu \u00e7izgiler sadece birbiriyle de\u011fil, v\u00fccudun organlar\u0131yla ve bu organlar\u0131n farkl\u0131 i\u015flevleriyle de ba\u011flant\u0131l\u0131d\u0131r. TCM kapsam\u0131nda hayat\u0131n bu ak\u0131\u015f\u0131n\u0131 olumlu y\u00f6nde ileten \u00e7e\u015fitli [&hellip;]<\/p>\n","protected":false},"author":17,"featured_media":0,"parent":0,"menu_order":0,"comment_status":"closed","ping_status":"closed","template":"","meta":{"slim_seo":{"title":"Geleneksel \u00c7in t\u0131bb\u0131 (TCM) ve embriyon transferinde akupunktur - Kinderwunschzentrum Gelsenkirchen","description":"Genel bilgiler Yin ve Yang kutuplar\u0131 aras\u0131ndaki ahenkli uyum, geleneksel \u00c7in t\u0131bb\u0131nda (TCM) sa\u011fl\u0131kl\u0131 ve mutlu bir hayat\u0131n temeli olarak g\u00f6r\u00fclmektedir. Hayat ene"},"footnotes":""},"page-layout":[71],"class_list":["post-6012","page","type-page","status-publish","hentry","page-layout-layout-001"],"_links":{"self":[{"href":"https:\/\/kinderwunsch-gelsenkirchen.de\/tr\/wp-json\/wp\/v2\/pages\/6012","targetHints":{"allow":["GET"]}}],"collection":[{"href":"https:\/\/kinderwunsch-gelsenkirchen.de\/tr\/wp-json\/wp\/v2\/pages"}],"about":[{"href":"https:\/\/kinderwunsch-gelsenkirchen.de\/tr\/wp-json\/wp\/v2\/types\/page"}],"author":[{"embeddable":true,"href":"https:\/\/kinderwunsch-gelsenkirchen.de\/tr\/wp-json\/wp\/v2\/users\/17"}],"replies":[{"embeddable":true,"href":"https:\/\/kinderwunsch-gelsenkirchen.de\/tr\/wp-json\/wp\/v2\/comments?post=6012"}],"version-history":[{"count":1,"href":"https:\/\/kinderwunsch-gelsenkirchen.de\/tr\/wp-json\/wp\/v2\/pages\/6012\/revisions"}],"predecessor-version":[{"id":8486,"href":"https:\/\/kinderwunsch-gelsenkirchen.de\/tr\/wp-json\/wp\/v2\/pages\/6012\/revisions\/8486"}],"wp:attachment":[{"href":"https:\/\/kinderwunsch-gelsenkirchen.de\/tr\/wp-json\/wp\/v2\/media?parent=6012"}],"wp:term":[{"taxonomy":"page-layout","embeddable":true,"href":"https:\/\/kinderwunsch-gelsenkirchen.de\/tr\/wp-json\/wp\/v2\/page-layout?post=6012"}],"curies":[{"name":"wp","href":"https:\/\/api.w.org\/{rel}","templated":true}]}}