{"id":5957,"date":"2021-01-11T19:23:04","date_gmt":"2021-01-11T18:23:04","guid":{"rendered":"https:\/\/kiwuge.smartini.de\/?page_id=5957"},"modified":"2021-01-11T19:23:48","modified_gmt":"2021-01-11T18:23:48","slug":"95-partnerin-spermleri-ile-inseminasyon-homolog-inseminasyon","status":"publish","type":"page","link":"https:\/\/kinderwunsch-gelsenkirchen.de\/tr\/terapiler\/95-partnerin-spermleri-ile-inseminasyon-homolog-inseminasyon\/","title":{"rendered":"Partnerin spermleri ile inseminasyon \u2013 homolog inseminasyon"},"content":{"rendered":"\t\t<div data-elementor-type=\"wp-page\" data-elementor-id=\"5957\" class=\"elementor elementor-5957 elementor-5955\" data-elementor-post-type=\"page\">\n\t\t\t\t\t\t<section class=\"elementor-section elementor-top-section elementor-element elementor-element-9f57025 elementor-section-full_width elementor-section-height-default elementor-section-height-default\" data-id=\"9f57025\" data-element_type=\"section\" data-e-type=\"section\" data-settings=\"{&quot;jet_parallax_layout_list&quot;:[{&quot;jet_parallax_layout_image&quot;:{&quot;url&quot;:&quot;&quot;,&quot;id&quot;:&quot;&quot;,&quot;size&quot;:&quot;&quot;},&quot;_id&quot;:&quot;fb0dbf2&quot;,&quot;jet_parallax_layout_image_tablet&quot;:{&quot;url&quot;:&quot;&quot;,&quot;id&quot;:&quot;&quot;,&quot;size&quot;:&quot;&quot;},&quot;jet_parallax_layout_image_mobile&quot;:{&quot;url&quot;:&quot;&quot;,&quot;id&quot;:&quot;&quot;,&quot;size&quot;:&quot;&quot;},&quot;jet_parallax_layout_speed&quot;:{&quot;unit&quot;:&quot;%&quot;,&quot;size&quot;:50,&quot;sizes&quot;:[]},&quot;jet_parallax_layout_type&quot;:&quot;scroll&quot;,&quot;jet_parallax_layout_direction&quot;:&quot;1&quot;,&quot;jet_parallax_layout_fx_direction&quot;:null,&quot;jet_parallax_layout_z_index&quot;:&quot;&quot;,&quot;jet_parallax_layout_bg_x&quot;:50,&quot;jet_parallax_layout_bg_x_tablet&quot;:&quot;&quot;,&quot;jet_parallax_layout_bg_x_mobile&quot;:&quot;&quot;,&quot;jet_parallax_layout_bg_y&quot;:50,&quot;jet_parallax_layout_bg_y_tablet&quot;:&quot;&quot;,&quot;jet_parallax_layout_bg_y_mobile&quot;:&quot;&quot;,&quot;jet_parallax_layout_bg_size&quot;:&quot;auto&quot;,&quot;jet_parallax_layout_bg_size_tablet&quot;:&quot;&quot;,&quot;jet_parallax_layout_bg_size_mobile&quot;:&quot;&quot;,&quot;jet_parallax_layout_animation_prop&quot;:&quot;transform&quot;,&quot;jet_parallax_layout_on&quot;:[&quot;desktop&quot;,&quot;tablet&quot;]}]}\">\n\t\t\t\t\t\t<div class=\"elementor-container elementor-column-gap-no\">\n\t\t\t\t\t<div class=\"elementor-column elementor-col-100 elementor-top-column elementor-element elementor-element-87f3c3c\" data-id=\"87f3c3c\" data-element_type=\"column\" data-e-type=\"column\">\n\t\t\t<div class=\"elementor-widget-wrap elementor-element-populated\">\n\t\t\t\t\t\t<div class=\"elementor-element elementor-element-3a1b528 elementor-widget elementor-widget-heading\" data-id=\"3a1b528\" data-element_type=\"widget\" data-e-type=\"widget\" data-widget_type=\"heading.default\">\n\t\t\t\t<div class=\"elementor-widget-container\">\n\t\t\t\t\t<h1 class=\"elementor-heading-title elementor-size-default\">Partnerin spermleri ile inseminasyon \u2013 homolog inseminasyon<\/h1>\t\t\t\t<\/div>\n\t\t\t\t<\/div>\n\t\t\t\t<div class=\"elementor-element elementor-element-976f305 elementor-widget elementor-widget-text-editor\" data-id=\"976f305\" data-element_type=\"widget\" data-e-type=\"widget\" data-widget_type=\"text-editor.default\">\n\t\t\t\t<div class=\"elementor-widget-container\">\n\t\t\t\t\t\t\t\t\t<p>D\u00f6llenme, sperm kalites d\u00fc\u015f\u00fck derecede s\u0131n\u0131rland\u0131\u011f\u0131nda veya spermler ile rahim a\u011fz\u0131 mukozas\u0131 aras\u0131nda bir uyu\u00e7\u015fmazl\u0131k meydana geldi\u011finde hamileli\u011fe ula\u015f\u0131lmas\u0131n\u0131 sa\u011flayan ve komplike olmayan bir yoldur.<\/p><p>Yumurtlamadan k\u0131sa bir s\u00fcre \u00f6nce, partnerin haz\u0131rlanan ve \u00e7ok konsantre hale getirilen sperm \u00f6rne\u011fi, yumu\u015fak bir plastik kateter vas\u0131tas\u0131yla do\u011frudan do\u011fruya rahim a\u011fz\u0131na yerle\u015ftirilir. Bu tedavi kad\u0131n i\u00e7in kanseri erken te\u015fhis etmek amac\u0131yla yap\u0131lan bir muayeneden daha masrafl\u0131 de\u011fildir.<\/p><p>Y\u00fcksek bir hamilelik oran\u0131 elde etmek i\u00e7in, hormon terapisinin (yukar\u0131ya bak\u0131n\u0131z) ve d\u00f6llenmenin (Insemination) kombine hale getirilmesi anlaml\u0131 olabilir.<\/p>\t\t\t\t\t\t\t\t<\/div>\n\t\t\t\t<\/div>\n\t\t\t\t\t<\/div>\n\t\t<\/div>\n\t\t\t\t\t<\/div>\n\t\t<\/section>\n\t\t\t\t<\/div>\n\t\t","protected":false},"excerpt":{"rendered":"<p>D\u00f6llenme, sperm kalites d\u00fc\u015f\u00fck derecede s\u0131n\u0131rland\u0131\u011f\u0131nda veya spermler ile rahim a\u011fz\u0131 mukozas\u0131 aras\u0131nda bir uyu\u00e7\u015fmazl\u0131k meydana geldi\u011finde hamileli\u011fe ula\u015f\u0131lmas\u0131n\u0131 sa\u011flayan ve komplike olmayan bir yoldur. Yumurtlamadan k\u0131sa bir s\u00fcre \u00f6nce, partnerin haz\u0131rlanan ve \u00e7ok konsantre hale getirilen sperm \u00f6rne\u011fi, yumu\u015fak bir plastik kateter vas\u0131tas\u0131yla do\u011frudan do\u011fruya rahim a\u011fz\u0131na yerle\u015ftirilir. Bu tedavi kad\u0131n i\u00e7in kanseri erken [&hellip;]<\/p>\n","protected":false},"author":17,"featured_media":0,"parent":5910,"menu_order":0,"comment_status":"closed","ping_status":"closed","template":"","meta":{"slim_seo":{"title":"Partnerin spermleri ile inseminasyon \u2013 homolog inseminasyon - Kinderwunschzentrum Gelsenkirchen","description":"D\u00f6llenme, sperm kalites d\u00fc\u015f\u00fck derecede s\u0131n\u0131rland\u0131\u011f\u0131nda veya spermler ile rahim a\u011fz\u0131 mukozas\u0131 aras\u0131nda bir uyu\u00e7\u015fmazl\u0131k meydana geldi\u011finde hamileli\u011fe ula\u015f\u0131lmas\u0131n\u0131"},"footnotes":""},"page-layout":[71],"class_list":["post-5957","page","type-page","status-publish","hentry","page-layout-layout-001"],"_links":{"self":[{"href":"https:\/\/kinderwunsch-gelsenkirchen.de\/tr\/wp-json\/wp\/v2\/pages\/5957","targetHints":{"allow":["GET"]}}],"collection":[{"href":"https:\/\/kinderwunsch-gelsenkirchen.de\/tr\/wp-json\/wp\/v2\/pages"}],"about":[{"href":"https:\/\/kinderwunsch-gelsenkirchen.de\/tr\/wp-json\/wp\/v2\/types\/page"}],"author":[{"embeddable":true,"href":"https:\/\/kinderwunsch-gelsenkirchen.de\/tr\/wp-json\/wp\/v2\/users\/17"}],"replies":[{"embeddable":true,"href":"https:\/\/kinderwunsch-gelsenkirchen.de\/tr\/wp-json\/wp\/v2\/comments?post=5957"}],"version-history":[{"count":0,"href":"https:\/\/kinderwunsch-gelsenkirchen.de\/tr\/wp-json\/wp\/v2\/pages\/5957\/revisions"}],"up":[{"embeddable":true,"href":"https:\/\/kinderwunsch-gelsenkirchen.de\/tr\/wp-json\/wp\/v2\/pages\/5910"}],"wp:attachment":[{"href":"https:\/\/kinderwunsch-gelsenkirchen.de\/tr\/wp-json\/wp\/v2\/media?parent=5957"}],"wp:term":[{"taxonomy":"page-layout","embeddable":true,"href":"https:\/\/kinderwunsch-gelsenkirchen.de\/tr\/wp-json\/wp\/v2\/page-layout?post=5957"}],"curies":[{"name":"wp","href":"https:\/\/api.w.org\/{rel}","templated":true}]}}