{"id":5939,"date":"2021-01-11T19:04:08","date_gmt":"2021-01-11T18:04:08","guid":{"rendered":"https:\/\/kiwuge.smartini.de\/?page_id=5939"},"modified":"2021-01-11T19:13:22","modified_gmt":"2021-01-11T18:13:22","slug":"98-ivf-in-vitro-fertilizasyon","status":"publish","type":"page","link":"https:\/\/kinderwunsch-gelsenkirchen.de\/tr\/terapiler\/98-ivf-in-vitro-fertilizasyon\/","title":{"rendered":"IVF \u2013 in vitro fertilizasyon"},"content":{"rendered":"\t\t<div data-elementor-type=\"wp-page\" data-elementor-id=\"5939\" class=\"elementor elementor-5939 elementor-5937\" data-elementor-post-type=\"page\">\n\t\t\t\t\t\t<section class=\"elementor-section elementor-top-section elementor-element elementor-element-9f57025 elementor-section-full_width elementor-section-height-default elementor-section-height-default\" data-id=\"9f57025\" data-element_type=\"section\" data-e-type=\"section\" data-settings=\"{&quot;jet_parallax_layout_list&quot;:[{&quot;jet_parallax_layout_image&quot;:{&quot;url&quot;:&quot;&quot;,&quot;id&quot;:&quot;&quot;,&quot;size&quot;:&quot;&quot;},&quot;_id&quot;:&quot;fb0dbf2&quot;,&quot;jet_parallax_layout_image_tablet&quot;:{&quot;url&quot;:&quot;&quot;,&quot;id&quot;:&quot;&quot;,&quot;size&quot;:&quot;&quot;},&quot;jet_parallax_layout_image_mobile&quot;:{&quot;url&quot;:&quot;&quot;,&quot;id&quot;:&quot;&quot;,&quot;size&quot;:&quot;&quot;},&quot;jet_parallax_layout_speed&quot;:{&quot;unit&quot;:&quot;%&quot;,&quot;size&quot;:50,&quot;sizes&quot;:[]},&quot;jet_parallax_layout_type&quot;:&quot;scroll&quot;,&quot;jet_parallax_layout_direction&quot;:&quot;1&quot;,&quot;jet_parallax_layout_fx_direction&quot;:null,&quot;jet_parallax_layout_z_index&quot;:&quot;&quot;,&quot;jet_parallax_layout_bg_x&quot;:50,&quot;jet_parallax_layout_bg_x_tablet&quot;:&quot;&quot;,&quot;jet_parallax_layout_bg_x_mobile&quot;:&quot;&quot;,&quot;jet_parallax_layout_bg_y&quot;:50,&quot;jet_parallax_layout_bg_y_tablet&quot;:&quot;&quot;,&quot;jet_parallax_layout_bg_y_mobile&quot;:&quot;&quot;,&quot;jet_parallax_layout_bg_size&quot;:&quot;auto&quot;,&quot;jet_parallax_layout_bg_size_tablet&quot;:&quot;&quot;,&quot;jet_parallax_layout_bg_size_mobile&quot;:&quot;&quot;,&quot;jet_parallax_layout_animation_prop&quot;:&quot;transform&quot;,&quot;jet_parallax_layout_on&quot;:[&quot;desktop&quot;,&quot;tablet&quot;]}]}\">\n\t\t\t\t\t\t<div class=\"elementor-container elementor-column-gap-no\">\n\t\t\t\t\t<div class=\"elementor-column elementor-col-100 elementor-top-column elementor-element elementor-element-87f3c3c\" data-id=\"87f3c3c\" data-element_type=\"column\" data-e-type=\"column\">\n\t\t\t<div class=\"elementor-widget-wrap elementor-element-populated\">\n\t\t\t\t\t\t<div class=\"elementor-element elementor-element-3a1b528 elementor-widget elementor-widget-heading\" data-id=\"3a1b528\" data-element_type=\"widget\" data-e-type=\"widget\" data-widget_type=\"heading.default\">\n\t\t\t\t<div class=\"elementor-widget-container\">\n\t\t\t\t\t<h1 class=\"elementor-heading-title elementor-size-default\">IVF \u2013 in vitro fertilizasyon<\/h1>\t\t\t\t<\/div>\n\t\t\t\t<\/div>\n\t\t\t\t<div class=\"elementor-element elementor-element-976f305 elementor-widget elementor-widget-text-editor\" data-id=\"976f305\" data-element_type=\"widget\" data-e-type=\"widget\" data-widget_type=\"text-editor.default\">\n\t\t\t\t<div class=\"elementor-widget-container\">\n\t\t\t\t\t\t\t\t\t<p>IVF (in vitro fertilisation), bir deney t\u00fcp\u00fc i\u00e7erisinde ger\u00e7ekle\u015ftirilen klasik bir d\u00f6llenme y\u00f6ntemini tan\u0131mlamaktad\u0131r. Uygun do\u011furganl\u0131k problemleri mevcut oldu\u011funda, yumurta kanal\u0131nda veya rahimde ger\u00e7ekle\u015fen d\u00f6llenme ad\u0131nlar\u0131 v\u00fccudun d\u0131\u015f\u0131nda, yani laboratuarda ger\u00e7ekle\u015ftirilir. A\u015fa\u011f\u0131da m\u00fcnferit tedavi ad\u0131mlar\u0131yla ilgili a\u00e7\u0131klamalar bulabilirsiniz.<\/p><p>Kad\u0131nda yap\u0131lan hormon tedavisinin hedefi, bir tedavi d\u00f6ng\u00fcs\u00fcnde yumurtal\u0131klarda \u00e7ok say\u0131da yumurta h\u00fccresinin olgunla\u015fmas\u0131n\u0131 sa\u011flamakt\u0131r. Hormon terapisi, g\u00fcnl\u00fck olarak enjeksiyonlar verilmesi yoluyla ger\u00e7ekle\u015ftirilir, hastalar\u0131m\u0131z itinal\u0131 bir k\u0131lavuzluk sayesinde bu i\u015flemi kendileri de evde yapabilir. Terapinin ba\u015far\u0131s\u0131 ultrason muayeneleriyle kontrol edilir. Yumurtac\u0131klar\u0131n say\u0131s\u0131na ve b\u00fcy\u00fckl\u00fc\u011f\u00fcne g\u00f6re hormon dozu bireysel olarak ayarlan\u0131r ve yumurta h\u00fccrelerinin ne zaman yumurtal\u0131klardan emilerek \u00e7\u0131kar\u0131laca\u011f\u0131na karar verilir (Folik\u00fcl ponksiyonu, a\u015fa\u011f\u0131ya bak\u0131n\u0131z). Tedavinin bu ilk 10-14 Tageng\u00fcn\u00fcnde 2-3 ultrason muayenesi gerekir.<\/p><p>Yumurta h\u00fccresinin elde edilmesi (= Folik\u00fcl ponksiyonu) ultrason deste\u011fi ile, vajinaya k\u0131sa s\u00fcreli narkoz verilerek ger\u00e7eklei\u015ftirilir. Bu tarihte partnerin taze bir sperm \u00f6rne\u011fine ihtiyac\u0131m\u0131z olacakt\u0131r. K\u0131sa bir dinlenme s\u00fcresinden sonra \u00e7iftler tekrar muayenehaneden ayr\u0131labilirler.<\/p><p>O zamana kadar \u00e7iftin ka\u00e7 embriyonun geri kalmasi gerekti\u011fini tespit etmesi \u00f6nemlidir. Bu noktada da size g\u00fcvenilir bir \u015fekilde dan\u0131\u015fmanl\u0131k hizmeti veriyoruz; \u00f6yle ki, bir yandan y\u00fcksek bir hamilelik oran\u0131 hesaba kat\u0131lmaktad\u0131r, fakat di\u011fer yandan da \u00e7o\u011ful hamilelikler engellenmektedir.<\/p><p>2-3 g\u00fcn sonra ba\u015far\u0131l\u0131 bir embriyon transferi yap\u0131labilmesi i\u00e7in, laboratuarda a\u015fa\u011f\u0131da belirtilen \u00e7al\u0131\u015fma ad\u0131mlar\u0131n\u0131n uygulanmas\u0131 gerekir:<\/p><p>Ertesi g\u00fcn, yumurta h\u00fccreleri ve spermler birlikte ink\u00fcbe edildikten yakla\u015f\u0131k 16-18 saat sonra, yumurta h\u00fccreleri ba\u015far\u0131l\u0131 bir d\u00f6llenme a\u00e7\u0131s\u0131ndan kontrol edilir. Bu ama\u00e7la, yumurta h\u00fccreleri, i\u00e7erisinde paketlenmi\u015f olduklar\u0131 &#8220;k\u00fcm\u00fcl\u00fcs h\u00fccrelerinden&#8221;yani k\u00fc\u00e7\u00fck bulutumsu h\u00fccre yuvalar\u0131ndan \u00e7\u0131kar\u0131l\u0131r. D\u00f6llenmenin ba\u015far\u0131l\u0131 olup olmad\u0131\u011f\u0131, yumurta h\u00fccrelerinin iki \u00e7ekirde\u011fi olmas\u0131ndan (yumurta h\u00fccrelerinin ortas\u0131nda bulunan ve mikroskopla iyi g\u00f6r\u00fclebilen k\u00fc\u00e7\u00fck \u00e7ukurlardan) anla\u015f\u0131l\u0131r. Bu \u00e7eekirdekler sadece bir sperm h\u00fccresinin yumurta h\u00fccresine n\u00fcfuz etmesi, hem sperm h\u00fccresinin hem de yumurta h\u00fccresinin kal\u0131tsal materyali d\u0131\u015far\u0131 \u00e7\u0131karmas\u0131 ve bu materyallerin yumurta h\u00fccresinin ortas\u0131nda yan yana kondanse olmas\u0131 durumunda olu\u015fur. Bu ana kadar kad\u0131nla erke\u011fin genleri birle\u015fmez.<\/p><p>D\u00f6llenme kontrol\u00fcn\u00fcn yap\u0131ld\u0131\u011f\u0131 g\u00fcn, d\u00f6llenen h\u00fccrelerden hangilerinin k\u00fcltivasyonuna embriyon transferi i\u00e7in devam edilece\u011fine ve ayr\u0131ca kriyo konservasyon i\u00e7in d\u00f6llenmi\u015f olan h\u00fccrelerin (a\u015fa\u011f\u0131ya bak\u0131n\u0131z) mevcut olup olmad\u0131\u011f\u0131na karar verilir.<\/p><p>\u015eimdi embriyon transferi i\u00e7in se\u00e7ilen d\u00f6llenmi\u015f yumurta h\u00fccrelerinin k\u00fcltivasyonuna devam edilir.<\/p><p>2 veya 3 g\u00fcn sonra embriyon transferi ger\u00e7ekle\u015ftirilir. Bunun anlam\u0131, essnek, ince bir plastik hortum vas\u0131tas\u0131yla 1 il\u00e2 maksimum 3 embriyonun \u00e7ok h\u00fccreli a\u015famada rahime geri yerle\u015ftirilmesidir. Bu i\u015flem i\u00e7in ba\u015fka narkoz gerekli de\u011fildir; \u00f6yle ki, bu \u00f6nemli an\u0131 birlikte ya\u015fama imkan\u0131 mevcuttur.<\/p><p>\u00c7iftlerin \u00e7o\u011fu hamilelik testi i\u00e7in 14 g\u00fcn bekl\u015fenmesini uzun ve gergin bir s\u00fcre olarak alg\u0131lamaktad\u0131r. Yumurtal\u0131k bezesi hormonu destekleninceye kadar b\u00fct\u00fcn terap\u00f6tik \u00e7al\u0131\u015fmalar sona erer; art\u0131k yerle\u015ftirme ad\u0131mlar\u0131n\u0131n etkilenmesi m\u00fcmk\u00fcn de\u011fildir.<\/p><p>14. g\u00fcn\u00fcn sabah\u0131nda kan al\u0131nd\u0131ktan sonra, \u00f6\u011frende, hamileli\u011fin ger\u00e7ekle\u015fip ger\u00e7ekle\u015fmedi\u011fini \u00f6\u011freneceksiniz.<\/p>\t\t\t\t\t\t\t\t<\/div>\n\t\t\t\t<\/div>\n\t\t\t\t\t<\/div>\n\t\t<\/div>\n\t\t\t\t\t<\/div>\n\t\t<\/section>\n\t\t\t\t<\/div>\n\t\t","protected":false},"excerpt":{"rendered":"<p>IVF (in vitro fertilisation), bir deney t\u00fcp\u00fc i\u00e7erisinde ger\u00e7ekle\u015ftirilen klasik bir d\u00f6llenme y\u00f6ntemini tan\u0131mlamaktad\u0131r. Uygun do\u011furganl\u0131k problemleri mevcut oldu\u011funda, yumurta kanal\u0131nda veya rahimde ger\u00e7ekle\u015fen d\u00f6llenme ad\u0131nlar\u0131 v\u00fccudun d\u0131\u015f\u0131nda, yani laboratuarda ger\u00e7ekle\u015ftirilir. A\u015fa\u011f\u0131da m\u00fcnferit tedavi ad\u0131mlar\u0131yla ilgili a\u00e7\u0131klamalar bulabilirsiniz. Kad\u0131nda yap\u0131lan hormon tedavisinin hedefi, bir tedavi d\u00f6ng\u00fcs\u00fcnde yumurtal\u0131klarda \u00e7ok say\u0131da yumurta h\u00fccresinin olgunla\u015fmas\u0131n\u0131 sa\u011flamakt\u0131r. Hormon terapisi, [&hellip;]<\/p>\n","protected":false},"author":17,"featured_media":0,"parent":5910,"menu_order":0,"comment_status":"closed","ping_status":"closed","template":"","meta":{"slim_seo":{"title":"IVF \u2013 in vitro fertilizasyon - Kinderwunschzentrum Gelsenkirchen","description":"IVF (in vitro fertilisation), bir deney t\u00fcp\u00fc i\u00e7erisinde ger\u00e7ekle\u015ftirilen klasik bir d\u00f6llenme y\u00f6ntemini tan\u0131mlamaktad\u0131r. Uygun do\u011furganl\u0131k problemleri mevcut old"},"footnotes":""},"page-layout":[71],"class_list":["post-5939","page","type-page","status-publish","hentry","page-layout-layout-001"],"_links":{"self":[{"href":"https:\/\/kinderwunsch-gelsenkirchen.de\/tr\/wp-json\/wp\/v2\/pages\/5939","targetHints":{"allow":["GET"]}}],"collection":[{"href":"https:\/\/kinderwunsch-gelsenkirchen.de\/tr\/wp-json\/wp\/v2\/pages"}],"about":[{"href":"https:\/\/kinderwunsch-gelsenkirchen.de\/tr\/wp-json\/wp\/v2\/types\/page"}],"author":[{"embeddable":true,"href":"https:\/\/kinderwunsch-gelsenkirchen.de\/tr\/wp-json\/wp\/v2\/users\/17"}],"replies":[{"embeddable":true,"href":"https:\/\/kinderwunsch-gelsenkirchen.de\/tr\/wp-json\/wp\/v2\/comments?post=5939"}],"version-history":[{"count":0,"href":"https:\/\/kinderwunsch-gelsenkirchen.de\/tr\/wp-json\/wp\/v2\/pages\/5939\/revisions"}],"up":[{"embeddable":true,"href":"https:\/\/kinderwunsch-gelsenkirchen.de\/tr\/wp-json\/wp\/v2\/pages\/5910"}],"wp:attachment":[{"href":"https:\/\/kinderwunsch-gelsenkirchen.de\/tr\/wp-json\/wp\/v2\/media?parent=5939"}],"wp:term":[{"taxonomy":"page-layout","embeddable":true,"href":"https:\/\/kinderwunsch-gelsenkirchen.de\/tr\/wp-json\/wp\/v2\/page-layout?post=5939"}],"curies":[{"name":"wp","href":"https:\/\/api.w.org\/{rel}","templated":true}]}}