{"id":5918,"date":"2021-01-11T18:54:09","date_gmt":"2021-01-11T17:54:09","guid":{"rendered":"https:\/\/kiwuge.smartini.de\/?page_id=5918"},"modified":"2021-01-11T18:55:23","modified_gmt":"2021-01-11T17:55:23","slug":"99-icsi-intrasitoplazmatik-sperm-enjeksiyonu","status":"publish","type":"page","link":"https:\/\/kinderwunsch-gelsenkirchen.de\/tr\/terapiler\/99-icsi-intrasitoplazmatik-sperm-enjeksiyonu\/","title":{"rendered":"ICSI \u2013 intrasitoplazmatik sperm enjeksiyonu"},"content":{"rendered":"\t\t<div data-elementor-type=\"wp-page\" data-elementor-id=\"5918\" class=\"elementor elementor-5918 elementor-5916\" data-elementor-post-type=\"page\">\n\t\t\t\t\t\t<section class=\"elementor-section elementor-top-section elementor-element elementor-element-9f57025 elementor-section-full_width elementor-section-height-default elementor-section-height-default\" data-id=\"9f57025\" data-element_type=\"section\" data-e-type=\"section\" data-settings=\"{&quot;jet_parallax_layout_list&quot;:[{&quot;jet_parallax_layout_image&quot;:{&quot;url&quot;:&quot;&quot;,&quot;id&quot;:&quot;&quot;,&quot;size&quot;:&quot;&quot;},&quot;_id&quot;:&quot;fb0dbf2&quot;,&quot;jet_parallax_layout_image_tablet&quot;:{&quot;url&quot;:&quot;&quot;,&quot;id&quot;:&quot;&quot;,&quot;size&quot;:&quot;&quot;},&quot;jet_parallax_layout_image_mobile&quot;:{&quot;url&quot;:&quot;&quot;,&quot;id&quot;:&quot;&quot;,&quot;size&quot;:&quot;&quot;},&quot;jet_parallax_layout_speed&quot;:{&quot;unit&quot;:&quot;%&quot;,&quot;size&quot;:50,&quot;sizes&quot;:[]},&quot;jet_parallax_layout_type&quot;:&quot;scroll&quot;,&quot;jet_parallax_layout_direction&quot;:&quot;1&quot;,&quot;jet_parallax_layout_fx_direction&quot;:null,&quot;jet_parallax_layout_z_index&quot;:&quot;&quot;,&quot;jet_parallax_layout_bg_x&quot;:50,&quot;jet_parallax_layout_bg_x_tablet&quot;:&quot;&quot;,&quot;jet_parallax_layout_bg_x_mobile&quot;:&quot;&quot;,&quot;jet_parallax_layout_bg_y&quot;:50,&quot;jet_parallax_layout_bg_y_tablet&quot;:&quot;&quot;,&quot;jet_parallax_layout_bg_y_mobile&quot;:&quot;&quot;,&quot;jet_parallax_layout_bg_size&quot;:&quot;auto&quot;,&quot;jet_parallax_layout_bg_size_tablet&quot;:&quot;&quot;,&quot;jet_parallax_layout_bg_size_mobile&quot;:&quot;&quot;,&quot;jet_parallax_layout_animation_prop&quot;:&quot;transform&quot;,&quot;jet_parallax_layout_on&quot;:[&quot;desktop&quot;,&quot;tablet&quot;]}]}\">\n\t\t\t\t\t\t<div class=\"elementor-container elementor-column-gap-no\">\n\t\t\t\t\t<div class=\"elementor-column elementor-col-100 elementor-top-column elementor-element elementor-element-87f3c3c\" data-id=\"87f3c3c\" data-element_type=\"column\" data-e-type=\"column\">\n\t\t\t<div class=\"elementor-widget-wrap elementor-element-populated\">\n\t\t\t\t\t\t<div class=\"elementor-element elementor-element-3a1b528 elementor-widget elementor-widget-heading\" data-id=\"3a1b528\" data-element_type=\"widget\" data-e-type=\"widget\" data-widget_type=\"heading.default\">\n\t\t\t\t<div class=\"elementor-widget-container\">\n\t\t\t\t\t<h1 class=\"elementor-heading-title elementor-size-default\">ICSI \u2013 intrasitoplazmatik sperm enjeksiyonu<\/h1>\t\t\t\t<\/div>\n\t\t\t\t<\/div>\n\t\t\t\t<div class=\"elementor-element elementor-element-976f305 elementor-widget elementor-widget-text-editor\" data-id=\"976f305\" data-element_type=\"widget\" data-e-type=\"widget\" data-widget_type=\"text-editor.default\">\n\t\t\t\t<div class=\"elementor-widget-container\">\n\t\t\t\t\t\t\t\t\t<p>Bu y\u00f6ntem, v\u00fccudun d\u0131\u015f\u0131nda ger\u00e7ekle\u015ftirilen yapay bir d\u00f6llenme \u00e7er\u00e7evesinde \u00f6zel bir laboratuar \u00e7al\u0131\u015fmas\u0131 t\u00fcr\u00fcn\u00fc a\u00e7\u0131klamaktad\u0131r.<\/p><p>Yumurta h\u00fccrelerinin ve spermlerin m\u00fc\u015ftereken bir k\u00fclt\u00fcr s\u0131v\u0131s\u0131 i\u00e7erisinde ve v\u00fccut \u015fartlar\u0131 alt\u0131nda kulu\u00e7ka makinas\u0131nda sakland\u0131\u011f\u0131 ve spermlerin yumurta h\u00fccrelerine giden yolunun etkilenmedi\u011fi konvansiyonel IVF y\u00f6ntemine kar\u015f\u0131l\u0131k, intrasitoplazmatik sperm enjeksiyonunda, yumurta h\u00fccreleri mikroskop alt\u0131nda sabit olarak tutulur ve m\u00fcnferit spermler ince cam pipetlerle do\u011frudan dopruya yumurta h\u00fccresinin i\u00e7ine enjekte edilir.<\/p><p>Bu masrafl\u0131 laboratuar y\u00f6ntemi, sperm s\u0131v\u0131s\u0131nda sadece \u00e7ok az hareket eden sperm bulunmas\u0131 durumunda se\u00e7ilir. ICSI uygulamas\u0131n\u0131n ba\u015fka bir nedeni, konvansiyonel IVF y\u00f6nteminde d\u00f6llenmenin ba\u015far\u0131s\u0131z olmas\u0131d\u0131r.<\/p><p>Nadiren, iyi bir sperm kalitesine ra\u011fmen, \u201edeney t\u00fcp\u00fcnde d\u00f6lleme&#8221; y\u00f6nteminde bir d\u00f6llenme mmeydana gelmez. Bu durumda, m\u00fcteakip d\u00f6ng\u00fc olarak se\u00e7ilen metot ICSI y\u00f6ntemidir.<\/p>\t\t\t\t\t\t\t\t<\/div>\n\t\t\t\t<\/div>\n\t\t\t\t\t<\/div>\n\t\t<\/div>\n\t\t\t\t\t<\/div>\n\t\t<\/section>\n\t\t\t\t<\/div>\n\t\t","protected":false},"excerpt":{"rendered":"<p>Bu y\u00f6ntem, v\u00fccudun d\u0131\u015f\u0131nda ger\u00e7ekle\u015ftirilen yapay bir d\u00f6llenme \u00e7er\u00e7evesinde \u00f6zel bir laboratuar \u00e7al\u0131\u015fmas\u0131 t\u00fcr\u00fcn\u00fc a\u00e7\u0131klamaktad\u0131r. Yumurta h\u00fccrelerinin ve spermlerin m\u00fc\u015ftereken bir k\u00fclt\u00fcr s\u0131v\u0131s\u0131 i\u00e7erisinde ve v\u00fccut \u015fartlar\u0131 alt\u0131nda kulu\u00e7ka makinas\u0131nda sakland\u0131\u011f\u0131 ve spermlerin yumurta h\u00fccrelerine giden yolunun etkilenmedi\u011fi konvansiyonel IVF y\u00f6ntemine kar\u015f\u0131l\u0131k, intrasitoplazmatik sperm enjeksiyonunda, yumurta h\u00fccreleri mikroskop alt\u0131nda sabit olarak tutulur ve m\u00fcnferit spermler [&hellip;]<\/p>\n","protected":false},"author":17,"featured_media":0,"parent":5910,"menu_order":0,"comment_status":"closed","ping_status":"closed","template":"","meta":{"slim_seo":{"title":"ICSI \u2013 intrasitoplazmatik sperm enjeksiyonu - Kinderwunschzentrum Gelsenkirchen","description":"Bu y\u00f6ntem, v\u00fccudun d\u0131\u015f\u0131nda ger\u00e7ekle\u015ftirilen yapay bir d\u00f6llenme \u00e7er\u00e7evesinde \u00f6zel bir laboratuar \u00e7al\u0131\u015fmas\u0131 t\u00fcr\u00fcn\u00fc a\u00e7\u0131klamaktad\u0131r. Yumurta h\u00fccrelerinin ve spermle"},"footnotes":""},"page-layout":[71],"class_list":["post-5918","page","type-page","status-publish","hentry","page-layout-layout-001"],"_links":{"self":[{"href":"https:\/\/kinderwunsch-gelsenkirchen.de\/tr\/wp-json\/wp\/v2\/pages\/5918","targetHints":{"allow":["GET"]}}],"collection":[{"href":"https:\/\/kinderwunsch-gelsenkirchen.de\/tr\/wp-json\/wp\/v2\/pages"}],"about":[{"href":"https:\/\/kinderwunsch-gelsenkirchen.de\/tr\/wp-json\/wp\/v2\/types\/page"}],"author":[{"embeddable":true,"href":"https:\/\/kinderwunsch-gelsenkirchen.de\/tr\/wp-json\/wp\/v2\/users\/17"}],"replies":[{"embeddable":true,"href":"https:\/\/kinderwunsch-gelsenkirchen.de\/tr\/wp-json\/wp\/v2\/comments?post=5918"}],"version-history":[{"count":0,"href":"https:\/\/kinderwunsch-gelsenkirchen.de\/tr\/wp-json\/wp\/v2\/pages\/5918\/revisions"}],"up":[{"embeddable":true,"href":"https:\/\/kinderwunsch-gelsenkirchen.de\/tr\/wp-json\/wp\/v2\/pages\/5910"}],"wp:attachment":[{"href":"https:\/\/kinderwunsch-gelsenkirchen.de\/tr\/wp-json\/wp\/v2\/media?parent=5918"}],"wp:term":[{"taxonomy":"page-layout","embeddable":true,"href":"https:\/\/kinderwunsch-gelsenkirchen.de\/tr\/wp-json\/wp\/v2\/page-layout?post=5918"}],"curies":[{"name":"wp","href":"https:\/\/api.w.org\/{rel}","templated":true}]}}