{"id":5872,"date":"2021-01-10T12:17:35","date_gmt":"2021-01-10T11:17:35","guid":{"rendered":"https:\/\/kiwuge.smartini.de\/?page_id=5872"},"modified":"2025-10-24T18:25:41","modified_gmt":"2025-10-24T16:25:41","slug":"ana-diagnostik","status":"publish","type":"page","link":"https:\/\/kinderwunsch-gelsenkirchen.de\/tr\/ana-diagnostik\/","title":{"rendered":"Ana diagnostik"},"content":{"rendered":"\t\t<div data-elementor-type=\"wp-page\" data-elementor-id=\"5872\" class=\"elementor elementor-5872 elementor-5269\" data-elementor-post-type=\"page\">\n\t\t\t\t\t\t<section class=\"elementor-section elementor-top-section elementor-element elementor-element-9f57025 elementor-section-full_width elementor-section-height-default elementor-section-height-default\" data-id=\"9f57025\" data-element_type=\"section\" data-e-type=\"section\" data-settings=\"{&quot;jet_parallax_layout_list&quot;:[{&quot;jet_parallax_layout_image&quot;:{&quot;url&quot;:&quot;&quot;,&quot;id&quot;:&quot;&quot;,&quot;size&quot;:&quot;&quot;},&quot;_id&quot;:&quot;fb0dbf2&quot;,&quot;jet_parallax_layout_image_tablet&quot;:{&quot;url&quot;:&quot;&quot;,&quot;id&quot;:&quot;&quot;,&quot;size&quot;:&quot;&quot;},&quot;jet_parallax_layout_image_mobile&quot;:{&quot;url&quot;:&quot;&quot;,&quot;id&quot;:&quot;&quot;,&quot;size&quot;:&quot;&quot;},&quot;jet_parallax_layout_speed&quot;:{&quot;unit&quot;:&quot;%&quot;,&quot;size&quot;:50,&quot;sizes&quot;:[]},&quot;jet_parallax_layout_type&quot;:&quot;scroll&quot;,&quot;jet_parallax_layout_direction&quot;:&quot;1&quot;,&quot;jet_parallax_layout_fx_direction&quot;:null,&quot;jet_parallax_layout_z_index&quot;:&quot;&quot;,&quot;jet_parallax_layout_bg_x&quot;:50,&quot;jet_parallax_layout_bg_x_tablet&quot;:&quot;&quot;,&quot;jet_parallax_layout_bg_x_mobile&quot;:&quot;&quot;,&quot;jet_parallax_layout_bg_y&quot;:50,&quot;jet_parallax_layout_bg_y_tablet&quot;:&quot;&quot;,&quot;jet_parallax_layout_bg_y_mobile&quot;:&quot;&quot;,&quot;jet_parallax_layout_bg_size&quot;:&quot;auto&quot;,&quot;jet_parallax_layout_bg_size_tablet&quot;:&quot;&quot;,&quot;jet_parallax_layout_bg_size_mobile&quot;:&quot;&quot;,&quot;jet_parallax_layout_animation_prop&quot;:&quot;transform&quot;,&quot;jet_parallax_layout_on&quot;:[&quot;desktop&quot;,&quot;tablet&quot;]}]}\">\n\t\t\t\t\t\t<div class=\"elementor-container elementor-column-gap-no\">\n\t\t\t\t\t<div class=\"elementor-column elementor-col-100 elementor-top-column elementor-element elementor-element-87f3c3c\" data-id=\"87f3c3c\" data-element_type=\"column\" data-e-type=\"column\">\n\t\t\t<div class=\"elementor-widget-wrap elementor-element-populated\">\n\t\t\t\t\t\t<div class=\"elementor-element elementor-element-3a1b528 elementor-widget elementor-widget-heading\" data-id=\"3a1b528\" data-element_type=\"widget\" data-e-type=\"widget\" data-widget_type=\"heading.default\">\n\t\t\t\t<div class=\"elementor-widget-container\">\n\t\t\t\t\t<h1 class=\"elementor-heading-title elementor-size-default\">Ana diagnostik<\/h1>\t\t\t\t<\/div>\n\t\t\t\t<\/div>\n\t\t\t\t<div class=\"elementor-element elementor-element-976f305 elementor-widget elementor-widget-text-editor\" data-id=\"976f305\" data-element_type=\"widget\" data-e-type=\"widget\" data-widget_type=\"text-editor.default\">\n\t\t\t\t<div class=\"elementor-widget-container\">\n\t\t\t\t\t\t\t\t\t<div class=\"content\"><h1>Her terapinin \u00f6n\u00fcnce iyi bir diyagnostik vard\u0131r.<\/h1><p>En modern teknik ve hedefe y\u00f6nelik tutum sayesinde en k\u0131sa s\u00fcrede \u00e7ocu\u011funuzun olmamas\u0131 ile ilgili sebepler ve tedavi imkanlar\u0131 konusunda bilgi edineceksiniz. Genellikle diyagnostik ve terapi ba\u015ftan itibaren el ele gider.<\/p><p>Her zaman sorular\u0131n\u0131z\u0131 ki\u015fisel bir g\u00f6r\u00fc\u015fmede cevaplamak, bizim i\u00e7in \u00f6zellikle \u00f6nemlidir.<\/p><p>A\u015fa\u011f\u0131da yer alan b\u00f6l\u00fcmde diyagnostik ad\u0131mlar ile ilgili ilk a\u00e7\u0131klamalar\u0131 bulacaks\u0131n\u0131z.<\/p><div id=\"accordion-3-5ffadc377d5df\" class=\"wk-accordion wk-accordion-default clearfix\"><div class=\"content clearfix content-wrapper\" style=\"overflow: hidden; display: none; height: 0px;\"><h1>Andrologische Diagnostik<\/h1><p>Vor jeder Therapie wird bei uns ein Basisspermiogramm angefertigt. Hier werden Anzahl, Beweglichkeit und Intaktheit der Spermien \u00fcberpr\u00fcft.<\/p><p>F\u00fcr die Therapieentscheidung kann es wichtig sein, eine Aufbereitung der Spermaprobe durchzuf\u00fchren. Dies erm\u00f6glicht die Beurteilung der Langzeitbefruchtungsf\u00e4higkeit der Spermien.<\/p><div class=\"elementor-element elementor-element-152cc10 elementor-widget elementor-widget-accordion\" data-id=\"152cc10\" data-element_type=\"widget\" data-widget_type=\"accordion.default\"><div class=\"elementor-widget-container\"><div class=\"elementor-accordion\" role=\"tablist\"><div class=\"elementor-accordion-item\"><h3 id=\"elementor-tab-title-2221\" class=\"elementor-tab-title elementor-active\" role=\"tab\" data-tab=\"1\" aria-controls=\"elementor-tab-content-2221\"><span class=\"elementor-accordion-icon elementor-accordion-icon-left\" aria-hidden=\"true\"><br \/><i class=\"fas fa-plus\"><\/i><br \/><i class=\"fas fa-minus\"><\/i><br \/><\/span><br \/><a class=\"elementor-accordion-title\">Kryokonservierung von unbefruchteten Eizellen<\/a><\/h3><div id=\"elementor-tab-content-2221\" class=\"elementor-tab-content elementor-clearfix elementor-active\" style=\"display: block;\" role=\"tabpanel\" data-tab=\"1\" aria-labelledby=\"elementor-tab-title-2221\"><p>Die Fruchtbarkeit zu sch\u00fctzen ist heute ebenso f\u00fcr Frauen m\u00f6glich, auch wenn das Eizellbanking noch nicht sehr gel\u00e4ufig ist. Das liegt daran, dass diese Methode aufwendiger als bei M\u00e4nnern ist und erst in den letzten Jahren experimentell zur Anwendung gebracht wurde. Man ben\u00f6tigt hierf\u00fcr eine hormonelle Vorbehandlung von ca. 14 Tagen und eine Entnahme der Eizellen durch Follikelpunktion.<\/p><p>Nach Kryokonservierung und Lagerung in fl\u00fcssigem Stickstoff bei \u2013196 \u00b0C stehen diese sp\u00e4ter f\u00fcr eine k\u00fcnstliche Befruchtung (IVF) zur Verf\u00fcgung. Unbefruchtete Eizellen \u00fcberleben das Einfrieren und Auftauen dank moderner Einfriermethoden (Vitrifikation) fast wie befruchtete Eizellen. Wenn die \u00fcberlebenden Eizellen einer k\u00fcnstlichen Befruchtung zugef\u00fchrt werden, kann man damit rechnen, dass ca. die H\u00e4lfte der Eizellen befruchtet wird.<\/p><p>Ein mehrstufiges Sicherheitssystem sch\u00fctzt vor Verwechslungen und Verlust.<\/p><p>Weltweit sind mehr als 100 Geburten nach dem Einfrieren unbefruchteter Eizellen beschrieben. Auch wir bieten Ihnen bei Bedarf die Vitrifikation von Eizellen an. Alternativ gibt es auch die M\u00f6glichkeit Eierstockgewebe einzufrieren, \u00fcber die wir Sie gerne beraten werden.<\/p><div class=\"elementor-accordion-item\"><h3 id=\"elementor-tab-title-2222\" class=\"elementor-tab-title\" role=\"tab\" data-tab=\"2\" aria-controls=\"elementor-tab-content-2222\"><span class=\"elementor-accordion-icon elementor-accordion-icon-left\" aria-hidden=\"true\"><br \/><i class=\"fas fa-plus\"><\/i><br \/><i class=\"fas fa-minus\"><\/i><br \/><\/span><br \/><a class=\"elementor-accordion-title\">Kryokonservierung befruchteter Eizellen<\/a><\/h3><div id=\"elementor-tab-content-2222\" class=\"elementor-tab-content elementor-clearfix\" role=\"tabpanel\" data-tab=\"2\" aria-labelledby=\"elementor-tab-title-2222\"><div class=\"content clearfix content-wrapper\" style=\"overflow: hidden; display: block;\"><div><p>Wenn die erkrankte Frau in einer festen Partnerschaft lebt, ist das Einfrieren von befruchteten Eizellen nach einer daf\u00fcr notwendigen hormonellen Stimulation und Eizellentnahme in Allgemeinnarkose eine sehr gute Option. Eingefroren werden die befruchteten Eizellen im \u201eVorkernstadium\u201c, d.h. einen Tag nach der Follikelpunktion, bevor es zur Verschmelzung von m\u00e4nnlichem und weiblichem Chromosomensatz gekommen ist. Notwendig ist daf\u00fcr ein technisch aufwendiges, langsames Herunterk\u00fchlen der Eizellen, um die bei jedem Einfriervorgang entstehende Kristallbildung m\u00f6glichst gering zu halten.<\/p><\/div><p>Ein mehrstufiges Sicherheitssystem sch\u00fctzt vor Verwechslungen und Verlust.<\/p><p>Das Einfrieren und Auftauen \u00fcberleben befruchtete Eizellen mit einer ca. 80%igen Chance. F\u00fcr den Fall, dass nach der Behandlung der Grunderkrankung die Fruchtbarkeit nachhaltig Schaden genommen hat, kann eine Schwangerschaft dann mit Hilfe der zuvor eingelagerten befruchteten Eizellen herbeigef\u00fchrt werden.<\/p><p>Wichtig ist, dass diese Methode nur angewandt werden darf, wenn die Partnerschaft noch fortbesteht und beide Partner dem Embryotransfer zustimmen. Diese Prozedur ist aus Sicht der Frau und unter dem Aspekt der Vorsorge daher nur sinnvoll, wenn die Partnerschaft fortdauert.<\/p><div class=\"inlinediagramme\">\u00a0<\/div><\/div><\/div><\/div><div class=\"elementor-accordion-item\"><h3 id=\"elementor-tab-title-2223\" class=\"elementor-tab-title\" role=\"tab\" data-tab=\"3\" aria-controls=\"elementor-tab-content-2223\"><span class=\"elementor-accordion-icon elementor-accordion-icon-left\" aria-hidden=\"true\"><br \/><i class=\"fas fa-plus\"><\/i><br \/><i class=\"fas fa-minus\"><\/i><br \/><\/span><br \/><a class=\"elementor-accordion-title\">Kryokonservierung von Samenzellen<\/a><\/h3><div id=\"elementor-tab-content-2223\" class=\"elementor-tab-content elementor-clearfix\" role=\"tabpanel\" data-tab=\"3\" aria-labelledby=\"elementor-tab-title-2223\"><p>Ebenso k\u00f6nnen Samenzellen aus der Samenfl\u00fcssigkeit oder aus dem Hodengewebe kryokonserviert und aufbewahrt werden. Unabh\u00e4ngig von einer bereits begonnenen Sterilit\u00e4tstherapie besteht die M\u00f6glichkeit Samenproben bei uns einfrieren zu lassen, wenn die Gefahr einer Fruchtbarkeitssch\u00e4digung droht. Dies ist z. B. bei M\u00e4nnern der Fall, die aufgrund einer Krebserkrankung eine Chemo- oder Strahlentherapie durchf\u00fchren lassen m\u00fcssen. Chemo- und Strahlentherapien k\u00f6nnen das Hodengewebe so sch\u00e4digen, dass nach Heilung der Krebserkrankung keine Spermien mehr in der Samenfl\u00fcssigkeit nachweisbar sind.<\/p><p>Wenn zuvor Spermien kryokonserviert wurden (Spermabanking) und nach einer erfolgreichen Krebsbehandlung die Zeugungsf\u00e4higkeit nachhaltig eingeb\u00fc\u00dft sein sollte, kann mit Hilfe des vor der Behandlung angelegten Samendepots noch viele Jahre sp\u00e4ter ein Kind gezeugt werden.<br \/>In manchen F\u00e4llen ist dann zwar die Hilfe eines Reproduktionsmediziners erforderlich, aber eine leibliche Vaterschaft ist gut m\u00f6glich.<\/p><p>Nach Kryokonservierung von Spermien empfehlen wir ein Kontrollspermiogramm ca. ein halbes Jahr nach abgeschlossener Therapie. Wenn die Spermienproduktion erhalten geblieben ist, k\u00f6nnen die eingefrorenen Proben aufgetaut und verworfen werden.<\/p><p>Ein mehrstufiges Sicherheitssystem sch\u00fctzt vor Verwechslungen und Verlust.<\/p><p>Samenzellen k\u00f6nnen auch dann auf Wunsch eingefroren werden, wenn der Mann beruflich z. B. viel auf Reisen ist und eine Anwesenheit am Tag der Eizellentnahme seiner Frau nicht m\u00f6glich ist. Die Kinderwunschbehandlung kann dann trotzdem erfolgen.<\/p><\/div><\/div><\/div><\/div><\/div><\/div><\/div><\/div><\/div><\/div>\t\t\t\t\t\t\t\t<\/div>\n\t\t\t\t<\/div>\n\t\t\t\t<div class=\"elementor-element elementor-element-316d110 elementor-widget elementor-widget-accordion\" data-id=\"316d110\" data-element_type=\"widget\" data-e-type=\"widget\" data-widget_type=\"accordion.default\">\n\t\t\t\t<div class=\"elementor-widget-container\">\n\t\t\t\t\t\t\t<div class=\"elementor-accordion\">\n\t\t\t\t\t\t\t<div class=\"elementor-accordion-item\">\n\t\t\t\t\t<h3 id=\"elementor-tab-title-5181\" class=\"elementor-tab-title\" data-tab=\"1\" role=\"button\" aria-controls=\"elementor-tab-content-5181\" aria-expanded=\"false\">\n\t\t\t\t\t\t\t\t\t\t\t\t\t<span class=\"elementor-accordion-icon elementor-accordion-icon-left\" aria-hidden=\"true\">\n\t\t\t\t\t\t\t\t\t\t\t\t\t\t\t<span class=\"elementor-accordion-icon-closed\"><i class=\"fas fa-plus\"><\/i><\/span>\n\t\t\t\t\t\t\t\t<span class=\"elementor-accordion-icon-opened\"><i class=\"fas fa-minus\"><\/i><\/span>\n\t\t\t\t\t\t\t\t\t\t\t\t\t\t<\/span>\n\t\t\t\t\t\t\t\t\t\t\t\t<a class=\"elementor-accordion-title\" tabindex=\"0\">Hormon diagnosti\u011fi<\/a>\n\t\t\t\t\t<\/h3>\n\t\t\t\t\t<div id=\"elementor-tab-content-5181\" class=\"elementor-tab-content elementor-clearfix\" data-tab=\"1\" role=\"region\" aria-labelledby=\"elementor-tab-title-5181\"><p>Bir kontrol d\u00f6ng\u00fcs\u00fc \u00e7er\u00e7evesinde, d\u00f6ng\u00fcn\u00fcn ba\u015flang\u0131c\u0131nda (d\u00f6ng\u00fcn\u00fcn 2.-4. g\u00fcn\u00fc) kad\u0131n\u0131n yumurta h\u00fccresinin olgunlu\u011funu etkileyen hormonlar\u0131 kontrol edilir. Bu hormonlar hipofiz bezi, tiroid bezi, yumurtal\u0131k, yan b\u00f6brek bezleridir. Hormon konsantrasyonunda d\u00f6ng\u00fc s\u00fcresince dalga\u015fanmalar g\u00f6r\u00fcld\u00fc\u011f\u00fc i\u00e7in, d\u00f6ng\u00fcn\u00fcn ba\u015flang\u0131c\u0131nda belirlenen bir zamanda kan al\u0131nmas\u0131 \u00f6nemlidir.<\/p><p>Bu bazal kan al\u0131m\u0131 s\u0131ras\u0131nda dikkat \u00e7eken durumlar ortaya \u00e7\u0131karsa, problem\u015fn sebebi hakk\u0131nda bilgi verecek olan belirli fonksiyon testleri yap\u0131labilir.<\/p><\/div>\n\t\t\t\t<\/div>\n\t\t\t\t\t\t\t<div class=\"elementor-accordion-item\">\n\t\t\t\t\t<h3 id=\"elementor-tab-title-5182\" class=\"elementor-tab-title\" data-tab=\"2\" role=\"button\" aria-controls=\"elementor-tab-content-5182\" aria-expanded=\"false\">\n\t\t\t\t\t\t\t\t\t\t\t\t\t<span class=\"elementor-accordion-icon elementor-accordion-icon-left\" aria-hidden=\"true\">\n\t\t\t\t\t\t\t\t\t\t\t\t\t\t\t<span class=\"elementor-accordion-icon-closed\"><i class=\"fas fa-plus\"><\/i><\/span>\n\t\t\t\t\t\t\t\t<span class=\"elementor-accordion-icon-opened\"><i class=\"fas fa-minus\"><\/i><\/span>\n\t\t\t\t\t\t\t\t\t\t\t\t\t\t<\/span>\n\t\t\t\t\t\t\t\t\t\t\t\t<a class=\"elementor-accordion-title\" tabindex=\"0\">D\u00f6ng\u00fc g\u00f6r\u00fcnt\u00fcleme<\/a>\n\t\t\t\t\t<\/h3>\n\t\t\t\t\t<div id=\"elementor-tab-content-5182\" class=\"elementor-tab-content elementor-clearfix\" data-tab=\"2\" role=\"region\" aria-labelledby=\"elementor-tab-title-5182\"><p>D\u00f6ng\u00fc s\u00fcresince ultrason muayeneleriyle ve hormon kontrolleriyle ki\u015fisel yumurtlaman\u0131n ne zaman ger\u00e7ekle\u015fti\u011finin ve ger\u00e7ekle\u015fip ger\u00e7ekle\u015fmedi\u011finin ve yumurta h\u00fccresinin kalitesi a\u00e7\u0131s\u0131ndan \u00f6nem ta\u015f\u0131yan hormonlar\u0131n d\u00f6ng\u00fc s\u00fcresince nas\u0131l de\u011fi\u015fti\u011finin tespit edilmesi, \u00e7o\u011fu zaman anlaml\u0131d\u0131r. Bu \u00e7er\u00e7evede, d\u00f6ng\u00fcn\u00fcn ikinci yar\u0131s\u0131nda d\u00f6llenmi\u015f olan yumurta h\u00fccreleri i\u00e7in iyi yerle\u015fme \u015fartlar\u0131 olu\u015fturulmas\u0131n\u0131 sa\u011flayan yumurta bezesi hormonu da kontrol edilir.<\/p><\/div>\n\t\t\t\t<\/div>\n\t\t\t\t\t\t\t<div class=\"elementor-accordion-item\">\n\t\t\t\t\t<h3 id=\"elementor-tab-title-5183\" class=\"elementor-tab-title\" data-tab=\"3\" role=\"button\" aria-controls=\"elementor-tab-content-5183\" aria-expanded=\"false\">\n\t\t\t\t\t\t\t\t\t\t\t\t\t<span class=\"elementor-accordion-icon elementor-accordion-icon-left\" aria-hidden=\"true\">\n\t\t\t\t\t\t\t\t\t\t\t\t\t\t\t<span class=\"elementor-accordion-icon-closed\"><i class=\"fas fa-plus\"><\/i><\/span>\n\t\t\t\t\t\t\t\t<span class=\"elementor-accordion-icon-opened\"><i class=\"fas fa-minus\"><\/i><\/span>\n\t\t\t\t\t\t\t\t\t\t\t\t\t\t<\/span>\n\t\t\t\t\t\t\t\t\t\t\t\t<a class=\"elementor-accordion-title\" tabindex=\"0\">Sperm mukus etkile\u015fim testi<\/a>\n\t\t\t\t\t<\/h3>\n\t\t\t\t\t<div id=\"elementor-tab-content-5183\" class=\"elementor-tab-content elementor-clearfix\" data-tab=\"3\" role=\"region\" aria-labelledby=\"elementor-tab-title-5183\"><p>Yumurtlamadan birka\u00e7 g\u00fcn \u00f6nce, rahim a\u011fz\u0131ndaki s\u0131v\u0131 maddede bir de\u011fi\u015fiklik meydana gelir; bu s\u0131v\u0131 madde ak\u0131c\u0131 bir hale gelir, cam berrakl\u0131\u011f\u0131nda ve iplikle\u015ftirilebilir durumdad\u0131r. B\u00f6ylece spermler i\u00e7in rahim a\u011fz\u0131nda dola\u015fabilmeleri i\u00e7in iyi bir imkan ortaya \u00e7\u0131kar.<\/p><p>Bir post koital testi (cinsel ili\u015fki sonras\u0131ndaki sabah yumurtalama an\u0131nda yap\u0131lan bir muayene) \u00e7er\u00e7evesinde, rahim a\u011fz\u0131ndan al\u0131nan s\u0131v\u0131 madde incelenir.<\/p><p>Hem bu s\u0131v\u0131 maddenin \u00f6zelli\u011fi, hem de bu s\u0131v\u0131 madde \u00f6rne\u011findeki spermlerin mikroskopik durumu de\u011ferlendirilir. \u00c7ok say\u0131da hareketli sperm bulunursa, \u00f6rne\u011fin, bir d\u00f6llenme ger\u00e7ekle\u015ftirilmesi durumunda bu yolla iyi bir \u015fekilde hamile kal\u0131nabilir.<\/p><\/div>\n\t\t\t\t<\/div>\n\t\t\t\t\t\t\t<div class=\"elementor-accordion-item\">\n\t\t\t\t\t<h3 id=\"elementor-tab-title-5184\" class=\"elementor-tab-title\" data-tab=\"4\" role=\"button\" aria-controls=\"elementor-tab-content-5184\" aria-expanded=\"false\">\n\t\t\t\t\t\t\t\t\t\t\t\t\t<span class=\"elementor-accordion-icon elementor-accordion-icon-left\" aria-hidden=\"true\">\n\t\t\t\t\t\t\t\t\t\t\t\t\t\t\t<span class=\"elementor-accordion-icon-closed\"><i class=\"fas fa-plus\"><\/i><\/span>\n\t\t\t\t\t\t\t\t<span class=\"elementor-accordion-icon-opened\"><i class=\"fas fa-minus\"><\/i><\/span>\n\t\t\t\t\t\t\t\t\t\t\t\t\t\t<\/span>\n\t\t\t\t\t\t\t\t\t\t\t\t<a class=\"elementor-accordion-title\" tabindex=\"0\">Mini Histeroskopi<\/a>\n\t\t\t\t\t<\/h3>\n\t\t\t\t\t<div id=\"elementor-tab-content-5184\" class=\"elementor-tab-content elementor-clearfix\" data-tab=\"4\" role=\"region\" aria-labelledby=\"elementor-tab-title-5184\"><p><strong>Genel Bilgiler<\/strong><\/p><p>Embriyonlar\u0131n ba\u015far\u0131l\u0131 bir \u015fekilde yerle\u015ftirilmesi i\u00e7in, rahim alan\u0131n\u0131n optimum durumd aolmas\u0131 \u00f6nemlidir.<\/p><p>Hastal\u0131kl\u0131 rahim durumlar\u0131n\u0131 ekarte etmek i\u00e7in, rahim histereskopisi basit bir y\u00f6ntemdir. En ince optikler sayesinde bu m\u00fcdahale narkoz olmadan da yap\u0131l\u0131r. Fakat isterseniz k\u0131sa bir narkoz da m\u00fcmk\u00fcnd\u00fcr.<\/p><p>Ara\u015ft\u0131rman\u0131n sonucu do\u011frudan do\u011fruya m\u00fcdagaleden sonra bildirilir; \u00f6yle ki, bundan sonraki terap\u00f6tik karar k\u0131sa s\u00fcrede al\u0131nabilir.<\/p><p><strong>Tedavi s\u00fcreci<\/strong><\/p><p>L\u00fctfen ilk d\u00f6ng\u00fc yar\u0131s\u0131nda bir tarih kararla\u015ft\u0131r\u0131n\u0131z.<\/p><p>M\u00fcdahale s\u00fcresi yakla\u015f\u0131k 5 dakikad\u0131r. E\u011fer planland\u0131\u011f\u0131 gibi narkoz gerekli olmazsa, hemen m\u00fcdahalenin ard\u0131ndan normal hayat\u0131n\u0131za d\u00f6nebilirsiniz. Fakat bug\u00fcn i\u00e7in hasta olarak rapor alman\u0131z m\u00fcmk\u00fcnd\u00fcr.<\/p><p><strong>Masraflar<\/strong><\/p><p>Mini histeroskopi kanuni ve \u00f6zel hastal\u0131k sigortas\u0131 \u015firketleri taraf\u0131ndan \u00f6denir.<\/p><\/div>\n\t\t\t\t<\/div>\n\t\t\t\t\t\t\t<div class=\"elementor-accordion-item\">\n\t\t\t\t\t<h3 id=\"elementor-tab-title-5185\" class=\"elementor-tab-title\" data-tab=\"5\" role=\"button\" aria-controls=\"elementor-tab-content-5185\" aria-expanded=\"false\">\n\t\t\t\t\t\t\t\t\t\t\t\t\t<span class=\"elementor-accordion-icon elementor-accordion-icon-left\" aria-hidden=\"true\">\n\t\t\t\t\t\t\t\t\t\t\t\t\t\t\t<span class=\"elementor-accordion-icon-closed\"><i class=\"fas fa-plus\"><\/i><\/span>\n\t\t\t\t\t\t\t\t<span class=\"elementor-accordion-icon-opened\"><i class=\"fas fa-minus\"><\/i><\/span>\n\t\t\t\t\t\t\t\t\t\t\t\t\t\t<\/span>\n\t\t\t\t\t\t\t\t\t\t\t\t<a class=\"elementor-accordion-title\" tabindex=\"0\">Androlojik diagnostik<\/a>\n\t\t\t\t\t<\/h3>\n\t\t\t\t\t<div id=\"elementor-tab-content-5185\" class=\"elementor-tab-content elementor-clearfix\" data-tab=\"5\" role=\"region\" aria-labelledby=\"elementor-tab-title-5185\"><p>Her terapiden \u00f6nce taraf\u0131m\u0131zca bir ana spermiyogram haz\u0131rlan\u0131r. Burada spermlerin say\u0131s\u0131, hareketlili\u011fi ve b\u00fct\u00fcnl\u00fc\u011f\u00fc\/sa\u011flaml\u0131\u011f\u0131 kontrol edilir.<\/p><p>Terapiye karar verilmesi i\u00e7in, bir spermiyogram haz\u0131rlanmas\u0131 \u00f6nemli olabilir. Bu uygulama spermlerin uzun s\u00fcreli d\u00f6llenme kabiliyetlerinin de\u011ferlendirilmesini m\u00fcmk\u00fcn k\u0131lar.<\/p><\/div>\n\t\t\t\t<\/div>\n\t\t\t\t\t\t\t\t<\/div>\n\t\t\t\t\t\t<\/div>\n\t\t\t\t<\/div>\n\t\t\t\t\t<\/div>\n\t\t<\/div>\n\t\t\t\t\t<\/div>\n\t\t<\/section>\n\t\t\t\t<\/div>\n\t\t","protected":false},"excerpt":{"rendered":"<p>Her terapinin \u00f6n\u00fcnce iyi bir diyagnostik vard\u0131r. En modern teknik ve hedefe y\u00f6nelik tutum sayesinde en k\u0131sa s\u00fcrede \u00e7ocu\u011funuzun olmamas\u0131 ile ilgili sebepler ve tedavi imkanlar\u0131 konusunda bilgi edineceksiniz. Genellikle diyagnostik ve terapi ba\u015ftan itibaren el ele gider. Her zaman sorular\u0131n\u0131z\u0131 ki\u015fisel bir g\u00f6r\u00fc\u015fmede cevaplamak, bizim i\u00e7in \u00f6zellikle \u00f6nemlidir. A\u015fa\u011f\u0131da yer alan b\u00f6l\u00fcmde diyagnostik ad\u0131mlar [&hellip;]<\/p>\n","protected":false},"author":17,"featured_media":0,"parent":0,"menu_order":0,"comment_status":"closed","ping_status":"closed","template":"","meta":{"slim_seo":{"title":"Ana diagnostik - Kinderwunschzentrum Gelsenkirchen","description":"Her terapinin \u00f6n\u00fcnce iyi bir diyagnostik vard\u0131r. En modern teknik ve hedefe y\u00f6nelik tutum sayesinde en k\u0131sa s\u00fcrede \u00e7ocu\u011funuzun olmamas\u0131 ile ilgili sebepler ve t"},"footnotes":""},"page-layout":[71],"class_list":["post-5872","page","type-page","status-publish","hentry","page-layout-layout-001"],"_links":{"self":[{"href":"https:\/\/kinderwunsch-gelsenkirchen.de\/tr\/wp-json\/wp\/v2\/pages\/5872","targetHints":{"allow":["GET"]}}],"collection":[{"href":"https:\/\/kinderwunsch-gelsenkirchen.de\/tr\/wp-json\/wp\/v2\/pages"}],"about":[{"href":"https:\/\/kinderwunsch-gelsenkirchen.de\/tr\/wp-json\/wp\/v2\/types\/page"}],"author":[{"embeddable":true,"href":"https:\/\/kinderwunsch-gelsenkirchen.de\/tr\/wp-json\/wp\/v2\/users\/17"}],"replies":[{"embeddable":true,"href":"https:\/\/kinderwunsch-gelsenkirchen.de\/tr\/wp-json\/wp\/v2\/comments?post=5872"}],"version-history":[{"count":1,"href":"https:\/\/kinderwunsch-gelsenkirchen.de\/tr\/wp-json\/wp\/v2\/pages\/5872\/revisions"}],"predecessor-version":[{"id":8482,"href":"https:\/\/kinderwunsch-gelsenkirchen.de\/tr\/wp-json\/wp\/v2\/pages\/5872\/revisions\/8482"}],"wp:attachment":[{"href":"https:\/\/kinderwunsch-gelsenkirchen.de\/tr\/wp-json\/wp\/v2\/media?parent=5872"}],"wp:term":[{"taxonomy":"page-layout","embeddable":true,"href":"https:\/\/kinderwunsch-gelsenkirchen.de\/tr\/wp-json\/wp\/v2\/page-layout?post=5872"}],"curies":[{"name":"wp","href":"https:\/\/api.w.org\/{rel}","templated":true}]}}