{"id":5830,"date":"2021-01-10T11:49:15","date_gmt":"2021-01-10T10:49:15","guid":{"rendered":"https:\/\/kiwuge.smartini.de\/?page_id=5830"},"modified":"2025-10-24T18:25:27","modified_gmt":"2025-10-24T16:25:27","slug":"erkek-acisindan","status":"publish","type":"page","link":"https:\/\/kinderwunsch-gelsenkirchen.de\/tr\/erkek-acisindan\/","title":{"rendered":"Erkek a\u00e7\u0131s\u0131ndan"},"content":{"rendered":"\t\t<div data-elementor-type=\"wp-page\" data-elementor-id=\"5830\" class=\"elementor elementor-5830 elementor-5325\" data-elementor-post-type=\"page\">\n\t\t\t\t\t\t<section class=\"elementor-section elementor-top-section elementor-element elementor-element-9f57025 elementor-section-full_width elementor-section-height-default elementor-section-height-default\" data-id=\"9f57025\" data-element_type=\"section\" data-e-type=\"section\" data-settings=\"{&quot;jet_parallax_layout_list&quot;:[{&quot;jet_parallax_layout_image&quot;:{&quot;url&quot;:&quot;&quot;,&quot;id&quot;:&quot;&quot;,&quot;size&quot;:&quot;&quot;},&quot;_id&quot;:&quot;fb0dbf2&quot;,&quot;jet_parallax_layout_image_tablet&quot;:{&quot;url&quot;:&quot;&quot;,&quot;id&quot;:&quot;&quot;,&quot;size&quot;:&quot;&quot;},&quot;jet_parallax_layout_image_mobile&quot;:{&quot;url&quot;:&quot;&quot;,&quot;id&quot;:&quot;&quot;,&quot;size&quot;:&quot;&quot;},&quot;jet_parallax_layout_speed&quot;:{&quot;unit&quot;:&quot;%&quot;,&quot;size&quot;:50,&quot;sizes&quot;:[]},&quot;jet_parallax_layout_type&quot;:&quot;scroll&quot;,&quot;jet_parallax_layout_direction&quot;:&quot;1&quot;,&quot;jet_parallax_layout_fx_direction&quot;:null,&quot;jet_parallax_layout_z_index&quot;:&quot;&quot;,&quot;jet_parallax_layout_bg_x&quot;:50,&quot;jet_parallax_layout_bg_x_tablet&quot;:&quot;&quot;,&quot;jet_parallax_layout_bg_x_mobile&quot;:&quot;&quot;,&quot;jet_parallax_layout_bg_y&quot;:50,&quot;jet_parallax_layout_bg_y_tablet&quot;:&quot;&quot;,&quot;jet_parallax_layout_bg_y_mobile&quot;:&quot;&quot;,&quot;jet_parallax_layout_bg_size&quot;:&quot;auto&quot;,&quot;jet_parallax_layout_bg_size_tablet&quot;:&quot;&quot;,&quot;jet_parallax_layout_bg_size_mobile&quot;:&quot;&quot;,&quot;jet_parallax_layout_animation_prop&quot;:&quot;transform&quot;,&quot;jet_parallax_layout_on&quot;:[&quot;desktop&quot;,&quot;tablet&quot;]}]}\">\n\t\t\t\t\t\t<div class=\"elementor-container elementor-column-gap-no\">\n\t\t\t\t\t<div class=\"elementor-column elementor-col-100 elementor-top-column elementor-element elementor-element-87f3c3c\" data-id=\"87f3c3c\" data-element_type=\"column\" data-e-type=\"column\">\n\t\t\t<div class=\"elementor-widget-wrap elementor-element-populated\">\n\t\t\t\t\t\t<div class=\"elementor-element elementor-element-3a1b528 elementor-widget elementor-widget-heading\" data-id=\"3a1b528\" data-element_type=\"widget\" data-e-type=\"widget\" data-widget_type=\"heading.default\">\n\t\t\t\t<div class=\"elementor-widget-container\">\n\t\t\t\t\t<h1 class=\"elementor-heading-title elementor-size-default\">Erkek a\u00e7\u0131s\u0131ndan<\/h1>\t\t\t\t<\/div>\n\t\t\t\t<\/div>\n\t\t\t\t<div class=\"elementor-element elementor-element-976f305 elementor-widget elementor-widget-text-editor\" data-id=\"976f305\" data-element_type=\"widget\" data-e-type=\"widget\" data-widget_type=\"text-editor.default\">\n\t\t\t\t<div class=\"elementor-widget-container\">\n\t\t\t\t\t\t\t\t\t<div class=\"content\"><p><strong>\u00c7ocuk sahibi olma terapisi daima \u00e7itflere y\u00f6nelik olarak uygulanan bir tedavidir.<\/strong><\/p><p>Bu kural, \u00e7ocuk sahibi olamama sebebinin kim oldu\u011fundan ba\u011f\u0131ms\u0131zd\u0131r. Ger\u00e7ekte sebeplerin yar\u0131s\u0131 erkeklerden, yar\u0131s\u0131 da kad\u0131nlardan kaynaklan\u0131r. Her iki tarafta da d\u00fczenli olarak do\u011furganl\u0131k a\u00e7\u0131s\u0131ndan s\u0131n\u0131rlamalar meydana gelir.<\/p><p>Esasen kad\u0131nlar bu konuya daha fazla vakit harcasa da, daima her iki partnerinde terapiye ve karara kat\u0131lmas\u0131 \u00f6nemlidir. Bu nedenle, l\u00fctfen, her zaman, g\u00f6r\u00fc\u015fmelerimize ve bilgilendirme toplant\u0131lar\u0131m\u0131za kat\u0131l\u0131n. B\u00f6ylecde do\u011fal olarak her g\u00f6r\u00fc\u015fmeye geleceksiniz ve kar\u0131n\u0131z bunu i\u00e7tenlikle kar\u015f\u0131layacakt\u0131r. Sadece bu \u015fekilde birlikte belli bir temele dayanan ve ikinizin de katk\u0131da bulundupu kararlar alabilirsiniz.<\/p><p><strong>Sperm elde edilmesi<\/strong><\/p><p>Erkeklerin \u00fc\u00e7te biri taraf\u0131ndan mast\u00fcrbasyonla sperm elde etme \u015fartlar\u0131 bir y\u00fck olarak g\u00f6r\u00fcl\u00fcr. &#8220;Erkek odas\u0131&#8221; olarak adland\u0131rd\u0131\u011f\u0131m\u0131z odada kendinizi rahat hissedece\u011finizi umuyoruz. E\u011fer her ikiniz de isterseniz, partneriniz de bu odaya gelebilir.<\/p><p>M\u00fcmk\u00fcn oldu\u011fu kadar optimum bir sonu\u00e7 elde etmek i\u00e7in, 3-5 g\u00fcnl\u00fck bir bekleme s\u00fcresine riayet edilmesi anlaml\u0131 olur.<\/p><p>B\u00fct\u00fcn bunlara ra\u011fmen sperm elde edilmesi a\u00e7\u0131s\u0131ndan problem ya\u015farsan\u0131z, s\u00fcrekli olarak sizin i\u00e7in uygun bir \u00e7\u00f6z\u00fcm bulmaya \u00e7al\u0131\u015faca\u011f\u0131z. Ta\u015f\u0131ma s\u00fcresi 30 dakikadan daha az ise, ev ortam\u0131nda sperm elde edilmesine itiraz edilmez. L\u00fctfen, bu durumda spermlerin v\u00fccut s\u0131cakl\u0131\u011f\u0131nda ta\u015f\u0131nmas\u0131na dikkat ediniz.<\/p><p>Yumurtlama veya folik\u00fcl ponksiyonu g\u00fcn\u00fcnde sperm elde edilmesi \u00f6ng\u00f6r\u00fclebiliyorsa, zorunlu t\u0131bbi nedenlerden dolay\u0131 kar\u015f\u0131 \u00e7\u0131k\u0131lmamas\u0131 halinde, sperm \u00f6rneklerinin kriyokonseervasyonu m\u00fcmk\u00fcnd\u00fcr.<\/p><p><strong>Spermiyogram bulgusu<\/strong><\/p><p>Muayenehanemizde spermiyogram bulgusu daima kalite g\u00fcvence standartlar\u0131na ve D\u00fcnya Sa\u011fl\u0131k \u00d6rg\u00fct\u00fc (WHO) kriterlerine uygun olarak yap\u0131lmaktad\u0131r.<\/p><p>Sperm kalitesi \u00e7ok say\u0131da etkileyici fakt\u00f6re ba\u011fl\u0131d\u0131r ve bu nedenle de d\u00fczenli olarak de\u011fi\u015fiklik g\u00f6sterir. Bu nedenle, \u00f6zellikle dikkat \u00e7ekici bir bulgudan sonra, daima bir kontrol yap\u0131lmal\u0131d\u0131r. Bir numune haz\u0131rlayarak spermlerin uzun s\u00fcreli d\u00f6llenme kabiliyetine sahip olup olmad\u0131klar\u0131n\u0131n tespit edilmesi genellikle anlaml\u0131 olur.<\/p><p><strong>Spermiyogram bulgusu hakk\u0131na g\u00f6r\u00fc\u015fme yap\u0131lmas\u0131<\/strong><\/p><p>Sperm verildikten bir g\u00fcn sonra, biyolo\u011fumuzdan veya MTA g\u00f6revlilerimizden birinden telefonla bulgu sonucunu \u00f6\u011frenmeniz m\u00fcmk\u00fcnd\u00fcr. Daha sonra bu \u015fekilde ortaya \u00e7\u0131kan tedavi opsiyonlar\u0131 hakk\u0131nda bayan doktorlar\u0131m\u0131zdan biriyle g\u00f6r\u00fc\u015feceksiniz.<\/p><p><strong>Numune materyalin ba\u015fkalar\u0131yla kar\u0131\u015ft\u0131r\u0131lmas\u0131 m\u00fcmk\u00fcn m\u00fcd\u00fcr?<\/strong><\/p><p>Her zaman spermlerin laboratuarda ba\u015fkalar\u0131yla kar\u0131\u015ft\u0131r\u0131laca\u011f\u0131na y\u00f6nelik korkular vard\u0131r. Bu korku esasen anla\u015f\u0131labilir bir duygudur ve taraf\u0131m\u0131zca \u00e7ok ciddiye al\u0131nmaktad\u0131r. Defa\u015fparca uygulanan g\u00fcvenlik ad\u0131mlar\u0131 ve kontroller sayesinde b\u00f6yle bir kar\u0131\u015f\u0131kl\u0131\u011f\u0131n meydana gelmesine izin vermeyece\u011fimizi ve b\u00f6yle bir kar\u0131\u015f\u0131kl\u0131k olmayaca\u011f\u0131n\u0131 garanti ederiz. Bu nedenle, ev ortam\u0131nda al\u0131nan numuneler i\u00e7in ayr\u0131ca bir dok\u00fcmantasyon harcamas\u0131 gereklidir.<\/p><p><strong>Spermiyogram s\u0131n\u0131rlamas oldu\u011funda ne yap\u0131lmal\u0131d\u0131r?<\/strong><\/p><p>S\u0131n\u0131rl\u0131 spermiyogram\u0131 \u00e7o\u011fu zaman bir eksiklik olarak ya\u015fayan ve bu s\u0131n\u0131rlamay\u0131 \u201ecinsel ba\u015far\u0131s\u0131zl\u0131k&#8221; ile e\u015f tutan \u00e7ok say\u0131da erkek biliyoruz. T\u0131bbi olarak bak\u0131ld\u0131\u011f\u0131nda, do\u011furganl\u0131\u011f\u0131n zarar g\u00f6rmesi ile cinsel potansiyel aras\u0131nda bir ba\u011flant\u0131 yoktur.<\/p><p>V\u00fccut ile ilgili eksikliklerin te\u015fhis edilmesi ve tedavi edilmesi doktorlar\u0131n g\u00f6revidir ve bu bizim profesyonellik alan\u0131m\u0131z. Modern reprod\u00fcksiyon t\u0131bb\u0131 ger\u00e7ekte erkek do\u011furganl\u0131\u011f\u0131 ile ilgili s\u0131n\u0131rlamalar\u0131 dengeleyecek durumdad\u0131r. (<a href=\"https:\/\/kinderwunsch-gelsenkirchen.de\/tr\/terapiler\/95-partnerin-spermleri-ile-inseminasyon-homolog-inseminasyon\/\">INS \u00bb<\/a>, <a href=\"https:\/\/kinderwunsch-gelsenkirchen.de\/tr\/terapiler\/99-icsi-intrasitoplazmatik-sperm-enjeksiyonu\/\">ICSI \u00bb<\/a>, <a href=\"\/tr\/unsere-praxis\/erfolge\">Ba\u015far\u0131 \u00bb<\/a>)<\/p><p><strong>Spermiyogram kalitesi nas\u0131l iyile\u015ftirilebilir?<\/strong><\/p><p>Spermlerin kalitesi \u00e7ok say\u0131da fakt\u00f6rden etkilenir; \u00f6yle ki, normalde iyile\u015fme sa\u011flamak i\u00e7in somut bir bozukluk fakt\u00f6r\u00fcn\u00fcn ortaya \u00e7\u0131kar\u0131lmas\u0131 m\u00fcmk\u00fcn de\u011fildir.<\/p><p>Sigara t\u00fcketimi ve a\u015f\u0131r\u0131 alkol t\u00fcketimi kesinlikle zararl\u0131d\u0131r. Sperm kalitesinin iyile\u015ftirilmesi i\u00e7in normal bir v\u00fccut a\u011f\u0131rl\u0131\u011f\u0131n\u0131n mevcut olmas\u0131na, dengeli beslenmeye ve v\u00fccut i\u00e7in fitnes yap\u0131lmas\u0131na gayret edilmelidir.<\/p><p>Terapinin ilerlemesi i\u00e7in ne zaman sizin haz\u0131r bulunman\u0131z \u015fartt\u0131r?<\/p><p>Birlikte <a href=\"https:\/\/kinderwunsch-gelsenkirchen.de\/tr\/ilk-gorusme\/\">ilk g\u00f6r\u00fc\u015fme \u00bb<\/a> yap\u0131ld\u0131ktan sonra \u00f6rne\u011fin, sperm verilmesi i\u00e7in bir randevu ayarlanmas\u0131 nadiren gerkeli olur. Bir d\u00f6llenme veya IVF terapisi \u00e7er\u00e7evesinde yakla\u015f\u0131k iki g\u00fcn \u00f6ncesinden tam zaman konusunda bilgilendirileceksiniz. Fakat toplamda uzun bir terapi s\u00fcresinin hesaba kat\u0131lmas\u0131 gerekir; \u00f6yle ki, sizin i\u00e7in \u00f6nemli olan g\u00fcnlere g\u00f6re bir plan yapabilmeniz i\u00e7in size belli bir s\u00fcre (mesela bir takvim haftas\u0131) tan\u0131nacakt\u0131r.<\/p><\/div>\t\t\t\t\t\t\t\t<\/div>\n\t\t\t\t<\/div>\n\t\t\t\t\t<\/div>\n\t\t<\/div>\n\t\t\t\t\t<\/div>\n\t\t<\/section>\n\t\t\t\t<\/div>\n\t\t","protected":false},"excerpt":{"rendered":"<p>\u00c7ocuk sahibi olma terapisi daima \u00e7itflere y\u00f6nelik olarak uygulanan bir tedavidir. Bu kural, \u00e7ocuk sahibi olamama sebebinin kim oldu\u011fundan ba\u011f\u0131ms\u0131zd\u0131r. Ger\u00e7ekte sebeplerin yar\u0131s\u0131 erkeklerden, yar\u0131s\u0131 da kad\u0131nlardan kaynaklan\u0131r. Her iki tarafta da d\u00fczenli olarak do\u011furganl\u0131k a\u00e7\u0131s\u0131ndan s\u0131n\u0131rlamalar meydana gelir. Esasen kad\u0131nlar bu konuya daha fazla vakit harcasa da, daima her iki partnerinde terapiye ve karara [&hellip;]<\/p>\n","protected":false},"author":17,"featured_media":0,"parent":0,"menu_order":0,"comment_status":"closed","ping_status":"closed","template":"","meta":{"slim_seo":{"title":"Erkek a\u00e7\u0131s\u0131ndan - Kinderwunschzentrum Gelsenkirchen","description":"\u00c7ocuk sahibi olma terapisi daima \u00e7itflere y\u00f6nelik olarak uygulanan bir tedavidir. Bu kural, \u00e7ocuk sahibi olamama sebebinin kim oldu\u011fundan ba\u011f\u0131ms\u0131zd\u0131r. Ger\u00e7ekte"},"footnotes":""},"page-layout":[71],"class_list":["post-5830","page","type-page","status-publish","hentry","page-layout-layout-001"],"_links":{"self":[{"href":"https:\/\/kinderwunsch-gelsenkirchen.de\/tr\/wp-json\/wp\/v2\/pages\/5830","targetHints":{"allow":["GET"]}}],"collection":[{"href":"https:\/\/kinderwunsch-gelsenkirchen.de\/tr\/wp-json\/wp\/v2\/pages"}],"about":[{"href":"https:\/\/kinderwunsch-gelsenkirchen.de\/tr\/wp-json\/wp\/v2\/types\/page"}],"author":[{"embeddable":true,"href":"https:\/\/kinderwunsch-gelsenkirchen.de\/tr\/wp-json\/wp\/v2\/users\/17"}],"replies":[{"embeddable":true,"href":"https:\/\/kinderwunsch-gelsenkirchen.de\/tr\/wp-json\/wp\/v2\/comments?post=5830"}],"version-history":[{"count":2,"href":"https:\/\/kinderwunsch-gelsenkirchen.de\/tr\/wp-json\/wp\/v2\/pages\/5830\/revisions"}],"predecessor-version":[{"id":11578,"href":"https:\/\/kinderwunsch-gelsenkirchen.de\/tr\/wp-json\/wp\/v2\/pages\/5830\/revisions\/11578"}],"wp:attachment":[{"href":"https:\/\/kinderwunsch-gelsenkirchen.de\/tr\/wp-json\/wp\/v2\/media?parent=5830"}],"wp:term":[{"taxonomy":"page-layout","embeddable":true,"href":"https:\/\/kinderwunsch-gelsenkirchen.de\/tr\/wp-json\/wp\/v2\/page-layout?post=5830"}],"curies":[{"name":"wp","href":"https:\/\/api.w.org\/{rel}","templated":true}]}}