{"id":5805,"date":"2021-01-10T10:43:21","date_gmt":"2021-01-10T09:43:21","guid":{"rendered":"https:\/\/kiwuge.smartini.de\/?page_id=5805"},"modified":"2025-10-24T18:25:13","modified_gmt":"2025-10-24T16:25:13","slug":"40-yasindan-sonra-cocuk-istemek","status":"publish","type":"page","link":"https:\/\/kinderwunsch-gelsenkirchen.de\/tr\/40-yasindan-sonra-cocuk-istemek\/","title":{"rendered":"40 ya\u015f\u0131ndan sonra \u00e7ocuk istemek"},"content":{"rendered":"\t\t<div data-elementor-type=\"wp-page\" data-elementor-id=\"5805\" class=\"elementor elementor-5805 elementor-5317\" data-elementor-post-type=\"page\">\n\t\t\t\t\t\t<section class=\"elementor-section elementor-top-section elementor-element elementor-element-9f57025 elementor-section-full_width elementor-section-height-default elementor-section-height-default\" data-id=\"9f57025\" data-element_type=\"section\" data-e-type=\"section\" data-settings=\"{&quot;jet_parallax_layout_list&quot;:[{&quot;jet_parallax_layout_image&quot;:{&quot;url&quot;:&quot;&quot;,&quot;id&quot;:&quot;&quot;,&quot;size&quot;:&quot;&quot;},&quot;_id&quot;:&quot;fb0dbf2&quot;,&quot;jet_parallax_layout_image_tablet&quot;:{&quot;url&quot;:&quot;&quot;,&quot;id&quot;:&quot;&quot;,&quot;size&quot;:&quot;&quot;},&quot;jet_parallax_layout_image_mobile&quot;:{&quot;url&quot;:&quot;&quot;,&quot;id&quot;:&quot;&quot;,&quot;size&quot;:&quot;&quot;},&quot;jet_parallax_layout_speed&quot;:{&quot;unit&quot;:&quot;%&quot;,&quot;size&quot;:50,&quot;sizes&quot;:[]},&quot;jet_parallax_layout_type&quot;:&quot;scroll&quot;,&quot;jet_parallax_layout_direction&quot;:&quot;1&quot;,&quot;jet_parallax_layout_fx_direction&quot;:null,&quot;jet_parallax_layout_z_index&quot;:&quot;&quot;,&quot;jet_parallax_layout_bg_x&quot;:50,&quot;jet_parallax_layout_bg_x_tablet&quot;:&quot;&quot;,&quot;jet_parallax_layout_bg_x_mobile&quot;:&quot;&quot;,&quot;jet_parallax_layout_bg_y&quot;:50,&quot;jet_parallax_layout_bg_y_tablet&quot;:&quot;&quot;,&quot;jet_parallax_layout_bg_y_mobile&quot;:&quot;&quot;,&quot;jet_parallax_layout_bg_size&quot;:&quot;auto&quot;,&quot;jet_parallax_layout_bg_size_tablet&quot;:&quot;&quot;,&quot;jet_parallax_layout_bg_size_mobile&quot;:&quot;&quot;,&quot;jet_parallax_layout_animation_prop&quot;:&quot;transform&quot;,&quot;jet_parallax_layout_on&quot;:[&quot;desktop&quot;,&quot;tablet&quot;]}]}\">\n\t\t\t\t\t\t<div class=\"elementor-container elementor-column-gap-no\">\n\t\t\t\t\t<div class=\"elementor-column elementor-col-100 elementor-top-column elementor-element elementor-element-87f3c3c\" data-id=\"87f3c3c\" data-element_type=\"column\" data-e-type=\"column\">\n\t\t\t<div class=\"elementor-widget-wrap elementor-element-populated\">\n\t\t\t\t\t\t<div class=\"elementor-element elementor-element-3a1b528 elementor-widget elementor-widget-heading\" data-id=\"3a1b528\" data-element_type=\"widget\" data-e-type=\"widget\" data-widget_type=\"heading.default\">\n\t\t\t\t<div class=\"elementor-widget-container\">\n\t\t\t\t\t<h1 class=\"elementor-heading-title elementor-size-default\">40 ya\u015f\u0131ndan sonra \u00e7ocuk istemek<\/h1>\t\t\t\t<\/div>\n\t\t\t\t<\/div>\n\t\t\t\t<div class=\"elementor-element elementor-element-976f305 elementor-widget elementor-widget-text-editor\" data-id=\"976f305\" data-element_type=\"widget\" data-e-type=\"widget\" data-widget_type=\"text-editor.default\">\n\t\t\t\t<div class=\"elementor-widget-container\">\n\t\t\t\t\t\t\t\t\t<div class=\"content\"><p>Tahmininiz nedir? Kad\u0131nlar hangi ya\u015ftan itibaren daha zor hamile kal\u0131r? 2007 y\u0131l\u0131nda yap\u0131lan bu ankette, ankete kat\u0131lanlar\u0131n %50\u2019sinden fazlas\u0131, 40 ya\u015f\u0131ndan sonra \u015fans\u0131n azald\u0131\u011f\u0131n\u0131 tahmin ettiler.<\/p><p>Bu maalesef do\u011fru de\u011fildir!<\/p><p>Bu noktada bizim g\u00f6revimiz, sizi neyle kar\u015f\u0131 kar\u015f\u0131ya b\u0131rakaca\u011f\u0131m\u0131z\u0131 ve hatta belki sizi \u00fczece\u011fimizi bildi\u011fimiz halde, sizi ger\u00e7e\u011fe uygnu bir \u015fekilde bilgilendirip buna g\u00f6re size dan\u0131\u015fmanl\u0131k hizmeti vermektir. Bir yandan t\u0131bbi fakt\u00f6rleri ve ba\u015far\u0131 g\u00f6r\u00fc\u015flerini d\u00fcr\u00fcst ve a\u00e7\u0131k bir \u015fekilde ifade etmek, di\u011fer taraftan da sizi do\u011fru yere yerle\u015ftirmek ve duygusal olarak size e\u015flik etmek zor bir durum. Fakat biz tam da bunu ba\u015far\u0131yoruz ve bu m\u00fcmk\u00fcn.<\/p><p>Kad\u0131nlar\u0131n e n do\u011furgan olduklar\u0131 d\u00f6nem 20-30 ya\u015flar\u0131 aras\u0131d\u0131r. Do\u011fal yoldan hamile kalma \u015fans\u0131 35 ya\u015f\u0131ndan itibaren azal\u0131r<\/p><p><strong>Ya\u015flara g\u00f6re kad\u0131nlarda fertilitenin nicel ve nitel olarak gerilemesi<\/strong><\/p><figure id=\"attachment_5786\" aria-describedby=\"caption-attachment-5786\" style=\"width: 300px\" class=\"wp-caption alignnone\"><img fetchpriority=\"high\" decoding=\"async\" class=\"wp-image-5786 size-medium\" src=\"https:\/\/kinderwunsch-gelsenkirchen.de\/wp-content\/uploads\/2021\/01\/ludwig_hahn-300x232.jpg\" alt=\"\" width=\"300\" height=\"232\" \/><figcaption id=\"caption-attachment-5786\" class=\"wp-caption-text\">Ludwig,Hahn: Frauenarzt 05\/2008, S. 400 \u2013 nach de Bruin und te Velde 2004<\/figcaption><\/figure><\/div><div class=\"content\"><p>Yumurtal\u0131ktaki olgun yujmurta h\u00fccrelerinin say\u0131s\u0131 azal\u0131r. Ayn\u0131 \u015fekilde, do\u011fal h\u00fccre ya\u015flanmas\u0131, yumurta h\u00fccrelerini de ilgilendiren bir olayd\u0131r. D\u00fczenli olarak yeniden \u00fcretilen spermlere kar\u015f\u0131l\u0131k, kad\u0131nlarda yumurta h\u00fccreleri embriyonal d\u00f6nemden beri mevcuttur ve bizimle birlikte ya\u015flan\u0131r. Yani sperm daha ya\u015fl\u0131 bir yumurta h\u00fccresi ile kar\u015f\u0131la\u015ft\u0131\u011f\u0131nda, \u00e7o\u011fu zaman d\u00f6llenme ba\u015far\u0131s\u0131z olur, bu durumda embriyon yerine oturmaz. Ayn\u0131 \u015fekilde, hamilelik s\u00fcrecinde de embriyonlar normal geli\u015fimlerini s\u00fcrd\u00fcrmezler, bunun sonucunda y\u00fcksek bir k\u00fcrtaj oran\u0131 ve d\u00fc\u015f\u00fck bir do\u011fum oran\u0131 ortaya \u00e7\u0131kar.<\/p><p>Bir \u00e7ocuk sahibi olma terapisi \u00e7er\u00e7evesinde de yukar\u0131da bahsi ge\u00e7en fakt\u00f6rler g\u00f6z ard\u0131 edilmemelidir; \u00f6yle ki, reprod\u00fckyion t\u0131bb\u0131 ile ilgili teklif 40 yal\u015f\u0131ndan itibaren belirgin bir \u015fekilde daha k\u00f6t\u00fcye gider. Sonucun kalitesi a\u00e7\u0131s\u0131ndan, 38\/39 ya\u015f\u0131ndan itibaren yapay d\u00f6llenme uygulamas\u0131n\u0131n v\u00fccudun d\u0131\u015f\u0131nda ger\u00e7ekle\u015ftirilmesini (IVF ve ICSI terapisi) tercih ediyoruz.<\/p><p>Fakat burada \u00f6nemli olan, her hastan\u0131n biyolojik ya\u015f\u0131n\u0131n bireysel olmas\u0131 ve bunun sonucunda ger\u00e7ekte umut olmas\u0131d\u0131r. Bir hamileli\u011fin ortaya \u00e7\u0131kmas\u0131 ile ilgili tan\u0131, belli ara\u015ft\u0131rmalarla daha iyi de\u011ferlendirilebilir.<\/p><p>D\u00f6g\u00fcn\u00fcn 2.- 4. g\u00fcn\u00fcnde FSH (folik\u00fcl\u00fc stim\u00fcle eden hormon), Estradiol ve AMH (Anti-M\u00fcller Hormonu) ile ilgili bir kan muayenesi vas\u0131tas\u0131yla tespit yap\u0131l\u0131r. Ayn\u0131 zamanda yumurtal\u0131kta vajinal ultrason muayenesi yap\u0131l\u0131r ve b\u00f6ylece yumurtal\u0131kta g\u00f6r\u00fclebilen folik\u00fcllerin (antral folik\u00fcl) say\u0131s\u0131 tespit edilir. Bu iki muayene, sizin bireysel do\u011furganl\u0131\u011f\u0131n\u0131z hakk\u0131nda bilgi verir (deyim yerindeyse Ferticheck yap\u0131l\u0131r).<\/p><p>Sizi ve bizi ilgilendiren konu, her bir d\u00f6ng\u00fc ba\u015f\u0131na ortaya \u00e7\u0131kan <a href=\"\/tr\/unsere-praxis\/qualitaetsmanagement\">do\u011fum oran\u0131d\u0131r \u00bb. <\/a>Y\u00fcksek bir k\u00fcrtaj oran\u0131 ile azalt\u0131lan bir hamilelik oran\u0131, bu noktada sizinle hakk\u0131nda ileti\u015fim kurmak istedi\u011fimiz bir konu de\u011fildir. Bu durumda yanl\u0131\u015f umutlar uyanabilir. Biz do\u011fum oranlar\u0131ndan bahsediyoruz ve bu oranlar da bizim muayenehanemizde \u00e7ok iyi!<\/p><p>Alman IVF sicilinden al\u0131nan d\u00f6ng\u00fc ba\u015f\u0131na do\u011fum oranlar\u0131 ile bizim d\u00f6ng\u00fc ba\u015f\u0131na do\u011fum oranlar\u0131m\u0131z\u0131 kar\u015f\u0131la\u015ft\u0131racak olursak, size cesaret verebiliriz: Bu oran Almanya\u2019da (2000-2008) kad\u0131nlarda 40 ile 45 ya\u015flar\u0131 aras\u0131nda %6,21 iken, bizim Gelsenkirchen\u2019deki muayenehanemizde %8,4\u2019t\u00fcr.<\/p><\/div>\t\t\t\t\t\t\t\t<\/div>\n\t\t\t\t<\/div>\n\t\t\t\t\t<\/div>\n\t\t<\/div>\n\t\t\t\t\t<\/div>\n\t\t<\/section>\n\t\t\t\t<\/div>\n\t\t","protected":false},"excerpt":{"rendered":"<p>Tahmininiz nedir? Kad\u0131nlar hangi ya\u015ftan itibaren daha zor hamile kal\u0131r? 2007 y\u0131l\u0131nda yap\u0131lan bu ankette, ankete kat\u0131lanlar\u0131n %50\u2019sinden fazlas\u0131, 40 ya\u015f\u0131ndan sonra \u015fans\u0131n azald\u0131\u011f\u0131n\u0131 tahmin ettiler. Bu maalesef do\u011fru de\u011fildir! Bu noktada bizim g\u00f6revimiz, sizi neyle kar\u015f\u0131 kar\u015f\u0131ya b\u0131rakaca\u011f\u0131m\u0131z\u0131 ve hatta belki sizi \u00fczece\u011fimizi bildi\u011fimiz halde, sizi ger\u00e7e\u011fe uygnu bir \u015fekilde bilgilendirip buna g\u00f6re size [&hellip;]<\/p>\n","protected":false},"author":17,"featured_media":0,"parent":0,"menu_order":0,"comment_status":"closed","ping_status":"closed","template":"","meta":{"slim_seo":{"title":"40 ya\u015f\u0131ndan sonra \u00e7ocuk istemek - Kinderwunschzentrum Gelsenkirchen","description":"Tahmininiz nedir? Kad\u0131nlar hangi ya\u015ftan itibaren daha zor hamile kal\u0131r? 2007 y\u0131l\u0131nda yap\u0131lan bu ankette, ankete kat\u0131lanlar\u0131n %50\u2019sinden fazlas\u0131, 40 ya\u015f\u0131ndan son"},"footnotes":""},"page-layout":[71],"class_list":["post-5805","page","type-page","status-publish","hentry","page-layout-layout-001"],"_links":{"self":[{"href":"https:\/\/kinderwunsch-gelsenkirchen.de\/tr\/wp-json\/wp\/v2\/pages\/5805","targetHints":{"allow":["GET"]}}],"collection":[{"href":"https:\/\/kinderwunsch-gelsenkirchen.de\/tr\/wp-json\/wp\/v2\/pages"}],"about":[{"href":"https:\/\/kinderwunsch-gelsenkirchen.de\/tr\/wp-json\/wp\/v2\/types\/page"}],"author":[{"embeddable":true,"href":"https:\/\/kinderwunsch-gelsenkirchen.de\/tr\/wp-json\/wp\/v2\/users\/17"}],"replies":[{"embeddable":true,"href":"https:\/\/kinderwunsch-gelsenkirchen.de\/tr\/wp-json\/wp\/v2\/comments?post=5805"}],"version-history":[{"count":2,"href":"https:\/\/kinderwunsch-gelsenkirchen.de\/tr\/wp-json\/wp\/v2\/pages\/5805\/revisions"}],"predecessor-version":[{"id":11577,"href":"https:\/\/kinderwunsch-gelsenkirchen.de\/tr\/wp-json\/wp\/v2\/pages\/5805\/revisions\/11577"}],"wp:attachment":[{"href":"https:\/\/kinderwunsch-gelsenkirchen.de\/tr\/wp-json\/wp\/v2\/media?parent=5805"}],"wp:term":[{"taxonomy":"page-layout","embeddable":true,"href":"https:\/\/kinderwunsch-gelsenkirchen.de\/tr\/wp-json\/wp\/v2\/page-layout?post=5805"}],"curies":[{"name":"wp","href":"https:\/\/api.w.org\/{rel}","templated":true}]}}