{"id":5771,"date":"2021-01-08T14:45:56","date_gmt":"2021-01-08T13:45:56","guid":{"rendered":"https:\/\/kiwuge.smartini.de\/?page_id=5771"},"modified":"2025-10-24T18:24:54","modified_gmt":"2025-10-24T16:24:54","slug":"fertilite-proteksiyonu","status":"publish","type":"page","link":"https:\/\/kinderwunsch-gelsenkirchen.de\/tr\/fertilite-proteksiyonu\/","title":{"rendered":"Fertilite proteksiyonu"},"content":{"rendered":"\t\t<div data-elementor-type=\"wp-page\" data-elementor-id=\"5771\" class=\"elementor elementor-5771 elementor-5309\" data-elementor-post-type=\"page\">\n\t\t\t\t\t\t<section class=\"elementor-section elementor-top-section elementor-element elementor-element-9f57025 elementor-section-full_width elementor-section-height-default elementor-section-height-default\" data-id=\"9f57025\" data-element_type=\"section\" data-e-type=\"section\" data-settings=\"{&quot;jet_parallax_layout_list&quot;:[{&quot;jet_parallax_layout_image&quot;:{&quot;url&quot;:&quot;&quot;,&quot;id&quot;:&quot;&quot;,&quot;size&quot;:&quot;&quot;},&quot;_id&quot;:&quot;fb0dbf2&quot;,&quot;jet_parallax_layout_image_tablet&quot;:{&quot;url&quot;:&quot;&quot;,&quot;id&quot;:&quot;&quot;,&quot;size&quot;:&quot;&quot;},&quot;jet_parallax_layout_image_mobile&quot;:{&quot;url&quot;:&quot;&quot;,&quot;id&quot;:&quot;&quot;,&quot;size&quot;:&quot;&quot;},&quot;jet_parallax_layout_speed&quot;:{&quot;unit&quot;:&quot;%&quot;,&quot;size&quot;:50,&quot;sizes&quot;:[]},&quot;jet_parallax_layout_type&quot;:&quot;scroll&quot;,&quot;jet_parallax_layout_direction&quot;:&quot;1&quot;,&quot;jet_parallax_layout_fx_direction&quot;:null,&quot;jet_parallax_layout_z_index&quot;:&quot;&quot;,&quot;jet_parallax_layout_bg_x&quot;:50,&quot;jet_parallax_layout_bg_x_tablet&quot;:&quot;&quot;,&quot;jet_parallax_layout_bg_x_mobile&quot;:&quot;&quot;,&quot;jet_parallax_layout_bg_y&quot;:50,&quot;jet_parallax_layout_bg_y_tablet&quot;:&quot;&quot;,&quot;jet_parallax_layout_bg_y_mobile&quot;:&quot;&quot;,&quot;jet_parallax_layout_bg_size&quot;:&quot;auto&quot;,&quot;jet_parallax_layout_bg_size_tablet&quot;:&quot;&quot;,&quot;jet_parallax_layout_bg_size_mobile&quot;:&quot;&quot;,&quot;jet_parallax_layout_animation_prop&quot;:&quot;transform&quot;,&quot;jet_parallax_layout_on&quot;:[&quot;desktop&quot;,&quot;tablet&quot;]}]}\">\n\t\t\t\t\t\t<div class=\"elementor-container elementor-column-gap-no\">\n\t\t\t\t\t<div class=\"elementor-column elementor-col-100 elementor-top-column elementor-element elementor-element-87f3c3c\" data-id=\"87f3c3c\" data-element_type=\"column\" data-e-type=\"column\">\n\t\t\t<div class=\"elementor-widget-wrap elementor-element-populated\">\n\t\t\t\t\t\t<div class=\"elementor-element elementor-element-3a1b528 elementor-widget elementor-widget-heading\" data-id=\"3a1b528\" data-element_type=\"widget\" data-e-type=\"widget\" data-widget_type=\"heading.default\">\n\t\t\t\t<div class=\"elementor-widget-container\">\n\t\t\t\t\t<h1 class=\"elementor-heading-title elementor-size-default\">Fertilite proteksiyonu: Buz \u00fczerinde umut ...<\/h1>\t\t\t\t<\/div>\n\t\t\t\t<\/div>\n\t\t\t\t<div class=\"elementor-element elementor-element-976f305 elementor-widget elementor-widget-text-editor\" data-id=\"976f305\" data-element_type=\"widget\" data-e-type=\"widget\" data-widget_type=\"text-editor.default\">\n\t\t\t\t<div class=\"elementor-widget-container\">\n\t\t\t\t\t\t\t\t\t<p>Belki yak\u0131n bir zamanda yan etkileri do\u011furganl\u0131\u011f\u0131n\u0131z\u0131n kaybolmas\u0131na yol a\u00e7acak ila\u00e7larla, \u0131\u015f\u0131n tedavisiyle ve \/ veya bir operasyonla tedavi edilmesi gereken bir hastal\u0131\u011f\u0131n\u0131z oldu\u011funu \u00f6\u011frendiniz.<\/p><p>Tedaviyi yapan doktorunuz size sa\u011fl\u0131\u011f\u0131n\u0131za tekrar kavu\u015fman\u0131z i\u00e7in bu tedbirlerin gerekli oldu\u011funu a\u00e7\u0131klad\u0131. Te\u015fhis konulmas\u0131 ile terapiye ba\u015flanmas\u0131 aras\u0131ndaki zaman i\u00e7erisinde, yani k\u0131sa bir s\u00fcrede karar vermek zorundas\u0131n\u0131z. Bu kararda size yard\u0131m etmek istiyoruz. K\u0131sa s\u00fcrede bizimle do\u011furganl\u0131\u011f\u0131n\u0131z\u0131n korunmas\u0131yla ilgili imkanlar\u0131n size a\u00e7\u0131klanaca\u011f\u0131 bir dan\u0131\u015fmanl\u0131k g\u00f6r\u00fc\u015fmesi kararla\u015ft\u0131rabilirsiniz. <a href=\"https:\/\/kinderwunsch-gelsenkirchen.de\/wp-content\/uploads\/2021\/01\/flyer_hoffnung_auf_eis.pdf\">Daha fazlas\u0131 &#8230; \u00bb<\/a><\/p><h1>Kriyo konservasyon (yumurta h\u00fccrelerinin dondurulmas\u0131)<\/h1><p>Daha sonra \u00fcreme t\u0131bb\u0131 ile ilgili tedbirler kaosam\u0131nda kullanmak i\u00e7in embriyon h\u00fccrelerinin (yumurta ve sperm h\u00fccrelerinin) s\u0131v\u0131 azot i\u00e7erisinde &#8211; 196\u00b0C s\u0131cakl\u0131kta saklanmas\u0131 m\u00fcmk\u00fcnd\u00fcr.<\/p><p>A\u015fa\u011f\u0131da yer alan b\u00f6l\u00fcmde farkl\u0131 kriyoprezervasyon imkanlar\u0131 konusunda bilgilendirileceksiniz.<\/p>\t\t\t\t\t\t\t\t<\/div>\n\t\t\t\t<\/div>\n\t\t\t\t<div class=\"elementor-element elementor-element-152cc10 elementor-widget elementor-widget-accordion\" data-id=\"152cc10\" data-element_type=\"widget\" data-e-type=\"widget\" data-widget_type=\"accordion.default\">\n\t\t\t\t<div class=\"elementor-widget-container\">\n\t\t\t\t\t\t\t<div class=\"elementor-accordion\">\n\t\t\t\t\t\t\t<div class=\"elementor-accordion-item\">\n\t\t\t\t\t<h3 id=\"elementor-tab-title-2221\" class=\"elementor-tab-title\" data-tab=\"1\" role=\"button\" aria-controls=\"elementor-tab-content-2221\" aria-expanded=\"false\">\n\t\t\t\t\t\t\t\t\t\t\t\t\t<span class=\"elementor-accordion-icon elementor-accordion-icon-left\" aria-hidden=\"true\">\n\t\t\t\t\t\t\t\t\t\t\t\t\t\t\t<span class=\"elementor-accordion-icon-closed\"><i class=\"fas fa-plus\"><\/i><\/span>\n\t\t\t\t\t\t\t\t<span class=\"elementor-accordion-icon-opened\"><i class=\"fas fa-minus\"><\/i><\/span>\n\t\t\t\t\t\t\t\t\t\t\t\t\t\t<\/span>\n\t\t\t\t\t\t\t\t\t\t\t\t<a class=\"elementor-accordion-title\" tabindex=\"0\">D\u00f6llenmemi\u015f yumurta h\u00fccrelerinin kriyo konservasyonu (dondurulmas\u0131)<\/a>\n\t\t\t\t\t<\/h3>\n\t\t\t\t\t<div id=\"elementor-tab-content-2221\" class=\"elementor-tab-content elementor-clearfix\" data-tab=\"1\" role=\"region\" aria-labelledby=\"elementor-tab-title-2221\"><p>Hen\u00fcz m\u00fcnferit bankalar \u00e7ok fazla mevcut olmasa bile, bug\u00fcn kad\u0131nlar i\u00e7in de do\u011furganl\u0131\u011f\u0131n korunmas\u0131 m\u00fcmk\u00fcnd\u00fcr. Bu bankalar\u0131n az olmas\u0131n\u0131n sebebi, bu y\u00f6ntemin erkeklere g\u00f6re daha masrafl\u0131 olmas\u0131 ve ancak son y\u0131llarda deneysel uygulamalara ba\u015flanm\u0131\u015f olmas\u0131d\u0131r. Bunun i\u00e7in yakla\u015f\u0131k 14 g\u00fcn s\u00fcren hormonel bir \u00f6n tedaviye ve yumurta h\u00fccrelerinin folik\u00fcl ponksiyon ile al\u015f\u0131nmas\u0131na ihtiya\u00e7 vard\u0131r.<\/p><p>Kriyoprezervasyon yap\u0131lan ve -196\u00b0C&#8217;de s\u0131v\u0131 azot i\u00e7erisinde saklanan bu yumurtalar, daha sonra yapay d\u00f6llenme (IVF) i\u00e7in kullan\u0131l\u0131rlar. D\u00f6llenmemi\u015f olan yumurta h\u00fccreleri modern dondurma metotlar\u0131 (vitrifikasyon) sayesinde hayatta kalarak neredeyse d\u00f6llenmi\u015f yumurtalar gibi donarlar ve \u00e7\u00f6z\u00fcl\u00fcrler. Hayatta kalan yumurta h\u00fccreleri yapay d\u00f6llenmede kullan\u0131labilirse, yumurta h\u00fccrelerinin yakla\u015f\u0131k yar\u0131s\u0131n\u0131n d\u00f6llenece\u011fi hesaba kat\u0131labilir.<\/p><p>\u00c7ok kademeli bir g\u00fccenlik sistemi, kar\u0131\u015f\u0131kl\u0131k ve kay\u0131p olaylar\u0131n\u0131n olmas\u0131n\u0131 engellemektedir.<\/p><p>D\u00fcnya genelinde d\u00f6llenmemi\u015f h\u00fccrelerin dondurulmas\u0131ndan sonra bu h\u00fccreler kullan\u0131larak 100&#8217;den fazla do\u011fum oldu\u011fu a\u00e7\u0131klanm\u0131\u015ft\u0131r. Biz de size ihtiya\u00e7 duyulmas\u0131 halinde yumurta h\u00fccrelerinin vitrifikasyonu konusunda hizmet veriyoruz.Alternatif olarak, yumurtal\u0131k dokusunu dondurma imkan\u0131 da mevcuttur. Bu konuda da memnuniyetle size dan\u0131\u015fmanl\u0131k yapar\u0131z.<\/p><\/div>\n\t\t\t\t<\/div>\n\t\t\t\t\t\t\t<div class=\"elementor-accordion-item\">\n\t\t\t\t\t<h3 id=\"elementor-tab-title-2222\" class=\"elementor-tab-title\" data-tab=\"2\" role=\"button\" aria-controls=\"elementor-tab-content-2222\" aria-expanded=\"false\">\n\t\t\t\t\t\t\t\t\t\t\t\t\t<span class=\"elementor-accordion-icon elementor-accordion-icon-left\" aria-hidden=\"true\">\n\t\t\t\t\t\t\t\t\t\t\t\t\t\t\t<span class=\"elementor-accordion-icon-closed\"><i class=\"fas fa-plus\"><\/i><\/span>\n\t\t\t\t\t\t\t\t<span class=\"elementor-accordion-icon-opened\"><i class=\"fas fa-minus\"><\/i><\/span>\n\t\t\t\t\t\t\t\t\t\t\t\t\t\t<\/span>\n\t\t\t\t\t\t\t\t\t\t\t\t<a class=\"elementor-accordion-title\" tabindex=\"0\">D\u00f6llenmemi\u015f yumurta h\u00fccrelerinin kriyo konservasyonu (dondurulmas\u0131)<\/a>\n\t\t\t\t\t<\/h3>\n\t\t\t\t\t<div id=\"elementor-tab-content-2222\" class=\"elementor-tab-content elementor-clearfix\" data-tab=\"2\" role=\"region\" aria-labelledby=\"elementor-tab-title-2222\"><p>Hastalanan kad\u0131n sabit bir birliktelik ya\u015f\u0131yorsa, d\u00f6llenmi\u015f yumurta h\u00fccrelerinin bu i\u015flem i\u00e7in gerekli olan hormonel stim\u00fclasyondan ve genel narkoz uygulamas\u0131 yap\u0131larak yumurta h\u00fccrelerinin al\u0131nmas\u0131ndan sonra dondurulmas\u0131 \u00e7ok iyi bir opsiyondur. D\u00f6llenmi\u015f olan yumurta h\u00fccreleri \u201epron\u00fckleer devrede&#8221; yani folik\u00fcl ponksiyonundan bir g\u00fcn sonra, erkek ve kad\u0131n kromozom a\u011f\u0131n\u0131n f\u00fczyonundan \u00f6nce dondurulur. Bunun i\u00e7in yumurta h\u00fccrelerinin teknik a\u00e7\u0131dan masrafl\u0131 olan yava\u015f bir derin dondurma i\u015flemine tabi tutulmas\u0131 gerekir; burada ama\u00e7, her dondurma i\u015fleminde ortaya \u00e7\u0131kan kristal olu\u015fumunun m\u00fcmk\u00fcn oldu\u011fu kadar d\u00fc\u015f\u00fck seviyede tutulmas\u0131d\u0131r.<\/p><p>\u00c7ok kademeli bir g\u00fccenlik sistemi, kar\u0131\u015f\u0131kl\u0131k ve kay\u0131p olaylar\u0131n\u0131n olmas\u0131n\u0131 engellemektedir.<\/p><p>Donma ve \u00e7\u00f6z\u00fcnme i\u015fleminde d\u00f6llenmi\u015f olan yumurta h\u00fccrelerinin hayatta kalma \u015fans\u0131 yakla\u015f\u0131k %80&#8217;dir. Ana hastal\u0131k ile ilgili tedaviden sonra do\u011furganl\u0131k a\u00e7\u0131s\u0131ndan kal\u0131c\u0131 hasarlar\u0131n meydana gelmesi durumunda, \u00f6nceden dondurulmu\u015f olan d\u00f6llenmi\u015f yumurta h\u00fccrelerinin yard\u0131m\u0131yla bir hamilelik olu\u015fturulabilmektedir.<\/p><p>\u00d6nemli olan, bu metodun uygulanmas\u0131na sadece partnerli\u011fin devam ediyor olmas\u0131 ve her iki partneri de embriyon transferini kabul etmesi durumunda izin verilmesidir. Bu nedenle s\u00f6z konusu prosed\u00fcr kad\u0131n a\u00e7\u0131s\u0131ndan ve bak\u0131m a\u00e7\u0131s\u0131ndan sadece partnerli\u011fin devam etmesi durumunda anlaml\u0131 olacakt\u0131r.<\/p><\/div>\n\t\t\t\t<\/div>\n\t\t\t\t\t\t\t<div class=\"elementor-accordion-item\">\n\t\t\t\t\t<h3 id=\"elementor-tab-title-2223\" class=\"elementor-tab-title\" data-tab=\"3\" role=\"button\" aria-controls=\"elementor-tab-content-2223\" aria-expanded=\"false\">\n\t\t\t\t\t\t\t\t\t\t\t\t\t<span class=\"elementor-accordion-icon elementor-accordion-icon-left\" aria-hidden=\"true\">\n\t\t\t\t\t\t\t\t\t\t\t\t\t\t\t<span class=\"elementor-accordion-icon-closed\"><i class=\"fas fa-plus\"><\/i><\/span>\n\t\t\t\t\t\t\t\t<span class=\"elementor-accordion-icon-opened\"><i class=\"fas fa-minus\"><\/i><\/span>\n\t\t\t\t\t\t\t\t\t\t\t\t\t\t<\/span>\n\t\t\t\t\t\t\t\t\t\t\t\t<a class=\"elementor-accordion-title\" tabindex=\"0\">Spermlerin kriyoprezervasyonu (dondurulmas\u0131)<\/a>\n\t\t\t\t\t<\/h3>\n\t\t\t\t\t<div id=\"elementor-tab-content-2223\" class=\"elementor-tab-content elementor-clearfix\" data-tab=\"3\" role=\"region\" aria-labelledby=\"elementor-tab-title-2223\"><p>Ayn\u0131 \u015fekilde, sperm s\u0131v\u0131s\u0131ndan veya testis dokusundan al\u0131nan sperm h\u00fccreleri de dondurularak saklanabilir. Do\u011furganl\u0131\u011f\u0131n zarar g\u00f6rmesi tehlikesiyle kar\u015f\u0131 kar\u015f\u0131ya olmas\u0131 durumunda, halen ba\u015flam\u0131\u015f olan bir k\u0131s\u0131rl\u0131k tedavisinden ba\u011f\u0131ms\u0131z olarak, spermlerin taraf\u0131m\u0131zca dondurulmas\u0131 da m\u00fcmk\u00fcnd\u00fcr. \u00d6rne\u011fin, kanser hastal\u0131\u011f\u0131 nedeniyle bir kemoterapi veya \u0131\u015f\u0131n terapisi g\u00f6rmek zorunda kalan erkeklerde b\u00f6yle bir durum s\u00f6z konusu olur. Kemoterapi ve \u0131\u015f\u0131n terapileri testis dokusuna \u00f6yle zarar verebilir ki, kanser hastal\u0131\u011f\u0131 iyile\u015ftikten sonra sperm s\u0131v\u0131s\u0131nda art\u0131k hi\u00e7 sprem bulunamaz.<\/p><p>Spermler \u00f6nceden dondurulursa (sperm bankac\u0131l\u0131\u011f\u0131) ve ba\u015far\u0131l\u0131 bir kanser tedavisinden sonra do\u011furganl\u0131k yetene\u011finin kal\u0131c\u0131 olarak kaybolmas\u0131 durumunda tedaviden \u00f6nce doldurulan sperm depolar\u0131n\u0131n yard\u0131m\u0131yla y\u0131llar sonra bile bir \u00e7ocuk yap\u0131labilir. Ger\u00e7i baz\u0131 durumlarda reprod\u00fcksiyon doktorunun yard\u0131m\u0131 gereklidir, fakat \u00f6z babal\u0131k \u00e7ok iyi bir \u015fekilde m\u00fcmk\u00fcn olmaktad\u0131r.<\/p><p>Spermlerin dondurulmas\u0131n\u0131n ard\u0131ndan, terapi sona erdikten yakl\u015fa\u015f\u0131k alt\u0131 ay sonra, bir kontrol spermiyorgram\u0131 haz\u0131rlanmas\u0131n\u0131 tavsiye ederiz. Sperm \u00fcretimi devam ediyorsa, dondurulmu\u015f olan \u00f6rnekler \u00e7\u00f6z\u00fclerek at\u0131labilir.<\/p><p>\u00c7ok kademeli bir g\u00fccenlik sistemi, kar\u0131\u015f\u0131kl\u0131k ve kay\u0131p olaylar\u0131n\u0131n olmas\u0131n\u0131 engellemektedir.<\/p><p>\u00d6rne\u011fin, erkek \u00e7ok i\u015f seyahatine \u00e7\u0131k\u0131yorsa ve e\u015finin yumurta h\u00fccrelerinin al\u0131nd\u0131\u011f\u0131 g\u00fcn kendisi yan\u0131nda olamayacaksa da, istenilmesi halinde, sperm h\u00fccreleri dondurulabilir. Buna ra\u011fmen \u00e7ocuk sahibi olma tedavisi yap\u0131labilir.<\/p><\/div>\n\t\t\t\t<\/div>\n\t\t\t\t\t\t\t\t<\/div>\n\t\t\t\t\t\t<\/div>\n\t\t\t\t<\/div>\n\t\t\t\t<div class=\"elementor-element elementor-element-fc0a4fa elementor-widget elementor-widget-text-editor\" data-id=\"fc0a4fa\" data-element_type=\"widget\" data-e-type=\"widget\" data-widget_type=\"text-editor.default\">\n\t\t\t\t<div class=\"elementor-widget-container\">\n\t\t\t\t\t\t\t\t\t<p><a href=\"http:\/\/www.fertiprotekt.de\/\">Fertiprotekt \u00bb<\/a> a\u011f\u0131n\u0131n (Kemoterapi ve I\u015f\u0131n Tedavisinde Do\u011furganl\u0131\u011f\u0131 Koruyucu \u00d6nlem A\u011f\u0131) \u00fcyesiyiz.<\/p>\t\t\t\t\t\t\t\t<\/div>\n\t\t\t\t<\/div>\n\t\t\t\t\t<\/div>\n\t\t<\/div>\n\t\t\t\t\t<\/div>\n\t\t<\/section>\n\t\t\t\t<\/div>\n\t\t","protected":false},"excerpt":{"rendered":"<p>Fertilite proteksiyonu: Buz \u00fczerinde umut &#8230; Belki yak\u0131n bir zamanda yan etkileri do\u011furganl\u0131\u011f\u0131n\u0131z\u0131n kaybolmas\u0131na yol a\u00e7acak ila\u00e7larla, \u0131\u015f\u0131n tedavisiyle ve \/ veya bir operasyonla tedavi edilmesi gereken bir hastal\u0131\u011f\u0131n\u0131z oldu\u011funu \u00f6\u011frendiniz. Tedaviyi yapan doktorunuz size sa\u011fl\u0131\u011f\u0131n\u0131za tekrar kavu\u015fman\u0131z i\u00e7in bu tedbirlerin gerekli oldu\u011funu a\u00e7\u0131klad\u0131. Te\u015fhis konulmas\u0131 ile terapiye ba\u015flanmas\u0131 aras\u0131ndaki zaman i\u00e7erisinde, yani k\u0131sa bir [&hellip;]<\/p>\n","protected":false},"author":17,"featured_media":0,"parent":0,"menu_order":0,"comment_status":"closed","ping_status":"closed","template":"","meta":{"slim_seo":{"title":"Fertilite proteksiyonu - Kinderwunschzentrum Gelsenkirchen","description":"Fertilite proteksiyonu: Buz \u00fczerinde umut ... Belki yak\u0131n bir zamanda yan etkileri do\u011furganl\u0131\u011f\u0131n\u0131z\u0131n kaybolmas\u0131na yol a\u00e7acak ila\u00e7larla, \u0131\u015f\u0131n tedavisiyle ve \/ ve"},"footnotes":""},"page-layout":[71],"class_list":["post-5771","page","type-page","status-publish","hentry","page-layout-layout-001"],"_links":{"self":[{"href":"https:\/\/kinderwunsch-gelsenkirchen.de\/tr\/wp-json\/wp\/v2\/pages\/5771","targetHints":{"allow":["GET"]}}],"collection":[{"href":"https:\/\/kinderwunsch-gelsenkirchen.de\/tr\/wp-json\/wp\/v2\/pages"}],"about":[{"href":"https:\/\/kinderwunsch-gelsenkirchen.de\/tr\/wp-json\/wp\/v2\/types\/page"}],"author":[{"embeddable":true,"href":"https:\/\/kinderwunsch-gelsenkirchen.de\/tr\/wp-json\/wp\/v2\/users\/17"}],"replies":[{"embeddable":true,"href":"https:\/\/kinderwunsch-gelsenkirchen.de\/tr\/wp-json\/wp\/v2\/comments?post=5771"}],"version-history":[{"count":1,"href":"https:\/\/kinderwunsch-gelsenkirchen.de\/tr\/wp-json\/wp\/v2\/pages\/5771\/revisions"}],"predecessor-version":[{"id":8476,"href":"https:\/\/kinderwunsch-gelsenkirchen.de\/tr\/wp-json\/wp\/v2\/pages\/5771\/revisions\/8476"}],"wp:attachment":[{"href":"https:\/\/kinderwunsch-gelsenkirchen.de\/tr\/wp-json\/wp\/v2\/media?parent=5771"}],"wp:term":[{"taxonomy":"page-layout","embeddable":true,"href":"https:\/\/kinderwunsch-gelsenkirchen.de\/tr\/wp-json\/wp\/v2\/page-layout?post=5771"}],"curies":[{"name":"wp","href":"https:\/\/api.w.org\/{rel}","templated":true}]}}