{"id":5731,"date":"2021-01-08T13:22:35","date_gmt":"2021-01-08T12:22:35","guid":{"rendered":"https:\/\/kiwuge.smartini.de\/?page_id=5731"},"modified":"2025-10-24T18:24:15","modified_gmt":"2025-10-24T16:24:15","slug":"ilk-gorusme","status":"publish","type":"page","link":"https:\/\/kinderwunsch-gelsenkirchen.de\/tr\/ilk-gorusme\/","title":{"rendered":"\u0130lk g\u00f6r\u00fc\u015fme"},"content":{"rendered":"\t\t<div data-elementor-type=\"wp-page\" data-elementor-id=\"5731\" class=\"elementor elementor-5731 elementor-5293\" data-elementor-post-type=\"page\">\n\t\t\t\t\t\t<section class=\"elementor-section elementor-top-section elementor-element elementor-element-9f57025 elementor-section-full_width elementor-section-height-default elementor-section-height-default\" data-id=\"9f57025\" data-element_type=\"section\" data-e-type=\"section\" data-settings=\"{&quot;jet_parallax_layout_list&quot;:[{&quot;jet_parallax_layout_image&quot;:{&quot;url&quot;:&quot;&quot;,&quot;id&quot;:&quot;&quot;,&quot;size&quot;:&quot;&quot;},&quot;_id&quot;:&quot;fb0dbf2&quot;,&quot;jet_parallax_layout_image_tablet&quot;:{&quot;url&quot;:&quot;&quot;,&quot;id&quot;:&quot;&quot;,&quot;size&quot;:&quot;&quot;},&quot;jet_parallax_layout_image_mobile&quot;:{&quot;url&quot;:&quot;&quot;,&quot;id&quot;:&quot;&quot;,&quot;size&quot;:&quot;&quot;},&quot;jet_parallax_layout_speed&quot;:{&quot;unit&quot;:&quot;%&quot;,&quot;size&quot;:50,&quot;sizes&quot;:[]},&quot;jet_parallax_layout_type&quot;:&quot;scroll&quot;,&quot;jet_parallax_layout_direction&quot;:&quot;1&quot;,&quot;jet_parallax_layout_fx_direction&quot;:null,&quot;jet_parallax_layout_z_index&quot;:&quot;&quot;,&quot;jet_parallax_layout_bg_x&quot;:50,&quot;jet_parallax_layout_bg_x_tablet&quot;:&quot;&quot;,&quot;jet_parallax_layout_bg_x_mobile&quot;:&quot;&quot;,&quot;jet_parallax_layout_bg_y&quot;:50,&quot;jet_parallax_layout_bg_y_tablet&quot;:&quot;&quot;,&quot;jet_parallax_layout_bg_y_mobile&quot;:&quot;&quot;,&quot;jet_parallax_layout_bg_size&quot;:&quot;auto&quot;,&quot;jet_parallax_layout_bg_size_tablet&quot;:&quot;&quot;,&quot;jet_parallax_layout_bg_size_mobile&quot;:&quot;&quot;,&quot;jet_parallax_layout_animation_prop&quot;:&quot;transform&quot;,&quot;jet_parallax_layout_on&quot;:[&quot;desktop&quot;,&quot;tablet&quot;]}]}\">\n\t\t\t\t\t\t<div class=\"elementor-container elementor-column-gap-no\">\n\t\t\t\t\t<div class=\"elementor-column elementor-col-100 elementor-top-column elementor-element elementor-element-87f3c3c\" data-id=\"87f3c3c\" data-element_type=\"column\" data-e-type=\"column\">\n\t\t\t<div class=\"elementor-widget-wrap elementor-element-populated\">\n\t\t\t\t\t\t<div class=\"elementor-element elementor-element-3a1b528 elementor-widget elementor-widget-heading\" data-id=\"3a1b528\" data-element_type=\"widget\" data-e-type=\"widget\" data-widget_type=\"heading.default\">\n\t\t\t\t<div class=\"elementor-widget-container\">\n\t\t\t\t\t<h1 class=\"elementor-heading-title elementor-size-default\">\u0130lk g\u00f6r\u00fc\u015fme<\/h1>\t\t\t\t<\/div>\n\t\t\t\t<\/div>\n\t\t\t\t<div class=\"elementor-element elementor-element-976f305 elementor-widget elementor-widget-text-editor\" data-id=\"976f305\" data-element_type=\"widget\" data-e-type=\"widget\" data-widget_type=\"text-editor.default\">\n\t\t\t\t<div class=\"elementor-widget-container\">\n\t\t\t\t\t\t\t\t\t<p><strong>Her terapiye ba\u015flamadan \u00f6nce \u00e7iftlerle detayl\u0131 bir g\u00f6r\u00fc\u015fme yap\u0131l\u0131r.<\/strong><\/p><p>Sizi daha yak\u0131ndan tan\u0131mak isteriz, a\u00e7\u0131kl\u0131k ve \u015feffafl\u0131k prensibini koruruz ve sizi orta\u011f\u0131m\u0131z olarak g\u00f6r\u00fcr\u00fcz!<\/p><p>\u00d6n hikayenize ve halen mevcut olan \u00f6n bulgular\u0131n\u0131za ba\u011fl\u0131 olarak, \u00e7o\u011fu zaman \u015fimdiye kadar ger\u00e7ekle\u015fmeyen hamileli\u011fin sebepleri ile ilgili a\u00e7\u0131klamalar ortaya \u00e7\u0131kar.<\/p><p>\u00d6nce bir soru formunu (kendiniz ve e\u015finiz i\u00e7in) bir soru formunu doldurman\u0131z\u0131 rica edece\u011fiz; \u00f6yle ki, \u00e7ok h\u0131zl\u0131 bir \u015fekilde genel bir bilgi edinebiliriz. E\u011fer isterseniz, bu (<a class=\"jce_file\" title=\"kad\u0131nlar i\u00e7in soru formunun \u00bb\" href=\"https:\/\/kinderwunsch-gelsenkirchen.de\/wp-content\/uploads\/2022\/07\/PVW-FB-21-Fragebogen-Frau-2207.pdf\" target=\"_blank\" rel=\"noopener\">kad\u0131nlar i\u00e7in soru formunun \u00bb<\/a> , <a class=\"wf_file\" title=\"ve erkekler i\u00e7in soru formunun \u00bb\" href=\"https:\/\/kinderwunsch-gelsenkirchen.de\/wp-content\/uploads\/2022\/07\/PVW-FB-22-Fragebogen-Mann-2207.pdf\" target=\"_blank\" rel=\"noopener\"><span class=\"wf_file_text\">ve erkekler i\u00e7in soru formunun \u00bb<\/span><\/a> ) yaz\u0131c\u0131dan \u00e7\u0131kt\u0131s\u0131n\u0131 alabilirsiniz veya muayenehaneden telefonla, faksla veya e-mail olarak talep edebilirsiniz.<\/p><p>\u00dcreme t\u0131bb\u0131 spektrumu ile ilgili imkanlar\u0131 ve s\u0131n\u0131rlar\u0131 size g\u00fcvenli bir atmosfer i\u00e7erisinde a\u00e7\u0131kl\u0131yoruz. Burada her soruya yer var. Bizim iste\u011fimiz, size ne \u00f6nerdi\u011fimizi tam olarak anlayabilmenizdir. Ard\u0131ndan terapinin uygulanmas\u0131na veya uygulanmamas\u0131na karar verecek durumda olacaks\u0131n\u0131z.<\/p><p>Sizi me\u015fgul eden her\u015feyi do\u011frudan do\u011fruya konu\u015fun. \u0130steklerinizi ve tasavvurlar\u0131n\u0131z\u0131 bize iletmekten \u00e7ekinmeyiniz.<\/p><p>Ayr\u0131ca terapi s\u00fcreci i\u00e7erisinde yap\u0131lacak olan di\u011fer g\u00f6r\u00fc\u015fmelerde her zaman sizi dinleyece\u011fiz.<br \/>Endi\u015feniz oldu\u011funda veya kendiniz g\u00fcvende hissetmedi\u011finizde ak\u015famlar\u0131 veya hafta sonlar\u0131 da bir acil cep telefonu hatt\u0131 vas\u0131tas\u0131yla muhatap olarak bize ula\u015fabileceksiniz.<\/p>\t\t\t\t\t\t\t\t<\/div>\n\t\t\t\t<\/div>\n\t\t\t\t\t<\/div>\n\t\t<\/div>\n\t\t\t\t\t<\/div>\n\t\t<\/section>\n\t\t\t\t<\/div>\n\t\t","protected":false},"excerpt":{"rendered":"<p>Her terapiye ba\u015flamadan \u00f6nce \u00e7iftlerle detayl\u0131 bir g\u00f6r\u00fc\u015fme yap\u0131l\u0131r. Sizi daha yak\u0131ndan tan\u0131mak isteriz, a\u00e7\u0131kl\u0131k ve \u015feffafl\u0131k prensibini koruruz ve sizi orta\u011f\u0131m\u0131z olarak g\u00f6r\u00fcr\u00fcz! \u00d6n hikayenize ve halen mevcut olan \u00f6n bulgular\u0131n\u0131za ba\u011fl\u0131 olarak, \u00e7o\u011fu zaman \u015fimdiye kadar ger\u00e7ekle\u015fmeyen hamileli\u011fin sebepleri ile ilgili a\u00e7\u0131klamalar ortaya \u00e7\u0131kar. \u00d6nce bir soru formunu (kendiniz ve e\u015finiz i\u00e7in) bir [&hellip;]<\/p>\n","protected":false},"author":17,"featured_media":0,"parent":0,"menu_order":0,"comment_status":"closed","ping_status":"closed","template":"","meta":{"slim_seo":{"title":"\u0130lk g\u00f6r\u00fc\u015fme - Kinderwunschzentrum Gelsenkirchen","description":"Her terapiye ba\u015flamadan \u00f6nce \u00e7iftlerle detayl\u0131 bir g\u00f6r\u00fc\u015fme yap\u0131l\u0131r. Sizi daha yak\u0131ndan tan\u0131mak isteriz, a\u00e7\u0131kl\u0131k ve \u015feffafl\u0131k prensibini koruruz ve sizi orta\u011f\u0131m\u0131"},"footnotes":""},"page-layout":[71],"class_list":["post-5731","page","type-page","status-publish","hentry","page-layout-layout-001"],"_links":{"self":[{"href":"https:\/\/kinderwunsch-gelsenkirchen.de\/tr\/wp-json\/wp\/v2\/pages\/5731","targetHints":{"allow":["GET"]}}],"collection":[{"href":"https:\/\/kinderwunsch-gelsenkirchen.de\/tr\/wp-json\/wp\/v2\/pages"}],"about":[{"href":"https:\/\/kinderwunsch-gelsenkirchen.de\/tr\/wp-json\/wp\/v2\/types\/page"}],"author":[{"embeddable":true,"href":"https:\/\/kinderwunsch-gelsenkirchen.de\/tr\/wp-json\/wp\/v2\/users\/17"}],"replies":[{"embeddable":true,"href":"https:\/\/kinderwunsch-gelsenkirchen.de\/tr\/wp-json\/wp\/v2\/comments?post=5731"}],"version-history":[{"count":7,"href":"https:\/\/kinderwunsch-gelsenkirchen.de\/tr\/wp-json\/wp\/v2\/pages\/5731\/revisions"}],"predecessor-version":[{"id":8469,"href":"https:\/\/kinderwunsch-gelsenkirchen.de\/tr\/wp-json\/wp\/v2\/pages\/5731\/revisions\/8469"}],"wp:attachment":[{"href":"https:\/\/kinderwunsch-gelsenkirchen.de\/tr\/wp-json\/wp\/v2\/media?parent=5731"}],"wp:term":[{"taxonomy":"page-layout","embeddable":true,"href":"https:\/\/kinderwunsch-gelsenkirchen.de\/tr\/wp-json\/wp\/v2\/page-layout?post=5731"}],"curies":[{"name":"wp","href":"https:\/\/api.w.org\/{rel}","templated":true}]}}