{"id":5710,"date":"2021-01-08T00:16:52","date_gmt":"2021-01-07T23:16:52","guid":{"rendered":"https:\/\/kiwuge.smartini.de\/?page_id=5710"},"modified":"2025-10-24T18:24:37","modified_gmt":"2025-10-24T16:24:37","slug":"tedavi-masraflari","status":"publish","type":"page","link":"https:\/\/kinderwunsch-gelsenkirchen.de\/tr\/tedavi-masraflari\/","title":{"rendered":"Tedavi masraflar\u0131"},"content":{"rendered":"\t\t<div data-elementor-type=\"wp-page\" data-elementor-id=\"5710\" class=\"elementor elementor-5710 elementor-5301\" data-elementor-post-type=\"page\">\n\t\t\t\t\t\t<section class=\"elementor-section elementor-top-section elementor-element elementor-element-9f57025 elementor-section-full_width elementor-section-height-default elementor-section-height-default\" data-id=\"9f57025\" data-element_type=\"section\" data-e-type=\"section\" data-settings=\"{&quot;jet_parallax_layout_list&quot;:[{&quot;jet_parallax_layout_image&quot;:{&quot;url&quot;:&quot;&quot;,&quot;id&quot;:&quot;&quot;,&quot;size&quot;:&quot;&quot;},&quot;_id&quot;:&quot;fb0dbf2&quot;,&quot;jet_parallax_layout_image_tablet&quot;:{&quot;url&quot;:&quot;&quot;,&quot;id&quot;:&quot;&quot;,&quot;size&quot;:&quot;&quot;},&quot;jet_parallax_layout_image_mobile&quot;:{&quot;url&quot;:&quot;&quot;,&quot;id&quot;:&quot;&quot;,&quot;size&quot;:&quot;&quot;},&quot;jet_parallax_layout_speed&quot;:{&quot;unit&quot;:&quot;%&quot;,&quot;size&quot;:50,&quot;sizes&quot;:[]},&quot;jet_parallax_layout_type&quot;:&quot;scroll&quot;,&quot;jet_parallax_layout_direction&quot;:&quot;1&quot;,&quot;jet_parallax_layout_fx_direction&quot;:null,&quot;jet_parallax_layout_z_index&quot;:&quot;&quot;,&quot;jet_parallax_layout_bg_x&quot;:50,&quot;jet_parallax_layout_bg_x_tablet&quot;:&quot;&quot;,&quot;jet_parallax_layout_bg_x_mobile&quot;:&quot;&quot;,&quot;jet_parallax_layout_bg_y&quot;:50,&quot;jet_parallax_layout_bg_y_tablet&quot;:&quot;&quot;,&quot;jet_parallax_layout_bg_y_mobile&quot;:&quot;&quot;,&quot;jet_parallax_layout_bg_size&quot;:&quot;auto&quot;,&quot;jet_parallax_layout_bg_size_tablet&quot;:&quot;&quot;,&quot;jet_parallax_layout_bg_size_mobile&quot;:&quot;&quot;,&quot;jet_parallax_layout_animation_prop&quot;:&quot;transform&quot;,&quot;jet_parallax_layout_on&quot;:[&quot;desktop&quot;,&quot;tablet&quot;]}]}\">\n\t\t\t\t\t\t<div class=\"elementor-container elementor-column-gap-no\">\n\t\t\t\t\t<div class=\"elementor-column elementor-col-100 elementor-top-column elementor-element elementor-element-87f3c3c\" data-id=\"87f3c3c\" data-element_type=\"column\" data-e-type=\"column\">\n\t\t\t<div class=\"elementor-widget-wrap elementor-element-populated\">\n\t\t\t\t\t\t<div class=\"elementor-element elementor-element-3a1b528 elementor-widget elementor-widget-heading\" data-id=\"3a1b528\" data-element_type=\"widget\" data-e-type=\"widget\" data-widget_type=\"heading.default\">\n\t\t\t\t<div class=\"elementor-widget-container\">\n\t\t\t\t\t<h1 class=\"elementor-heading-title elementor-size-default\">Tedavi masraflar\u0131<\/h1>\t\t\t\t<\/div>\n\t\t\t\t<\/div>\n\t\t\t\t<div class=\"elementor-element elementor-element-976f305 elementor-widget elementor-widget-text-editor\" data-id=\"976f305\" data-element_type=\"widget\" data-e-type=\"widget\" data-widget_type=\"text-editor.default\">\n\t\t\t\t<div class=\"elementor-widget-container\">\n\t\t\t\t\t\t\t\t\t<div class=\"content\"><h2>Kanuni sigortas\u0131 olan \u00e7iftlerde<\/h2><p><strong>Masraflar\u0131n \u00fcstlenilmesi ile ilgili \u00e7er\u00e7eve \u015fartlar\u0131 ve ko\u015fullar<\/strong><\/p><p>2004 y\u0131l\u0131ndan beri \u00e7ocuk sahibi olma tedavisi ile ilgili \u015fartlar kanunen sigortal\u0131 olanlar a\u00e7\u0131s\u0131ndan kanun koyucu taraf\u0131ndan de\u011fi\u015ftirilmi\u015ftir. <br \/>Ayr\u0131ca a\u015fa\u011f\u0131da belirtilen durumlarda masraflar\u0131n komple kar\u015f\u0131lanmas\u0131 s\u00f6z konusudur:<\/p><ul><li>Dan\u0131\u015fmanl\u0131k g\u00f6r\u00fc\u015fmeleri<\/li><li>\u0130stenmeyen \u00e7ocuksuzluk diyagnosti\u011fi<\/li><li>Tamamen hormon destekli bir tedavi s\u00f6z konusu ise, tedavi masraflar\u0131.<\/li><\/ul><p>Hastal\u0131k sigortas\u0131 kurumunun tedavi masraflar\u0131n\u0131n (ila\u00e7lar, doktor, laboratuar) %50&#8217;sini \u00fcstlenmesi i\u00e7in, yapay d\u00f6llenme konusunda belli \u015fartlar\u0131n yerine getirilmesi gerekmektedir:<\/p><ul><li>Planlanan tedavinin ba\u015far\u0131l\u0131 olacak gibi g\u00f6r\u00fcnmesi gerekir ve \u00e7ocuk sahibi olamama durumundan ba\u015fka tedbirler vas\u0131tas\u0131yla kurtulmak m\u00fcmk\u00fcn olamamal\u0131d\u0131r.<\/li><li>\u00c7ocuk sahibi olacak \u00e7ift, birbiriyle evli olmal\u0131d\u0131r.<\/li><li>Kad\u0131n ve erkek en az 25 ya\u015f\u0131nda olmal\u0131d\u0131r; kad\u0131n 40 ya\u015f\u0131ndan, erkek ise 50 ya\u015f\u0131ndan daha ya\u015fl\u0131 olmamal\u0131d\u0131r.<\/li><li>Ayr\u0131ca kad\u0131n k\u0131zam\u0131k\u00e7\u0131k enfeksiyonuna kar\u015f\u0131 yeterli korumaya sahip olmal\u0131d\u0131r ve her iki partner de hepatit ve HIV a\u00e7\u0131s\u0131ndan muayene edilmelidir.<\/li><li>Tedaviye ba\u015flamadan \u00d6NCE \u00e7ocuk sahibi olma tedavisinin masraflar\u0131n\u0131n \u00fcstlenilmesi hakk\u0131nda bir dilek\u00e7enin (deyim yerindeyse tedavi plan\u0131n\u0131n) ibraz edilmesi gerekir; bu dilek\u00e7e hastal\u0131k sigortas\u0131 kurumu taraf\u0131ndan onaylanmal\u0131d\u0131r.<br \/>Bu dilek\u00e7e sadece kendilerine izin verilen, reprod\u00fcksiyon t\u0131bb\u0131 konusunda vas\u0131fl\u0131 olan doktorlar taraf\u0131ndan d\u00fczenlenmelidir.<\/li><\/ul><p>Partnerlerden birinin k\u0131s\u0131r olmas\u0131 durumunda, genel olarak hastal\u0131k sigortas\u0131 kurumundan masraflar\u0131n \u00fcstlenilmesini talep etme hakk\u0131 ortadan kalkmaktad\u0131r.<\/p><p><strong>Masraf pay\u0131<\/strong><\/p><p>A\u015fa\u011f\u0131da yer alan tablo, yukar\u0131da a\u00e7\u0131klanan \u015fartlar\u0131n yerine getirilmesi halinde SGB V (yapay d\u00f6llenme) \u00a727a&#8217;n\u0131n hangi tedbirleri kapsad\u0131\u011f\u0131, kanuni hastal\u0131k sigortas\u0131 olan hastalar\u0131n hangi ki\u015fisel paylar\u0131 \u00fcstlenmesi gerekti\u011fi ve hastal\u0131k sigortas\u0131 kurumunun maksimum ka\u00e7 terapiyi mali olarak destekledi\u011fi konusunda bilgi vermektedir. Belirtilen tutarlar, doktor ve laboratuar hizmetleriyle ilgili tutarlar\u0131 i\u00e7ermektedir.<\/p><table border=\"0\"><tbody><tr><td style=\"background-color: #bbbbbb;\" valign=\"top\"><strong>\u00d6deme<\/strong><\/td><td style=\"background-color: #bbbbbb;\" valign=\"top\"><strong>%50<br \/>la\u00e7larla <br \/>ilgili ki\u015fisel pay<\/strong><\/td><td style=\"background-color: #bbbbbb;\" valign=\"top\"><strong>%50<br \/>Doktor + laboratuar ile<br \/>ilgili ki\u015fisel pay<\/strong><\/td><td style=\"background-color: #bbbbbb;\" valign=\"top\"><strong>%50<br \/>Toplam masraflarla<br \/>ilgili ki\u015fisel pay<\/strong><\/td><td style=\"background-color: #bbbbbb;\" valign=\"top\"><strong>Maks.<br \/>say\u0131<\/strong><\/td><\/tr><tr><td style=\"background-color: #bbbbbb;\" valign=\"top\">Hormonel stim\u00fclasyon <br \/>olmadan yapay d\u00f6llenme<\/td><td style=\"background-color: #bbbbbb;\" valign=\"middle\">40,00 \u20ac<\/td><td style=\"background-color: #bbbbbb;\" valign=\"middle\">60,00 \u20ac<\/td><td style=\"background-color: #bbbbbb;\" valign=\"middle\">100,00 \u20ac<\/td><td style=\"background-color: #bbbbbb;\" valign=\"middle\">8<\/td><\/tr><tr style=\"background-color: #bbbbbb;\" valign=\"middle\"><td>Hormonel olarak <br \/>stim\u00fcle edilen <br \/>d\u00f6ng\u00fcde yapay d\u00f6llenme<\/td><td>400,00 \u20ac<\/td><td>100,00 \u20ac<\/td><td>500,00 \u20ac<\/td><td>3<\/td><\/tr><tr style=\"background-color: #bbbbbb;\" valign=\"middle\"><td>IVF Terapisi<\/td><td>800,00 \u20ac<\/td><td>750,00 \u20ac<\/td><td>1550,00 \u20ac<\/td><td>3*<\/td><\/tr><tr style=\"background-color: #bbbbbb;\" valign=\"middle\"><td>ICSI Terapisi<\/td><td>800,00 \u20ac<\/td><td>950,00 \u20ac<\/td><td>1750,00 \u20ac<\/td><td>3*<\/td><\/tr><\/tbody><\/table><p><em><span style=\"font-size: 10pt;\"> * \u00dc\u00e7\u00fcnc\u00fc IVF ve ICSI tedavisi sadece ilk iki terapide bir d\u00f6llenme olmas\u0131 durumunda sa\u011flan\u0131r. Hamilelik ger\u00e7ekle\u015ftirkten sonra, yani hamileli\u011fe yol a\u00e7an tedavinin tekrar edilebilecek olmas\u0131 durumunda, di\u011fer bir terapi i\u00e7in yeniden masraflar\u0131n %50 oran\u0131nda \u00fcstlenilmesi s\u00f6z konusu olur. Hamileli\u011fin olu\u015fmas\u0131 i\u00e7in \u00fc\u00e7ten fazla tedavi d\u00f6ng\u00fcs\u00fcn\u00fcn gerekli olmas\u0131 halinde, tabii ki, \u00e7iftler kendi masraflar\u0131n\u0131 kendileri kar\u015f\u0131layacaklard\u0131r.<\/span><\/em><\/p><p>Tabloda belirtilen masraflar ortalama de\u011ferlerdir. Bu rakamlar d\u00fczenlenen ila\u00e7lara ve gerekli olan doza g\u00f6re de\u011fi\u015fiklik g\u00f6sterebilirler.<\/p><p>Hastalarila\u00e7 masraflar\u0131n\u0131n %50&#8217;sini kar\u015f\u0131lad\u0131klar\u0131 i\u00e7in, ola\u011fan \u00fccret ortadan kalkar.<\/p><p>Yukar\u0131da belirtilen \u015fartlar, sadece hastal\u0131k sigortas\u0131 kurumu taraf\u0131ndan onaylanm\u0131\u015f bir tedavi plan\u0131n\u0131n mevcut olmas\u0131 durumunda ge\u00e7erlidir. \u00c7ocuk sahibi olmaya y\u00f6nelik b\u00fct\u00fcn tedaviler, hastalar\u0131n kendi hesab\u0131na s\u0131n\u0131rs\u0131z olarak uygulanabilmektedir.<\/p><p>Hastalar\u0131n kendilerinin finanse ettikleri terapi masraflar\u0131, \u201eal\u0131\u015f\u0131lm\u0131\u015f\u0131n d\u0131\u015f\u0131nda y\u00fck&#8221; olarak vergi dairesinden talep edilebilir.<\/p><h2>\u00a0<\/h2><h2>\u00d6zel sigortas\u0131 olan hastalarda<\/h2><p>Bu uygulama en az\u0131ndan partnerlerden birinin \u00f6zel sigortas\u0131 olmas\u0131 halinde ger\u00e7ekle\u015ftirilir.<\/p><p>Masraflar\u0131n \u00fcstlenilmesi konusunda bireysel \u015fartlar ge\u00e7erlidir.<\/p><p>\u00d6zel hastal\u0131k sigortlar\u0131nda tedavi masraflar\u0131 sadece sigortal\u0131 olan ki\u015finin ayn\u0131 zamanda istnemeyen \u00e7ocuksuzluk durumunda \u201esebebiyet veren ki\u015fi&#8221; olmas\u0131 halinde \u00fcstlenilebilir (deyim yerindeyse \u201esebebiyet veren ki\u015fi prensibi&#8221;).<\/p><p>Her durumda masraflar\u0131n \u00fcstlenilmesi ile ilgili bir dilek\u00e7e verilmesi tavsiye edilir. Bu dilek\u00e7eyi biz haz\u0131rl\u0131yoruz ve hastal\u0131k sigortas\u0131 kurumunuza iletilmek \u00fczere size g\u00f6nderiyoruz.<\/p><p>Hastal\u0131k sigortas\u0131n\u0131n konstelasyonuna (\u00f6rne\u011fin, bir partnerin kanuni sigortas\u0131n\u0131n olmas\u0131, di\u011fer partnerin \u00f6zel sigortas\u0131n\u0131n olmas\u0131) ve sebeplere g\u00f6re, tedavi masraflar\u0131 farkl\u0131 \u015fekillerde talep edilebilir. Bu konuda size yard\u0131mc\u0131 olaca\u011f\u0131z!<\/p><p>\u00d6zel hastal\u0131k sigortas\u0131 kurumunun masraflar\u0131 \u00fcstlenmeyi reddetmesi halinde, her zaman tedaviye ba\u015flayabilirsiniz, fakat o zaman masraflar\u0131 kendiniz kar\u015f\u0131lamal\u0131s\u0131n\u0131z.<\/p><\/div>\t\t\t\t\t\t\t\t<\/div>\n\t\t\t\t<\/div>\n\t\t\t\t\t<\/div>\n\t\t<\/div>\n\t\t\t\t\t<\/div>\n\t\t<\/section>\n\t\t\t\t<\/div>\n\t\t","protected":false},"excerpt":{"rendered":"<p>Kanuni sigortas\u0131 olan \u00e7iftlerde Masraflar\u0131n \u00fcstlenilmesi ile ilgili \u00e7er\u00e7eve \u015fartlar\u0131 ve ko\u015fullar 2004 y\u0131l\u0131ndan beri \u00e7ocuk sahibi olma tedavisi ile ilgili \u015fartlar kanunen sigortal\u0131 olanlar a\u00e7\u0131s\u0131ndan kanun koyucu taraf\u0131ndan de\u011fi\u015ftirilmi\u015ftir. Ayr\u0131ca a\u015fa\u011f\u0131da belirtilen durumlarda masraflar\u0131n komple kar\u015f\u0131lanmas\u0131 s\u00f6z konusudur: Dan\u0131\u015fmanl\u0131k g\u00f6r\u00fc\u015fmeleri \u0130stenmeyen \u00e7ocuksuzluk diyagnosti\u011fi Tamamen hormon destekli bir tedavi s\u00f6z konusu ise, tedavi masraflar\u0131. Hastal\u0131k [&hellip;]<\/p>\n","protected":false},"author":17,"featured_media":0,"parent":0,"menu_order":0,"comment_status":"closed","ping_status":"closed","template":"","meta":{"slim_seo":{"title":"Tedavi masraflar\u0131 - Kinderwunschzentrum Gelsenkirchen","description":"Kanuni sigortas\u0131 olan \u00e7iftlerde Masraflar\u0131n \u00fcstlenilmesi ile ilgili \u00e7er\u00e7eve \u015fartlar\u0131 ve ko\u015fullar 2004 y\u0131l\u0131ndan beri \u00e7ocuk sahibi olma tedavisi ile ilgili \u015fartla"},"footnotes":""},"page-layout":[71],"class_list":["post-5710","page","type-page","status-publish","hentry","page-layout-layout-001"],"_links":{"self":[{"href":"https:\/\/kinderwunsch-gelsenkirchen.de\/tr\/wp-json\/wp\/v2\/pages\/5710","targetHints":{"allow":["GET"]}}],"collection":[{"href":"https:\/\/kinderwunsch-gelsenkirchen.de\/tr\/wp-json\/wp\/v2\/pages"}],"about":[{"href":"https:\/\/kinderwunsch-gelsenkirchen.de\/tr\/wp-json\/wp\/v2\/types\/page"}],"author":[{"embeddable":true,"href":"https:\/\/kinderwunsch-gelsenkirchen.de\/tr\/wp-json\/wp\/v2\/users\/17"}],"replies":[{"embeddable":true,"href":"https:\/\/kinderwunsch-gelsenkirchen.de\/tr\/wp-json\/wp\/v2\/comments?post=5710"}],"version-history":[{"count":1,"href":"https:\/\/kinderwunsch-gelsenkirchen.de\/tr\/wp-json\/wp\/v2\/pages\/5710\/revisions"}],"predecessor-version":[{"id":8474,"href":"https:\/\/kinderwunsch-gelsenkirchen.de\/tr\/wp-json\/wp\/v2\/pages\/5710\/revisions\/8474"}],"wp:attachment":[{"href":"https:\/\/kinderwunsch-gelsenkirchen.de\/tr\/wp-json\/wp\/v2\/media?parent=5710"}],"wp:term":[{"taxonomy":"page-layout","embeddable":true,"href":"https:\/\/kinderwunsch-gelsenkirchen.de\/tr\/wp-json\/wp\/v2\/page-layout?post=5710"}],"curies":[{"name":"wp","href":"https:\/\/api.w.org\/{rel}","templated":true}]}}