{"id":5701,"date":"2021-01-08T00:06:06","date_gmt":"2021-01-07T23:06:06","guid":{"rendered":"https:\/\/kiwuge.smartini.de\/?page_id=5701"},"modified":"2021-05-11T02:43:23","modified_gmt":"2021-05-11T00:43:23","slug":"bilgi-aksami","status":"publish","type":"page","link":"https:\/\/kinderwunsch-gelsenkirchen.de\/tr\/bilgi-aksami\/","title":{"rendered":"Bilgi ak\u015fam\u0131"},"content":{"rendered":"\t\t<div data-elementor-type=\"wp-page\" data-elementor-id=\"5701\" class=\"elementor elementor-5701 elementor-5409\" data-elementor-post-type=\"page\">\n\t\t\t\t\t\t<section class=\"elementor-section elementor-top-section elementor-element elementor-element-3189b6d elementor-section-full_width elementor-section-height-default elementor-section-height-default\" data-id=\"3189b6d\" data-element_type=\"section\" data-e-type=\"section\" data-settings=\"{&quot;jet_parallax_layout_list&quot;:[{&quot;jet_parallax_layout_image&quot;:{&quot;url&quot;:&quot;&quot;,&quot;id&quot;:&quot;&quot;,&quot;size&quot;:&quot;&quot;},&quot;_id&quot;:&quot;fb0dbf2&quot;,&quot;jet_parallax_layout_image_tablet&quot;:{&quot;url&quot;:&quot;&quot;,&quot;id&quot;:&quot;&quot;,&quot;size&quot;:&quot;&quot;},&quot;jet_parallax_layout_image_mobile&quot;:{&quot;url&quot;:&quot;&quot;,&quot;id&quot;:&quot;&quot;,&quot;size&quot;:&quot;&quot;},&quot;jet_parallax_layout_speed&quot;:{&quot;unit&quot;:&quot;%&quot;,&quot;size&quot;:50,&quot;sizes&quot;:[]},&quot;jet_parallax_layout_type&quot;:&quot;scroll&quot;,&quot;jet_parallax_layout_direction&quot;:&quot;1&quot;,&quot;jet_parallax_layout_fx_direction&quot;:null,&quot;jet_parallax_layout_z_index&quot;:&quot;&quot;,&quot;jet_parallax_layout_bg_x&quot;:50,&quot;jet_parallax_layout_bg_x_tablet&quot;:&quot;&quot;,&quot;jet_parallax_layout_bg_x_mobile&quot;:&quot;&quot;,&quot;jet_parallax_layout_bg_y&quot;:50,&quot;jet_parallax_layout_bg_y_tablet&quot;:&quot;&quot;,&quot;jet_parallax_layout_bg_y_mobile&quot;:&quot;&quot;,&quot;jet_parallax_layout_bg_size&quot;:&quot;auto&quot;,&quot;jet_parallax_layout_bg_size_tablet&quot;:&quot;&quot;,&quot;jet_parallax_layout_bg_size_mobile&quot;:&quot;&quot;,&quot;jet_parallax_layout_animation_prop&quot;:&quot;transform&quot;,&quot;jet_parallax_layout_on&quot;:[&quot;desktop&quot;,&quot;tablet&quot;]}]}\">\n\t\t\t\t\t\t<div class=\"elementor-container elementor-column-gap-no\">\n\t\t\t\t\t<div class=\"elementor-column elementor-col-100 elementor-top-column elementor-element elementor-element-b2774d9\" data-id=\"b2774d9\" data-element_type=\"column\" data-e-type=\"column\">\n\t\t\t<div class=\"elementor-widget-wrap elementor-element-populated\">\n\t\t\t\t\t\t<div class=\"elementor-element elementor-element-e44d38c elementor-widget elementor-widget-heading\" data-id=\"e44d38c\" data-element_type=\"widget\" data-e-type=\"widget\" data-widget_type=\"heading.default\">\n\t\t\t\t<div class=\"elementor-widget-container\">\n\t\t\t\t\t<h1 class=\"elementor-heading-title elementor-size-default\">Bilgi ak\u015fam\u0131<\/h1>\t\t\t\t<\/div>\n\t\t\t\t<\/div>\n\t\t\t\t<div class=\"elementor-element elementor-element-c797132 elementor-widget elementor-widget-text-editor\" data-id=\"c797132\" data-element_type=\"widget\" data-e-type=\"widget\" data-widget_type=\"text-editor.default\">\n\t\t\t\t<div class=\"elementor-widget-container\">\n\t\t\t\t\t\t\t\t\t<p><strong>Pandemi s\u0131ras\u0131nda bilgi ak\u015famlar\u0131 d\u00fczenlemek istemiyoruz.<\/strong><br \/><strong>Bir bilgi ak\u015fam\u0131n\u0131n kayd\u0131n\u0131 buradan izleyebilirsiniz.<\/strong><\/p>\t\t\t\t\t\t\t\t<\/div>\n\t\t\t\t<\/div>\n\t\t\t\t<div class=\"elementor-element elementor-element-9694db6 elementor-widget elementor-widget-video\" data-id=\"9694db6\" data-element_type=\"widget\" data-e-type=\"widget\" data-settings=\"{&quot;video_type&quot;:&quot;vimeo&quot;}\" data-widget_type=\"video.default\">\n\t\t\t\t<div class=\"elementor-widget-container\">\n\t\t\t\t\t\t\t<div class=\"elementor-wrapper elementor-open-inline\">\n\t\t\t<iframe class=\"elementor-video-iframe\" allowfullscreen allow=\"clipboard-write\" title=\"vimeo Video Oynat\u0131c\u0131\" src=\"https:\/\/player.vimeo.com\/video\/547742458?color&amp;autopause=0&amp;loop=0&amp;muted=0&amp;title=0&amp;portrait=0&amp;byline=0#t=\"><\/iframe>\t\t<\/div>\n\t\t\t\t\t\t<\/div>\n\t\t\t\t<\/div>\n\t\t\t\t\t<\/div>\n\t\t<\/div>\n\t\t\t\t\t<\/div>\n\t\t<\/section>\n\t\t\t\t<section class=\"elementor-section elementor-top-section elementor-element elementor-element-9f57025 elementor-section-full_width elementor-hidden-desktop elementor-hidden-tablet elementor-hidden-phone elementor-section-height-default elementor-section-height-default\" data-id=\"9f57025\" data-element_type=\"section\" data-e-type=\"section\" data-settings=\"{&quot;jet_parallax_layout_list&quot;:[{&quot;jet_parallax_layout_image&quot;:{&quot;url&quot;:&quot;&quot;,&quot;id&quot;:&quot;&quot;,&quot;size&quot;:&quot;&quot;},&quot;_id&quot;:&quot;fb0dbf2&quot;,&quot;jet_parallax_layout_image_tablet&quot;:{&quot;url&quot;:&quot;&quot;,&quot;id&quot;:&quot;&quot;,&quot;size&quot;:&quot;&quot;},&quot;jet_parallax_layout_image_mobile&quot;:{&quot;url&quot;:&quot;&quot;,&quot;id&quot;:&quot;&quot;,&quot;size&quot;:&quot;&quot;},&quot;jet_parallax_layout_speed&quot;:{&quot;unit&quot;:&quot;%&quot;,&quot;size&quot;:50,&quot;sizes&quot;:[]},&quot;jet_parallax_layout_type&quot;:&quot;scroll&quot;,&quot;jet_parallax_layout_direction&quot;:&quot;1&quot;,&quot;jet_parallax_layout_fx_direction&quot;:null,&quot;jet_parallax_layout_z_index&quot;:&quot;&quot;,&quot;jet_parallax_layout_bg_x&quot;:50,&quot;jet_parallax_layout_bg_x_tablet&quot;:&quot;&quot;,&quot;jet_parallax_layout_bg_x_mobile&quot;:&quot;&quot;,&quot;jet_parallax_layout_bg_y&quot;:50,&quot;jet_parallax_layout_bg_y_tablet&quot;:&quot;&quot;,&quot;jet_parallax_layout_bg_y_mobile&quot;:&quot;&quot;,&quot;jet_parallax_layout_bg_size&quot;:&quot;auto&quot;,&quot;jet_parallax_layout_bg_size_tablet&quot;:&quot;&quot;,&quot;jet_parallax_layout_bg_size_mobile&quot;:&quot;&quot;,&quot;jet_parallax_layout_animation_prop&quot;:&quot;transform&quot;,&quot;jet_parallax_layout_on&quot;:[&quot;desktop&quot;,&quot;tablet&quot;]}]}\">\n\t\t\t\t\t\t<div class=\"elementor-container elementor-column-gap-no\">\n\t\t\t\t\t<div class=\"elementor-column elementor-col-100 elementor-top-column elementor-element elementor-element-87f3c3c\" data-id=\"87f3c3c\" data-element_type=\"column\" data-e-type=\"column\">\n\t\t\t<div class=\"elementor-widget-wrap elementor-element-populated\">\n\t\t\t\t\t\t<div class=\"elementor-element elementor-element-3a1b528 elementor-widget elementor-widget-heading\" data-id=\"3a1b528\" data-element_type=\"widget\" data-e-type=\"widget\" data-widget_type=\"heading.default\">\n\t\t\t\t<div class=\"elementor-widget-container\">\n\t\t\t\t\t<h1 class=\"elementor-heading-title elementor-size-default\">Bilgi ak\u015fam\u0131<\/h1>\t\t\t\t<\/div>\n\t\t\t\t<\/div>\n\t\t\t\t<div class=\"elementor-element elementor-element-976f305 elementor-widget elementor-widget-text-editor\" data-id=\"976f305\" data-element_type=\"widget\" data-e-type=\"widget\" data-widget_type=\"text-editor.default\">\n\t\t\t\t<div class=\"elementor-widget-container\">\n\t\t\t\t\t\t\t\t\t<div class=\"content\"><p><strong>Ayda bir kere bilgilendirme ak\u015fam\u0131 toplant\u0131s\u0131 ger\u00e7ekle\u015ftirilmektedir.<\/strong><\/p><table style=\"width: 100%; text-align: left;\" border=\"0\" cellspacing=\"0\" cellpadding=\"0\"><tbody><tr><td align=\"left\" valign=\"top\">Tarihler:<\/td><td colspan=\"2\" align=\"left\" valign=\"top\">Unsere Infoabende finden zur\u00a0Zeit nicht statt, wir bitten um Ihr Verst\u00e4ndnis.<\/td><\/tr><tr><td align=\"left\" valign=\"top\">Yer:<\/td><td colspan=\"2\" align=\"left\" valign=\"top\">Gelsenkirchen Bilim Park\u0131. L\u00fctfen, organizasyonun hangi odada ger\u00e7ekle\u015ftirildi\u011fini kap\u0131 g\u00f6revlisine sorunuz. <a href=\"https:\/\/kinderwunsch-gelsenkirchen.de\/tr\/muayenehanemiz\/iletisim\">lleti\u015fim ve ula\u015f\u0131m plan\u0131 \u00bb<\/a><\/td><\/tr><tr><td align=\"left\" valign=\"top\">S\u00fcre:<\/td><td colspan=\"2\" align=\"left\" valign=\"top\">yakla\u015f\u0131k 1,5 saat<\/td><\/tr><tr><td align=\"left\" valign=\"top\">\u0130\u00e7erik:<\/td><td colspan=\"2\" align=\"left\" valign=\"top\"><p>\u00c7ift olarak size \u00e7ocuk sahibi olma terapisinin diyagnosti\u011fi ve ayn\u0131 zamanda bu konudaki imkanlar ve s\u0131n\u0131rlar ile ilgili kapsaml\u0131 bir bilgi veriyoruz.<\/p><p>Bu bilgi ak\u015fam\u0131, zaman\u0131 sizinle birlikte belirlenen detayl\u0131 bir dan\u0131\u015fmanl\u0131k g\u00f6r\u00fc\u015fmesinin yerini almamal\u0131d\u0131r. Daha \u00e7ok, bu organizasyon, bilin\u00e7li ve iyi bilgilendirilmi\u015f ki\u015filer olarak bir terapiye karar verebilmeniz i\u00e7in bir anlama zemini olu\u015fturmal\u0131d\u0131r.<\/p><\/td><\/tr><tr><td align=\"left\" valign=\"top\">Ba\u015fvuru:<\/td><td colspan=\"2\" align=\"left\" valign=\"top\">Yaz\u0131l\u0131 olarak, telefonla, faksla veya mail ile ba\u015fvuruda bulunabilirsiniz; ba\u015fvurular\u0131n\u0131z i\u00e7in pe\u015finen te\u015fekk\u00fcrlerimizi sunar\u0131z. B\u00f6ylece bizim organizasyon yapmam\u0131z kolayla\u015f\u0131r ve siz de kat\u0131l\u0131mc\u0131 say\u0131s\u0131n\u0131 bildi\u011finizde k\u00fc\u00e7\u00fck bir grup i\u00e7erisinde ilk sorular\u0131n\u0131z\u0131 konu\u015fabilme imkan\u0131na sahip okursunuz.<\/td><\/tr><\/tbody><\/table><\/div>\t\t\t\t\t\t\t\t<\/div>\n\t\t\t\t<\/div>\n\t\t\t\t\t<\/div>\n\t\t<\/div>\n\t\t\t\t\t<\/div>\n\t\t<\/section>\n\t\t\t\t<\/div>\n\t\t","protected":false},"excerpt":{"rendered":"<p>Pandemi s\u0131ras\u0131nda bilgi ak\u015famlar\u0131 d\u00fczenlemek istemiyoruz.Bir bilgi ak\u015fam\u0131n\u0131n kayd\u0131n\u0131 buradan izleyebilirsiniz. https:\/\/vimeo.com\/547742458 Ayda bir kere bilgilendirme ak\u015fam\u0131 toplant\u0131s\u0131 ger\u00e7ekle\u015ftirilmektedir. Tarihler: Unsere Infoabende finden zur\u00a0Zeit nicht statt, wir bitten um Ihr Verst\u00e4ndnis. Yer: Gelsenkirchen Bilim Park\u0131. L\u00fctfen, organizasyonun hangi odada ger\u00e7ekle\u015ftirildi\u011fini kap\u0131 g\u00f6revlisine sorunuz. lleti\u015fim ve ula\u015f\u0131m plan\u0131 \u00bb S\u00fcre: yakla\u015f\u0131k 1,5 saat \u0130\u00e7erik: \u00c7ift olarak [&hellip;]<\/p>\n","protected":false},"author":17,"featured_media":0,"parent":0,"menu_order":0,"comment_status":"closed","ping_status":"closed","template":"","meta":{"slim_seo":{"title":"Bilgi ak\u015fam\u0131 - Kinderwunschzentrum Gelsenkirchen","description":"Pandemi s\u0131ras\u0131nda bilgi ak\u015famlar\u0131 d\u00fczenlemek istemiyoruz. Bir bilgi ak\u015fam\u0131n\u0131n kayd\u0131n\u0131 buradan izleyebilirsiniz. https:\/\/vimeo.com\/547742458 Ayda bir kere bilgil"},"footnotes":""},"page-layout":[71],"class_list":["post-5701","page","type-page","status-publish","hentry","page-layout-layout-001"],"_links":{"self":[{"href":"https:\/\/kinderwunsch-gelsenkirchen.de\/tr\/wp-json\/wp\/v2\/pages\/5701","targetHints":{"allow":["GET"]}}],"collection":[{"href":"https:\/\/kinderwunsch-gelsenkirchen.de\/tr\/wp-json\/wp\/v2\/pages"}],"about":[{"href":"https:\/\/kinderwunsch-gelsenkirchen.de\/tr\/wp-json\/wp\/v2\/types\/page"}],"author":[{"embeddable":true,"href":"https:\/\/kinderwunsch-gelsenkirchen.de\/tr\/wp-json\/wp\/v2\/users\/17"}],"replies":[{"embeddable":true,"href":"https:\/\/kinderwunsch-gelsenkirchen.de\/tr\/wp-json\/wp\/v2\/comments?post=5701"}],"version-history":[{"count":0,"href":"https:\/\/kinderwunsch-gelsenkirchen.de\/tr\/wp-json\/wp\/v2\/pages\/5701\/revisions"}],"wp:attachment":[{"href":"https:\/\/kinderwunsch-gelsenkirchen.de\/tr\/wp-json\/wp\/v2\/media?parent=5701"}],"wp:term":[{"taxonomy":"page-layout","embeddable":true,"href":"https:\/\/kinderwunsch-gelsenkirchen.de\/tr\/wp-json\/wp\/v2\/page-layout?post=5701"}],"curies":[{"name":"wp","href":"https:\/\/api.w.org\/{rel}","templated":true}]}}