{"id":5604,"date":"2020-07-20T00:14:45","date_gmt":"2020-07-20T00:14:45","guid":{"rendered":"https:\/\/kiwuge.smartini.de\/impressum\/"},"modified":"2023-06-29T13:51:14","modified_gmt":"2023-06-29T11:51:14","slug":"impressum","status":"publish","type":"page","link":"https:\/\/kinderwunsch-gelsenkirchen.de\/tr\/impressum\/","title":{"rendered":"Impressum"},"content":{"rendered":"\t\t<div data-elementor-type=\"wp-page\" data-elementor-id=\"5604\" class=\"elementor elementor-5604 elementor-1452\" data-elementor-post-type=\"page\">\n\t\t\t\t\t\t<section class=\"elementor-section elementor-top-section elementor-element elementor-element-e55cd31 elementor-section-boxed elementor-section-height-default elementor-section-height-default\" data-id=\"e55cd31\" data-element_type=\"section\" data-e-type=\"section\" data-settings=\"{&quot;jet_parallax_layout_list&quot;:[{&quot;jet_parallax_layout_image&quot;:{&quot;url&quot;:&quot;&quot;,&quot;id&quot;:&quot;&quot;,&quot;size&quot;:&quot;&quot;},&quot;_id&quot;:&quot;1b3ee24&quot;,&quot;jet_parallax_layout_image_tablet&quot;:{&quot;url&quot;:&quot;&quot;,&quot;id&quot;:&quot;&quot;,&quot;size&quot;:&quot;&quot;},&quot;jet_parallax_layout_image_mobile&quot;:{&quot;url&quot;:&quot;&quot;,&quot;id&quot;:&quot;&quot;,&quot;size&quot;:&quot;&quot;},&quot;jet_parallax_layout_speed&quot;:{&quot;unit&quot;:&quot;%&quot;,&quot;size&quot;:50,&quot;sizes&quot;:[]},&quot;jet_parallax_layout_type&quot;:&quot;scroll&quot;,&quot;jet_parallax_layout_direction&quot;:&quot;1&quot;,&quot;jet_parallax_layout_fx_direction&quot;:null,&quot;jet_parallax_layout_z_index&quot;:&quot;&quot;,&quot;jet_parallax_layout_bg_x&quot;:50,&quot;jet_parallax_layout_bg_x_tablet&quot;:&quot;&quot;,&quot;jet_parallax_layout_bg_x_mobile&quot;:&quot;&quot;,&quot;jet_parallax_layout_bg_y&quot;:50,&quot;jet_parallax_layout_bg_y_tablet&quot;:&quot;&quot;,&quot;jet_parallax_layout_bg_y_mobile&quot;:&quot;&quot;,&quot;jet_parallax_layout_bg_size&quot;:&quot;auto&quot;,&quot;jet_parallax_layout_bg_size_tablet&quot;:&quot;&quot;,&quot;jet_parallax_layout_bg_size_mobile&quot;:&quot;&quot;,&quot;jet_parallax_layout_animation_prop&quot;:&quot;transform&quot;,&quot;jet_parallax_layout_on&quot;:[&quot;desktop&quot;,&quot;tablet&quot;]}]}\">\n\t\t\t\t\t\t<div class=\"elementor-container elementor-column-gap-wide\">\n\t\t\t\t\t<div class=\"elementor-column elementor-col-100 elementor-top-column elementor-element elementor-element-fd63ee0\" data-id=\"fd63ee0\" data-element_type=\"column\" data-e-type=\"column\">\n\t\t\t<div class=\"elementor-widget-wrap elementor-element-populated\">\n\t\t\t\t\t\t<div class=\"elementor-element elementor-element-4a499fa elementor-widget elementor-widget-heading\" data-id=\"4a499fa\" data-element_type=\"widget\" data-e-type=\"widget\" data-widget_type=\"heading.default\">\n\t\t\t\t<div class=\"elementor-widget-container\">\n\t\t\t\t\t<h1 class=\"elementor-heading-title elementor-size-default\">Impressum<\/h1>\t\t\t\t<\/div>\n\t\t\t\t<\/div>\n\t\t\t\t<div class=\"elementor-element elementor-element-26907d8 elementor-widget elementor-widget-text-editor\" data-id=\"26907d8\" data-element_type=\"widget\" data-e-type=\"widget\" data-widget_type=\"text-editor.default\">\n\t\t\t\t<div class=\"elementor-widget-container\">\n\t\t\t\t\t\t\t\t\t<p>Pflichtangaben gem\u00e4\u00df Gesetz \u00fcber rechtliche Rahmenbedingungen f\u00fcr den elektronischen Gesch\u00e4ftsverkehr:<br \/>Dr. med. Sandra Stettner, (Fach\u00e4rztin f\u00fcr Frauenheilkunde u. Geburtshilfe, Approbation in Deutschland\/\u00c4rztekammer Nordrhein), Sarah Suttor, (Fach\u00e4rztin f\u00fcr Frauenheilkunde u. Geburtshilfe, Approbation in Deutschland\/\u00c4rztekammer Nordrhein)<\/p><p>Berufsaus\u00fcbungsgemeinschaft (BAG)<br \/>Munscheidstr. 14, Wissenschaftspark, Pavillon 8, 1. OG,<br \/>Email:info\\at\/kinderwunsch-gelsenkirchen.de<br \/>Aufsichtsbeh\u00f6rde:<a href=\"http:\/\/www.aekwl.de\/\" target=\"_blank\" rel=\"noopener\"> \u00c4rztekammer Westfalen-Lippe \u00bb<\/a><br \/><a href=\"http:\/\/www.aekwl.de\/index.php?id=213\" target=\"_blank\" rel=\"noopener\">Berufsordnung der \u00c4k Westfalen-Lippe \u00bb<\/a><\/p><p><strong>Gestaltung &amp; Umsetzung<\/strong><br \/><a href=\"http:\/\/www.smartini.de\/\" target=\"_blank\" rel=\"noopener\">www.smartini.de<\/a><\/p><p><strong>Bildnachweise<\/strong><br \/><a href=\"https:\/\/eventfotograf.in\">Alex Muchnik<\/a>, <a href=\"http:\/\/www.holgerkrull.de\/\" target=\"_blank\" rel=\"noopener\">Holger Krull<\/a>, Kinderwunschzentrum Gelsenkirchen, <a href=\"http:\/\/www.istockphoto.com\/\" target=\"_blank\" rel=\"noopener\">iStockphoto<\/a>\u00a0&#8211; Einzelaufstellung auf Anfrage<\/p><p>\u00a0<\/p><h2>Haftung\u00a0<\/h2><p><strong>1. Haftungsbeschr\u00e4nkung<\/strong><\/p><p>Die Inhalte dieser Website werden mit gr\u00f6\u00dftm\u00f6glicher Sorgfalt erstellt. Die Kinderwunschzentrum Gelsenkirchen \u00fcbernimmt jedoch keine Gew\u00e4hr f\u00fcr die Richtigkeit, Vollst\u00e4ndigkeit und Aktualit\u00e4t der bereitgestellten Inhalte. Die Nutzung der Inhalte der Website erfolgt auf eigene Gefahr des Nutzers. Namentlich gekennzeichnete Beitr\u00e4ge geben die Meinung des jeweiligen Autors und nicht immer die Meinung der Kinderwunschzentrum Gelsenkirchen\u00a0wieder. Mit der reinen Nutzung dieser Website kommt keinerlei Vertragsverh\u00e4ltnis zwischen dem Nutzer und der Kinderwunschzentrum Gelsenkirchen\u00a0zustande.<\/p><p><strong>2. Externe Links<\/strong><\/p><p>Diese Website enth\u00e4lt Verkn\u00fcpfungen zu Websites Dritter (\u201eexterne Links&#8221;). Diese Websites unterliegen der Haftung der jeweiligen Betreiber. Die Kinderwunschzentrum Gelsenkirchen\u00a0hat bei der erstmaligen Verkn\u00fcpfung der externen Links die fremden Inhalte daraufhin \u00fcberpr\u00fcft, ob etwaige Rechtsverst\u00f6\u00dfe bestehen. Zu dem Zeitpunkt waren keine Rechtsverst\u00f6\u00dfe ersichtlich. Die Kinderwunschzentrum Gelsenkirchen\u00a0hat keinerlei Einfluss auf die aktuelle und zuk\u00fcnftige Gestaltung und auf die Inhalte der verkn\u00fcpften Seiten. Das Setzen von externen Links bedeutet nicht, dass sich die Kinderwunschzentrum Gelsenkirchen\u00a0die hinter dem Verweis oder Link liegenden Inhalte zu eigen macht. Eine st\u00e4ndige Kontrolle der externen Links ist f\u00fcr die Kinderwunschzentrum Gelsenkirchen\u00a0ohne konkrete Hinweise auf Rechtsverst\u00f6\u00dfe nicht zumutbar. Bei Kenntnis von Rechtsverst\u00f6\u00dfen werden jedoch derartige externe Links unverz\u00fcglich gel\u00f6scht.<\/p><p><strong>3. Urheber- und Leistungsschutzrechte<\/strong><\/p><p>Die auf dieser Website ver\u00f6ffentlichten Inhalte unterliegen dem deutschen Urheber- und Leistungsschutzrecht. Jede vom deutschen Urheber- und Leistungsschutzrecht nicht zugelassene Verwertung bedarf der vorherigen schriftlichen Zustimmung der Kinderwunschzentrum Gelsenkirchen\u00a0oder des jeweiligen Rechteinhabers. Dies gilt insbesondere f\u00fcr Vervielf\u00e4ltigung, Bearbeitung, \u00dcbersetzung, Einspeicherung, Verarbeitung bzw. Wiedergabe von Inhalten in Datenbanken oder anderen elektronischen Medien und Systemen. Inhalte und Rechte Dritter sind dabei als solche gekennzeichnet. Die unerlaubte Vervielf\u00e4ltigung oder Weitergabe einzelner Inhalte oder kompletter Seiten ist nicht gestattet und strafbar. Lediglich die Herstellung von Kopien und Downloads f\u00fcr den pers\u00f6nlichen, privaten und nicht kommerziellen Gebrauch ist erlaubt.<\/p>\t\t\t\t\t\t\t\t<\/div>\n\t\t\t\t<\/div>\n\t\t\t\t\t<\/div>\n\t\t<\/div>\n\t\t\t\t\t<\/div>\n\t\t<\/section>\n\t\t\t\t<\/div>\n\t\t","protected":false},"excerpt":{"rendered":"<p>Impressum Pflichtangaben gem\u00e4\u00df Gesetz \u00fcber rechtliche Rahmenbedingungen f\u00fcr den elektronischen Gesch\u00e4ftsverkehr: Dr. med. Sandra Stettner, (Fach\u00e4rztin f\u00fcr Frauenheilkunde u. Geburtshilfe, Approbation in Deutschland\/\u00c4rztekammer Nordrhein), Sarah Suttor, (Fach\u00e4rztin f\u00fcr Frauenheilkunde u. Geburtshilfe, Approbation in Deutschland\/\u00c4rztekammer Nordrhein) Berufsaus\u00fcbungsgemeinschaft (BAG) Munscheidstr. 14, Wissenschaftspark, Pavillon 8, 1. OG, Email:infoat\/kinderwunsch-gelsenkirchen.de Aufsichtsbeh\u00f6rde: \u00c4rztekammer Westfalen-Lippe \u00bb Berufsordnung der \u00c4k Westfalen-Lippe \u00bb Gestaltung [&hellip;]<\/p>\n","protected":false},"author":12,"featured_media":0,"parent":0,"menu_order":0,"comment_status":"closed","ping_status":"closed","template":"","meta":{"slim_seo":{"title":"Impressum - Kinderwunschzentrum Gelsenkirchen","description":"Impressum Pflichtangaben gem\u00e4\u00df Gesetz \u00fcber rechtliche Rahmenbedingungen f\u00fcr den elektronischen Gesch\u00e4ftsverkehr: Dr. med. Sandra Stettner, (Fach\u00e4rztin f\u00fcr Fraue"},"footnotes":""},"page-layout":[],"class_list":["post-5604","page","type-page","status-publish","hentry"],"_links":{"self":[{"href":"https:\/\/kinderwunsch-gelsenkirchen.de\/tr\/wp-json\/wp\/v2\/pages\/5604","targetHints":{"allow":["GET"]}}],"collection":[{"href":"https:\/\/kinderwunsch-gelsenkirchen.de\/tr\/wp-json\/wp\/v2\/pages"}],"about":[{"href":"https:\/\/kinderwunsch-gelsenkirchen.de\/tr\/wp-json\/wp\/v2\/types\/page"}],"author":[{"embeddable":true,"href":"https:\/\/kinderwunsch-gelsenkirchen.de\/tr\/wp-json\/wp\/v2\/users\/12"}],"replies":[{"embeddable":true,"href":"https:\/\/kinderwunsch-gelsenkirchen.de\/tr\/wp-json\/wp\/v2\/comments?post=5604"}],"version-history":[{"count":13,"href":"https:\/\/kinderwunsch-gelsenkirchen.de\/tr\/wp-json\/wp\/v2\/pages\/5604\/revisions"}],"predecessor-version":[{"id":10165,"href":"https:\/\/kinderwunsch-gelsenkirchen.de\/tr\/wp-json\/wp\/v2\/pages\/5604\/revisions\/10165"}],"wp:attachment":[{"href":"https:\/\/kinderwunsch-gelsenkirchen.de\/tr\/wp-json\/wp\/v2\/media?parent=5604"}],"wp:term":[{"taxonomy":"page-layout","embeddable":true,"href":"https:\/\/kinderwunsch-gelsenkirchen.de\/tr\/wp-json\/wp\/v2\/page-layout?post=5604"}],"curies":[{"name":"wp","href":"https:\/\/api.w.org\/{rel}","templated":true}]}}