{"id":5582,"date":"2021-01-07T18:12:56","date_gmt":"2021-01-07T17:12:56","guid":{"rendered":"https:\/\/kiwuge.smartini.de\/?page_id=5582"},"modified":"2023-06-12T10:14:25","modified_gmt":"2023-06-12T08:14:25","slug":"iletisim","status":"publish","type":"page","link":"https:\/\/kinderwunsch-gelsenkirchen.de\/tr\/muayenehanemiz\/iletisim\/","title":{"rendered":"Kontakt"},"content":{"rendered":"\t\t<div data-elementor-type=\"wp-page\" data-elementor-id=\"5582\" class=\"elementor elementor-5582 elementor-5217\" data-elementor-post-type=\"page\">\n\t\t\t\t\t\t<section class=\"elementor-section elementor-top-section elementor-element elementor-element-3f857ef elementor-section-full_width elementor-section-height-default elementor-section-height-default\" data-id=\"3f857ef\" data-element_type=\"section\" data-e-type=\"section\" data-settings=\"{&quot;jet_parallax_layout_list&quot;:[{&quot;jet_parallax_layout_image&quot;:{&quot;url&quot;:&quot;&quot;,&quot;id&quot;:&quot;&quot;,&quot;size&quot;:&quot;&quot;},&quot;_id&quot;:&quot;fb0dbf2&quot;,&quot;jet_parallax_layout_image_tablet&quot;:{&quot;url&quot;:&quot;&quot;,&quot;id&quot;:&quot;&quot;,&quot;size&quot;:&quot;&quot;},&quot;jet_parallax_layout_image_mobile&quot;:{&quot;url&quot;:&quot;&quot;,&quot;id&quot;:&quot;&quot;,&quot;size&quot;:&quot;&quot;},&quot;jet_parallax_layout_speed&quot;:{&quot;unit&quot;:&quot;%&quot;,&quot;size&quot;:50,&quot;sizes&quot;:[]},&quot;jet_parallax_layout_type&quot;:&quot;scroll&quot;,&quot;jet_parallax_layout_direction&quot;:&quot;1&quot;,&quot;jet_parallax_layout_fx_direction&quot;:null,&quot;jet_parallax_layout_z_index&quot;:&quot;&quot;,&quot;jet_parallax_layout_bg_x&quot;:50,&quot;jet_parallax_layout_bg_x_tablet&quot;:&quot;&quot;,&quot;jet_parallax_layout_bg_x_mobile&quot;:&quot;&quot;,&quot;jet_parallax_layout_bg_y&quot;:50,&quot;jet_parallax_layout_bg_y_tablet&quot;:&quot;&quot;,&quot;jet_parallax_layout_bg_y_mobile&quot;:&quot;&quot;,&quot;jet_parallax_layout_bg_size&quot;:&quot;auto&quot;,&quot;jet_parallax_layout_bg_size_tablet&quot;:&quot;&quot;,&quot;jet_parallax_layout_bg_size_mobile&quot;:&quot;&quot;,&quot;jet_parallax_layout_animation_prop&quot;:&quot;transform&quot;,&quot;jet_parallax_layout_on&quot;:[&quot;desktop&quot;,&quot;tablet&quot;]}]}\">\n\t\t\t\t\t\t<div class=\"elementor-container elementor-column-gap-no\">\n\t\t\t\t\t<div class=\"elementor-column elementor-col-100 elementor-top-column elementor-element elementor-element-7a04728\" data-id=\"7a04728\" data-element_type=\"column\" data-e-type=\"column\">\n\t\t\t<div class=\"elementor-widget-wrap elementor-element-populated\">\n\t\t\t\t\t\t<div class=\"elementor-element elementor-element-6b78061 elementor-widget elementor-widget-text-editor\" data-id=\"6b78061\" data-element_type=\"widget\" data-e-type=\"widget\" data-widget_type=\"text-editor.default\">\n\t\t\t\t<div class=\"elementor-widget-container\">\n\t\t\t\t\t\t\t\t\t<h1>\u0130leti\u015fim<\/h1><p><strong>Kinderwunschzentrum Gelsenkirchen<\/strong><br \/>Wissenschaftspark, Pavillon 8, 1. OG<br \/>Munscheidstr. 14,<br \/>45886 Gelsenkirchen<\/p><p><strong>Telefon: +49 209 1671470<\/strong><br \/><strong>Telefax: +49 209 1671471<br \/>E-Mail: <a href=\"mailto:info@kinderwunsch-gelsenkirchen.de\">info@kinderwunsch-gelsenkirchen.de<\/a><br \/><\/strong><\/p><p>Gelsenkirchen&#8217;in g\u00fcneyinde yer alan \u00dcckendorf il\u00e7esinde, Rheinelbe bilim park\u0131nda yer almaktay\u0131z. Yeralt\u0131 otopark\u0131nda ziyaret\u00e7iler i\u00e7in park yerleri mevcuttur. Munscheid Caddesi&#8217;nde bulunan ana giri\u015f kap\u0131s\u0131ndaki kap\u0131 g\u00f6revlisi, memnuniyetle size yard\u0131mc\u0131 olacakt\u0131r.<\/p><p><a href=\"https:\/\/www.google.de\/maps\/place\/Frau+Dr.+med.+Ina+Walter-G%C3%B6bel\/@51.4991305,7.1053767,17z\/data=!3m1!4b1!4m5!3m4!1s0x47b8e71777119871:0xffefe94117d863ac!8m2!3d51.4991305!4d7.1075654\" target=\"_blank\" rel=\"noopener\"><img fetchpriority=\"high\" decoding=\"async\" class=\"alignnone size-full wp-image-7165\" src=\"https:\/\/kinderwunsch-gelsenkirchen.de\/wp-content\/uploads\/2021\/12\/kiwuge-map-02.jpg\" alt=\"\" width=\"1040\" height=\"803\" srcset=\"https:\/\/kinderwunsch-gelsenkirchen.de\/wp-content\/uploads\/2021\/12\/kiwuge-map-02.jpg 1040w, https:\/\/kinderwunsch-gelsenkirchen.de\/wp-content\/uploads\/2021\/12\/kiwuge-map-02-300x232.jpg 300w, https:\/\/kinderwunsch-gelsenkirchen.de\/wp-content\/uploads\/2021\/12\/kiwuge-map-02-1024x791.jpg 1024w, https:\/\/kinderwunsch-gelsenkirchen.de\/wp-content\/uploads\/2021\/12\/kiwuge-map-02-768x593.jpg 768w\" sizes=\"(max-width: 1040px) 100vw, 1040px\" \/><\/a><\/p>\t\t\t\t\t\t\t\t<\/div>\n\t\t\t\t<\/div>\n\t\t\t\t\t<\/div>\n\t\t<\/div>\n\t\t\t\t\t<\/div>\n\t\t<\/section>\n\t\t\t\t<\/div>\n\t\t","protected":false},"excerpt":{"rendered":"<p>\u0130leti\u015fim Kinderwunschzentrum Gelsenkirchen Wissenschaftspark, Pavillon 8, 1. OG Munscheidstr. 14, 45886 Gelsenkirchen Telefon: +49 209 1671470 Telefax: +49 209 1671471 E-Mail: info@kinderwunsch-gelsenkirchen.de Gelsenkirchen&#8217;in g\u00fcneyinde yer alan \u00dcckendorf il\u00e7esinde, Rheinelbe bilim park\u0131nda yer almaktay\u0131z. Yeralt\u0131 otopark\u0131nda ziyaret\u00e7iler i\u00e7in park yerleri mevcuttur. Munscheid Caddesi&#8217;nde bulunan ana giri\u015f kap\u0131s\u0131ndaki kap\u0131 g\u00f6revlisi, memnuniyetle size yard\u0131mc\u0131 olacakt\u0131r.<\/p>\n","protected":false},"author":17,"featured_media":0,"parent":5512,"menu_order":0,"comment_status":"closed","ping_status":"closed","template":"","meta":{"slim_seo":{"title":"Kontakt - Kinderwunschzentrum Gelsenkirchen","description":"\u0130leti\u015fim Kinderwunschzentrum Gelsenkirchen Wissenschaftspark, Pavillon 8, 1. OG Munscheidstr. 14, 45886 Gelsenkirchen Telefon: +49 209 1671470 Telefax: +49 209"},"footnotes":""},"page-layout":[71],"class_list":["post-5582","page","type-page","status-publish","hentry","page-layout-layout-001"],"_links":{"self":[{"href":"https:\/\/kinderwunsch-gelsenkirchen.de\/tr\/wp-json\/wp\/v2\/pages\/5582","targetHints":{"allow":["GET"]}}],"collection":[{"href":"https:\/\/kinderwunsch-gelsenkirchen.de\/tr\/wp-json\/wp\/v2\/pages"}],"about":[{"href":"https:\/\/kinderwunsch-gelsenkirchen.de\/tr\/wp-json\/wp\/v2\/types\/page"}],"author":[{"embeddable":true,"href":"https:\/\/kinderwunsch-gelsenkirchen.de\/tr\/wp-json\/wp\/v2\/users\/17"}],"replies":[{"embeddable":true,"href":"https:\/\/kinderwunsch-gelsenkirchen.de\/tr\/wp-json\/wp\/v2\/comments?post=5582"}],"version-history":[{"count":10,"href":"https:\/\/kinderwunsch-gelsenkirchen.de\/tr\/wp-json\/wp\/v2\/pages\/5582\/revisions"}],"predecessor-version":[{"id":8490,"href":"https:\/\/kinderwunsch-gelsenkirchen.de\/tr\/wp-json\/wp\/v2\/pages\/5582\/revisions\/8490"}],"up":[{"embeddable":true,"href":"https:\/\/kinderwunsch-gelsenkirchen.de\/tr\/wp-json\/wp\/v2\/pages\/5512"}],"wp:attachment":[{"href":"https:\/\/kinderwunsch-gelsenkirchen.de\/tr\/wp-json\/wp\/v2\/media?parent=5582"}],"wp:term":[{"taxonomy":"page-layout","embeddable":true,"href":"https:\/\/kinderwunsch-gelsenkirchen.de\/tr\/wp-json\/wp\/v2\/page-layout?post=5582"}],"curies":[{"name":"wp","href":"https:\/\/api.w.org\/{rel}","templated":true}]}}