{"id":5503,"date":"2020-05-27T14:06:41","date_gmt":"2020-05-27T14:06:41","guid":{"rendered":"https:\/\/kiwuge.smartini.de\/check\/"},"modified":"2023-03-02T01:10:04","modified_gmt":"2023-03-02T00:10:04","slug":"check","status":"publish","type":"page","link":"https:\/\/kinderwunsch-gelsenkirchen.de\/tr\/check\/","title":{"rendered":"Ana Sayfa"},"content":{"rendered":"\t\t<div data-elementor-type=\"wp-page\" data-elementor-id=\"5503\" class=\"elementor elementor-5503\" data-elementor-post-type=\"page\">\n\t\t\t\t\t\t<section class=\"elementor-section elementor-top-section elementor-element elementor-element-9c89e9b elementor-section-boxed elementor-section-height-default elementor-section-height-default\" data-id=\"9c89e9b\" data-element_type=\"section\" data-e-type=\"section\" data-settings=\"{&quot;jet_parallax_layout_list&quot;:[{&quot;jet_parallax_layout_image&quot;:{&quot;url&quot;:&quot;&quot;,&quot;id&quot;:&quot;&quot;,&quot;size&quot;:&quot;&quot;},&quot;_id&quot;:&quot;b1251ff&quot;,&quot;jet_parallax_layout_image_tablet&quot;:{&quot;url&quot;:&quot;&quot;,&quot;id&quot;:&quot;&quot;,&quot;size&quot;:&quot;&quot;},&quot;jet_parallax_layout_image_mobile&quot;:{&quot;url&quot;:&quot;&quot;,&quot;id&quot;:&quot;&quot;,&quot;size&quot;:&quot;&quot;},&quot;jet_parallax_layout_speed&quot;:{&quot;unit&quot;:&quot;%&quot;,&quot;size&quot;:50,&quot;sizes&quot;:[]},&quot;jet_parallax_layout_type&quot;:&quot;scroll&quot;,&quot;jet_parallax_layout_direction&quot;:&quot;1&quot;,&quot;jet_parallax_layout_fx_direction&quot;:null,&quot;jet_parallax_layout_z_index&quot;:&quot;&quot;,&quot;jet_parallax_layout_bg_x&quot;:50,&quot;jet_parallax_layout_bg_x_tablet&quot;:&quot;&quot;,&quot;jet_parallax_layout_bg_x_mobile&quot;:&quot;&quot;,&quot;jet_parallax_layout_bg_y&quot;:50,&quot;jet_parallax_layout_bg_y_tablet&quot;:&quot;&quot;,&quot;jet_parallax_layout_bg_y_mobile&quot;:&quot;&quot;,&quot;jet_parallax_layout_bg_size&quot;:&quot;auto&quot;,&quot;jet_parallax_layout_bg_size_tablet&quot;:&quot;&quot;,&quot;jet_parallax_layout_bg_size_mobile&quot;:&quot;&quot;,&quot;jet_parallax_layout_animation_prop&quot;:&quot;transform&quot;,&quot;jet_parallax_layout_on&quot;:[&quot;desktop&quot;,&quot;tablet&quot;]}]}\">\n\t\t\t\t\t\t<div class=\"elementor-container elementor-column-gap-default\">\n\t\t\t\t\t<div class=\"elementor-column elementor-col-100 elementor-top-column elementor-element elementor-element-834c17d\" data-id=\"834c17d\" data-element_type=\"column\" data-e-type=\"column\">\n\t\t\t<div class=\"elementor-widget-wrap elementor-element-populated\">\n\t\t\t\t\t\t<div class=\"elementor-element elementor-element-1b69466 elementor-widget elementor-widget-text-editor\" data-id=\"1b69466\" data-element_type=\"widget\" data-e-type=\"widget\" data-widget_type=\"text-editor.default\">\n\t\t\t\t<div class=\"elementor-widget-container\">\n\t\t\t\t\t\t\t\t\t<h1>Sizin \u00e7ocu\u011funuz, bizim iste\u011fimiz.<\/h1><p><strong>Sonunda bir aile olmak!<\/strong><\/p><p>Bir\u00e7ok \u00e7ift i\u00e7in, m\u00fc\u015fterek bir \u00e7ocuk birlikteli\u011fin en b\u00fcy\u00fck arzusu. Fakat farkl\u0131 nedenlerden dolay\u0131 bu her zaman do\u011fal yoldan ger\u00e7ekle\u015fmez.<\/p><p>Gelsenkirchen \u00e7ocuk sahibi olma muayenehanesinde bizler, modern \u00fcreme t\u0131bb\u0131n\u0131n farkl\u0131 alanlar\u0131ndan gelen deneyimli uzmanlar\u0131n olu\u015fturdu\u011fu bir ekip olarak, tam da bu \u00e7iftlerle ilgilenmekteyiz.<\/p><p>Fakat sadece mesleki bilgi de\u011fil, kar\u015f\u0131s\u0131ndakini anlama \/ duyarl\u0131k kabiliyeti ve psikolojik dan\u0131\u015fmanl\u0131k da hayat\u0131n bu zor a\u015famas\u0131nda \u00e7iftlerin ihtiyac\u0131 olan yard\u0131m konular\u0131d\u0131r.<\/p><p>Bizim kurumumuzda sadece hekimler bulunmaz.<\/p><p>Biz en modern tekni\u011fi i\u00e7tenlikle ve t\u0131bbi uzmanl\u0131kla birle\u015ftiriyoruz.<\/p><p>Endi\u015feli insanlar\u0131n kendilerine ya\u015fama sevinci verecek bir\u015feylere ihtiyac\u0131 vard\u0131r.<br \/>Krizdeki insanlar\u0131n kendilerini t\u00fcnel g\u00f6r\u00fcnt\u00fcs\u00fcnden kurtaracak bir\u015feylere ihtiyac\u0131 vard\u0131r.<br \/>Korkan insanlar\u0131n kendilerine cesaret verecek bir\u015feylere ihtiyac\u0131 vard\u0131r.<br \/>Sorular\u0131 olan insanlar\u0131n a\u00e7\u0131klay\u0131c\u0131 bir\u015feylere ihtiyac\u0131 vard\u0131r.<br \/>Huzursuz insanlar\u0131n kendilerine huzur verecek bir\u015feylere ihtiyac\u0131 vard\u0131r.<br \/>Kendini g\u00fcvende hissetmeyen insanlar\u0131n yol g\u00f6stericilere ihtiyac\u0131 vard\u0131r.<\/p><p>Biz sizin ihtiya\u00e7lar\u0131n\u0131zla ilgileniyoruz!<\/p><p><strong>Bu nedenle de ba\u015far\u0131 kotam\u0131z \u00e7ok y\u00fcksek.<\/strong><\/p>\t\t\t\t\t\t\t\t<\/div>\n\t\t\t\t<\/div>\n\t\t\t\t\t<\/div>\n\t\t<\/div>\n\t\t\t\t\t<\/div>\n\t\t<\/section>\n\t\t\t\t<\/div>\n\t\t","protected":false},"excerpt":{"rendered":"<p>Sizin \u00e7ocu\u011funuz, bizim iste\u011fimiz. Sonunda bir aile olmak! Bir\u00e7ok \u00e7ift i\u00e7in, m\u00fc\u015fterek bir \u00e7ocuk birlikteli\u011fin en b\u00fcy\u00fck arzusu. Fakat farkl\u0131 nedenlerden dolay\u0131 bu her zaman do\u011fal yoldan ger\u00e7ekle\u015fmez. Gelsenkirchen \u00e7ocuk sahibi olma muayenehanesinde bizler, modern \u00fcreme t\u0131bb\u0131n\u0131n farkl\u0131 alanlar\u0131ndan gelen deneyimli uzmanlar\u0131n olu\u015fturdu\u011fu bir ekip olarak, tam da bu \u00e7iftlerle ilgilenmekteyiz. Fakat sadece mesleki bilgi [&hellip;]<\/p>\n","protected":false},"author":12,"featured_media":3883,"parent":0,"menu_order":0,"comment_status":"closed","ping_status":"closed","template":"","meta":{"slim_seo":{"title":"Ana Sayfa - Kinderwunschzentrum Gelsenkirchen","description":"Sizin \u00e7ocu\u011funuz, bizim iste\u011fimiz. Sonunda bir aile olmak! Bir\u00e7ok \u00e7ift i\u00e7in, m\u00fc\u015fterek bir \u00e7ocuk birlikteli\u011fin en b\u00fcy\u00fck arzusu. Fakat farkl\u0131 nedenlerden dolay\u0131 bu"},"footnotes":""},"page-layout":[],"class_list":["post-5503","page","type-page","status-publish","has-post-thumbnail","hentry"],"_links":{"self":[{"href":"https:\/\/kinderwunsch-gelsenkirchen.de\/tr\/wp-json\/wp\/v2\/pages\/5503","targetHints":{"allow":["GET"]}}],"collection":[{"href":"https:\/\/kinderwunsch-gelsenkirchen.de\/tr\/wp-json\/wp\/v2\/pages"}],"about":[{"href":"https:\/\/kinderwunsch-gelsenkirchen.de\/tr\/wp-json\/wp\/v2\/types\/page"}],"author":[{"embeddable":true,"href":"https:\/\/kinderwunsch-gelsenkirchen.de\/tr\/wp-json\/wp\/v2\/users\/12"}],"replies":[{"embeddable":true,"href":"https:\/\/kinderwunsch-gelsenkirchen.de\/tr\/wp-json\/wp\/v2\/comments?post=5503"}],"version-history":[{"count":1,"href":"https:\/\/kinderwunsch-gelsenkirchen.de\/tr\/wp-json\/wp\/v2\/pages\/5503\/revisions"}],"predecessor-version":[{"id":7731,"href":"https:\/\/kinderwunsch-gelsenkirchen.de\/tr\/wp-json\/wp\/v2\/pages\/5503\/revisions\/7731"}],"wp:featuredmedia":[{"embeddable":true,"href":"https:\/\/kinderwunsch-gelsenkirchen.de\/tr\/wp-json\/wp\/v2\/media\/3883"}],"wp:attachment":[{"href":"https:\/\/kinderwunsch-gelsenkirchen.de\/tr\/wp-json\/wp\/v2\/media?parent=5503"}],"wp:term":[{"taxonomy":"page-layout","embeddable":true,"href":"https:\/\/kinderwunsch-gelsenkirchen.de\/tr\/wp-json\/wp\/v2\/page-layout?post=5503"}],"curies":[{"name":"wp","href":"https:\/\/api.w.org\/{rel}","templated":true}]}}