{"id":6498,"date":"2021-06-01T12:21:21","date_gmt":"2021-06-01T10:21:21","guid":{"rendered":"https:\/\/kiwuge.smartini.de\/?page_id=6498"},"modified":"2021-06-01T12:23:20","modified_gmt":"2021-06-01T10:23:20","slug":"tese-testicular-sperm-extraction","status":"publish","type":"page","link":"https:\/\/kinderwunsch-gelsenkirchen.de\/en\/tese-testicular-sperm-extraction\/","title":{"rendered":"TESE (Testicular Sperm Extraction)"},"content":{"rendered":"\t\t<div data-elementor-type=\"wp-page\" data-elementor-id=\"6498\" class=\"elementor elementor-6498 elementor-6497\" data-elementor-post-type=\"page\">\n\t\t\t\t\t\t<section class=\"elementor-section elementor-top-section elementor-element elementor-element-9f57025 elementor-section-full_width elementor-section-height-default elementor-section-height-default\" data-id=\"9f57025\" data-element_type=\"section\" data-e-type=\"section\" data-settings=\"{&quot;jet_parallax_layout_list&quot;:[{&quot;jet_parallax_layout_image&quot;:{&quot;url&quot;:&quot;&quot;,&quot;id&quot;:&quot;&quot;,&quot;size&quot;:&quot;&quot;},&quot;_id&quot;:&quot;fb0dbf2&quot;,&quot;jet_parallax_layout_image_tablet&quot;:{&quot;url&quot;:&quot;&quot;,&quot;id&quot;:&quot;&quot;,&quot;size&quot;:&quot;&quot;},&quot;jet_parallax_layout_image_mobile&quot;:{&quot;url&quot;:&quot;&quot;,&quot;id&quot;:&quot;&quot;,&quot;size&quot;:&quot;&quot;},&quot;jet_parallax_layout_speed&quot;:{&quot;unit&quot;:&quot;%&quot;,&quot;size&quot;:50,&quot;sizes&quot;:[]},&quot;jet_parallax_layout_type&quot;:&quot;scroll&quot;,&quot;jet_parallax_layout_direction&quot;:&quot;1&quot;,&quot;jet_parallax_layout_fx_direction&quot;:null,&quot;jet_parallax_layout_z_index&quot;:&quot;&quot;,&quot;jet_parallax_layout_bg_x&quot;:50,&quot;jet_parallax_layout_bg_x_tablet&quot;:&quot;&quot;,&quot;jet_parallax_layout_bg_x_mobile&quot;:&quot;&quot;,&quot;jet_parallax_layout_bg_y&quot;:50,&quot;jet_parallax_layout_bg_y_tablet&quot;:&quot;&quot;,&quot;jet_parallax_layout_bg_y_mobile&quot;:&quot;&quot;,&quot;jet_parallax_layout_bg_size&quot;:&quot;auto&quot;,&quot;jet_parallax_layout_bg_size_tablet&quot;:&quot;&quot;,&quot;jet_parallax_layout_bg_size_mobile&quot;:&quot;&quot;,&quot;jet_parallax_layout_animation_prop&quot;:&quot;transform&quot;,&quot;jet_parallax_layout_on&quot;:[&quot;desktop&quot;,&quot;tablet&quot;]}]}\">\n\t\t\t\t\t\t<div class=\"elementor-container elementor-column-gap-no\">\n\t\t\t\t\t<div class=\"elementor-column elementor-col-100 elementor-top-column elementor-element elementor-element-87f3c3c\" data-id=\"87f3c3c\" data-element_type=\"column\" data-e-type=\"column\">\n\t\t\t<div class=\"elementor-widget-wrap elementor-element-populated\">\n\t\t\t\t\t\t<div class=\"elementor-element elementor-element-3a1b528 elementor-widget elementor-widget-heading\" data-id=\"3a1b528\" data-element_type=\"widget\" data-e-type=\"widget\" data-widget_type=\"heading.default\">\n\t\t\t\t<div class=\"elementor-widget-container\">\n\t\t\t\t\t<h1 class=\"elementor-heading-title elementor-size-default\">TESE (Testicular Sperm Extraction)<\/h1>\t\t\t\t<\/div>\n\t\t\t\t<\/div>\n\t\t\t\t<div class=\"elementor-element elementor-element-976f305 elementor-widget elementor-widget-text-editor\" data-id=\"976f305\" data-element_type=\"widget\" data-e-type=\"widget\" data-widget_type=\"text-editor.default\">\n\t\t\t\t<div class=\"elementor-widget-container\">\n\t\t\t\t\t\t\t\t\t<p>Sind in der Samenfl\u00fcssigkeit des Ehemannes keine Spermien zu finden, besteht oft die M\u00f6glichkeit, Spermien aus Hodengewebe zu isolieren. Diese k\u00f6nnen dann f\u00fcr eine Befruchtung au\u00dferhalb des K\u00f6rpers durch Anwendung der ICSI- Methode verwendet werden.\u00a0<\/p><p>Zur Gewinnung von Spermien aus Hodengewebe pflegen wir eine enge Kooperation mit den beiden Andrologen unserer Arbeitsgruppe, Dr. Beckerling und Dr. Rembrink. Aber auch mit anderen Urologen arbeiten wir zusammen.<\/p><p>Die Hodengewebeprobe erfolgt in einer kurzen Narkose im OP der urologischen Praxis. Bereits w\u00e4hrend der OP bereiten unsere Labormitarbeiter in der urologischen Praxis die Hodengewebeproben auf, um die vorhandenen Spermien aus den Samenkan\u00e4lchen isolieren und f\u00fcr das Einfrieren (Kryokonservierung) aufbereiten zu k\u00f6nnen. Durch diese enge Zusammenarbeit erf\u00e4hrt der Arzt noch beim Operieren, ob gen\u00fcgend Spermien vorhanden sind. Somit kann der OP-Umfang m\u00f6glichst gering gehalten werden. Neben der Spermiengewinnung dient die Hodengewebeprobe auch der Ursachenkl\u00e4rung, warum keine Spermien in der Samenfl\u00fcssigkeit vorhanden sind. Dazu werden Proben aus beiden Hoden zu einer Gewebeuntersuchung zu Prof. Schulze in die Abteilung f\u00fcr Andrologie der Universit\u00e4tsklinik Eppendorf nach Hamburg geschickt.<\/p><p>Noch vor seiner Entlassung aus der urologischen Praxis geben unsere Labormitarbeiter dem Patienten Auskunft \u00fcber die Anzahl und Qualit\u00e4t der isolierten Samenzellen.<\/p><p>Soll Hodengewebe in einer anderen urologischen Praxis oder in einem Krankenhaus entnommen werden, k\u00f6nnen die Proben in von uns zur Verf\u00fcgung gestellten Transportbeh\u00e4ltern in unser Labor transportiert werden. Danach k\u00f6nnen dann die Aufbereitung des Hodengewebes und die Kryokonservierung in unserer Praxis erfolgen.<\/p>\t\t\t\t\t\t\t\t<\/div>\n\t\t\t\t<\/div>\n\t\t\t\t\t<\/div>\n\t\t<\/div>\n\t\t\t\t\t<\/div>\n\t\t<\/section>\n\t\t\t\t<\/div>\n\t\t","protected":false},"excerpt":{"rendered":"<p>Sind in der Samenfl\u00fcssigkeit des Ehemannes keine Spermien zu finden, besteht oft die M\u00f6glichkeit, Spermien aus Hodengewebe zu isolieren. Diese k\u00f6nnen dann f\u00fcr eine Befruchtung au\u00dferhalb des K\u00f6rpers durch Anwendung der ICSI- Methode verwendet werden.&nbsp; Zur Gewinnung von Spermien aus Hodengewebe pflegen wir eine enge Kooperation mit den beiden Andrologen unserer Arbeitsgruppe, Dr. Beckerling und [&hellip;]<\/p>\n","protected":false},"author":12,"featured_media":0,"parent":0,"menu_order":0,"comment_status":"closed","ping_status":"closed","template":"","meta":{"slim_seo":{"title":"TESE (Testicular Sperm Extraction) - Kinderwunschzentrum Gelsenkirchen","description":"Sind in der Samenfl\u00fcssigkeit des Ehemannes keine Spermien zu finden, besteht oft die M\u00f6glichkeit, Spermien aus Hodengewebe zu isolieren. Diese k\u00f6nnen dann f\u00fcr e"},"footnotes":""},"page-layout":[71],"class_list":["post-6498","page","type-page","status-publish","hentry","page-layout-layout-001"],"_links":{"self":[{"href":"https:\/\/kinderwunsch-gelsenkirchen.de\/en\/wp-json\/wp\/v2\/pages\/6498","targetHints":{"allow":["GET"]}}],"collection":[{"href":"https:\/\/kinderwunsch-gelsenkirchen.de\/en\/wp-json\/wp\/v2\/pages"}],"about":[{"href":"https:\/\/kinderwunsch-gelsenkirchen.de\/en\/wp-json\/wp\/v2\/types\/page"}],"author":[{"embeddable":true,"href":"https:\/\/kinderwunsch-gelsenkirchen.de\/en\/wp-json\/wp\/v2\/users\/12"}],"replies":[{"embeddable":true,"href":"https:\/\/kinderwunsch-gelsenkirchen.de\/en\/wp-json\/wp\/v2\/comments?post=6498"}],"version-history":[{"count":0,"href":"https:\/\/kinderwunsch-gelsenkirchen.de\/en\/wp-json\/wp\/v2\/pages\/6498\/revisions"}],"wp:attachment":[{"href":"https:\/\/kinderwunsch-gelsenkirchen.de\/en\/wp-json\/wp\/v2\/media?parent=6498"}],"wp:term":[{"taxonomy":"page-layout","embeddable":true,"href":"https:\/\/kinderwunsch-gelsenkirchen.de\/en\/wp-json\/wp\/v2\/page-layout?post=6498"}],"curies":[{"name":"wp","href":"https:\/\/api.w.org\/{rel}","templated":true}]}}