{"id":6262,"date":"2021-05-10T01:41:16","date_gmt":"2021-05-09T23:41:16","guid":{"rendered":"https:\/\/kiwuge.smartini.de\/?page_id=6262"},"modified":"2025-10-24T18:17:10","modified_gmt":"2025-10-24T16:17:10","slug":"cooperation-partners","status":"publish","type":"page","link":"https:\/\/kinderwunsch-gelsenkirchen.de\/en\/our-practice\/cooperation-partners\/","title":{"rendered":"Cooperation Partners"},"content":{"rendered":"\t\t<div data-elementor-type=\"wp-page\" data-elementor-id=\"6262\" class=\"elementor elementor-6262 elementor-5211\" data-elementor-post-type=\"page\">\n\t\t\t\t\t\t<section class=\"elementor-section elementor-top-section elementor-element elementor-element-3f857ef elementor-section-full_width elementor-section-height-default elementor-section-height-default\" data-id=\"3f857ef\" data-element_type=\"section\" data-e-type=\"section\" data-settings=\"{&quot;jet_parallax_layout_list&quot;:[{&quot;jet_parallax_layout_image&quot;:{&quot;url&quot;:&quot;&quot;,&quot;id&quot;:&quot;&quot;,&quot;size&quot;:&quot;&quot;},&quot;_id&quot;:&quot;fb0dbf2&quot;,&quot;jet_parallax_layout_image_tablet&quot;:{&quot;url&quot;:&quot;&quot;,&quot;id&quot;:&quot;&quot;,&quot;size&quot;:&quot;&quot;},&quot;jet_parallax_layout_image_mobile&quot;:{&quot;url&quot;:&quot;&quot;,&quot;id&quot;:&quot;&quot;,&quot;size&quot;:&quot;&quot;},&quot;jet_parallax_layout_speed&quot;:{&quot;unit&quot;:&quot;%&quot;,&quot;size&quot;:50,&quot;sizes&quot;:[]},&quot;jet_parallax_layout_type&quot;:&quot;scroll&quot;,&quot;jet_parallax_layout_direction&quot;:&quot;1&quot;,&quot;jet_parallax_layout_fx_direction&quot;:null,&quot;jet_parallax_layout_z_index&quot;:&quot;&quot;,&quot;jet_parallax_layout_bg_x&quot;:50,&quot;jet_parallax_layout_bg_x_tablet&quot;:&quot;&quot;,&quot;jet_parallax_layout_bg_x_mobile&quot;:&quot;&quot;,&quot;jet_parallax_layout_bg_y&quot;:50,&quot;jet_parallax_layout_bg_y_tablet&quot;:&quot;&quot;,&quot;jet_parallax_layout_bg_y_mobile&quot;:&quot;&quot;,&quot;jet_parallax_layout_bg_size&quot;:&quot;auto&quot;,&quot;jet_parallax_layout_bg_size_tablet&quot;:&quot;&quot;,&quot;jet_parallax_layout_bg_size_mobile&quot;:&quot;&quot;,&quot;jet_parallax_layout_animation_prop&quot;:&quot;transform&quot;,&quot;jet_parallax_layout_on&quot;:[&quot;desktop&quot;,&quot;tablet&quot;]}]}\">\n\t\t\t\t\t\t<div class=\"elementor-container elementor-column-gap-no\">\n\t\t\t\t\t<div class=\"elementor-column elementor-col-100 elementor-top-column elementor-element elementor-element-7a04728\" data-id=\"7a04728\" data-element_type=\"column\" data-e-type=\"column\">\n\t\t\t<div class=\"elementor-widget-wrap elementor-element-populated\">\n\t\t\t\t\t\t<div class=\"elementor-element elementor-element-6b78061 elementor-widget elementor-widget-text-editor\" data-id=\"6b78061\" data-element_type=\"widget\" data-e-type=\"widget\" data-widget_type=\"text-editor.default\">\n\t\t\t\t<div class=\"elementor-widget-container\">\n\t\t\t\t\t\t\t\t\t<h1>Cooperation Partners<\/h1><p>Dr. med. Klaus Rembrink<br \/>Johann Christian Ush\u00f6fer<br \/>Fach\u00e4rzte f\u00fcr Urologie<br \/>Ahstr. 4, 45879 Gelsenkirchen<br \/>Tel.: 0209 \/ 22112<br \/><a href=\"http:\/\/www.urologen-ge.de\">www.urologen-ge.de<\/a><\/p><p>MVZ Institut f\u00fcr Klinische Genetik,<br \/>Patholgie und Zytologie Nordrhein GmbH<br \/>im Ev. Krankenhaus Oberhausen (EKO)<br \/>Virchowstr. 20<br \/>46047 Oberhausen<br \/>Tel.: 0208 \/ 8813551<br \/><a href=\"http:\/\/www.amedes-group.com\">www.amedes-group.com<br \/><\/a><a href=\"http:\/\/www.amedes-genetics.de\">www.amedes-genetics.de<\/a><\/p><p>MVZ Labor Dr. Quade &amp; Kollegen<br \/>Aachener Str. 338<br \/>50933 K\u00f6ln<br \/>Tel.: 0221 \/ 9405640<br \/><a href=\"http:\/\/www.lab-quade.de\">www.lab-quade.de<\/a><\/p><p>Berliner Samenbank GmbH<br \/>Friedrichstr. 152<br \/>10117 Berlin<br \/>Tel.: 030 \/ 3018883<br \/>www.berliner-samenbank.de<\/p><p>Erlanger Samenbank der ivf-Gesellschaft zur F\u00f6rderung der Reproduktionsmedizin mbH<br \/>N\u00e4gelsbachstr. 12<br \/>91052 Erlangen<br \/>Tel.: 09131 \/ 898411<\/p><p>European Sperm Bank<br \/>Struenseegade 9<br \/>2200 Kopenhagen N<br \/>D\u00e4nemark<br \/>Tel.: 0049 4038699406<br \/><a href=\"http:\/\/www.europeanspermbank.com\">www.europeanspermbank.com<\/a><\/p><p>UniCareD<br \/>Universit\u00e4re Cryobank f\u00fcr assistierte Reproduktionsmedizin + Fertilit\u00e4tserhalt D\u00fcsseldorf<br \/>Moorenstr. 5, 40225 D\u00fcsseldorf<br \/>Tel.: 0211 \/ 81-04060<\/p><p>D\u2022I\u2022R\u00a0\u00a0\u00a0\u00a0\u00a0\u00a0\u00a0\u00a0\u00a0\u00a0\u00a0\u00a0\u00a0\u00a0\u00a0\u00a0\u00a0\u00a0\u00a0\u00a0\u00a0\u00a0\u00a0\u00a0\u00a0\u00a0\u00a0\u00a0\u00a0\u00a0\u00a0\u00a0\u00a0\u00a0\u00a0\u00a0\u00a0 <br \/>Deutsches IVF-Register e.V.<br \/>Lise-Meitner-Stra\u00dfe 14<br \/>40591 D\u00fcsseldorf<br \/>Tel.: 0211 \/ 91384800<br \/><a href=\"http:\/\/www.deutsches-ivf-register.de\">www.deutsches-ivf-register.de<\/a><\/p><p>FertiPROTEKT Netzwerk e.V.<br \/>Wei\u00dfdornweg 17<br \/>35041 Marburg\/Lahn<br \/>Tel.: 06420 \/ 3050583<br \/><a href=\"http:\/\/www.fertiprotekt.com\">www.fertiprotekt.com<\/a><\/p><p>DI-Netz e.V.<br \/>Familiengr\u00fcndung mit Spendersamen<br \/>Postfach 100 966<br \/>33509 Bielefeld<br \/>Tel.: 0521 \/ 9679103<br \/><a href=\"http:\/\/www.di-netz.de\">www.di-netz.de<\/a><\/p><p>Informationsseite des Bundesministeriums f\u00fcr Familie, Senioren, Frauen und Jugend<br \/><a href=\"http:\/\/www.informationsportal-kinderwunsch.de\">www.informationsportal-kinderwunsch.de<\/a><\/p>\t\t\t\t\t\t\t\t<\/div>\n\t\t\t\t<\/div>\n\t\t\t\t\t<\/div>\n\t\t<\/div>\n\t\t\t\t\t<\/div>\n\t\t<\/section>\n\t\t\t\t<\/div>\n\t\t","protected":false},"excerpt":{"rendered":"<p>Cooperation Partners Dr. med. Klaus RembrinkJohann Christian Ush\u00f6ferFach\u00e4rzte f\u00fcr UrologieAhstr. 4, 45879 GelsenkirchenTel.: 0209 \/ 22112www.urologen-ge.de MVZ Institut f\u00fcr Klinische Genetik,Patholgie und Zytologie Nordrhein GmbHim Ev. Krankenhaus Oberhausen (EKO)Virchowstr. 2046047 OberhausenTel.: 0208 \/ 8813551www.amedes-group.comwww.amedes-genetics.de MVZ Labor Dr. Quade &amp; KollegenAachener Str. 33850933 K\u00f6lnTel.: 0221 \/ 9405640www.lab-quade.de Berliner Samenbank GmbHFriedrichstr. 15210117 BerlinTel.: 030 \/ 3018883www.berliner-samenbank.de Erlanger [&hellip;]<\/p>\n","protected":false},"author":12,"featured_media":0,"parent":5510,"menu_order":0,"comment_status":"closed","ping_status":"closed","template":"","meta":{"slim_seo":{"title":"Cooperation Partners - Kinderwunschzentrum Gelsenkirchen","description":"Cooperation Partners Dr. med. Klaus Rembrink Johann Christian Ush\u00f6fer Fach\u00e4rzte f\u00fcr Urologie Ahstr. 4, 45879 Gelsenkirchen Tel.: 0209 \/ 22112 www.urologen-ge.de"},"footnotes":""},"page-layout":[71],"class_list":["post-6262","page","type-page","status-publish","hentry","page-layout-layout-001"],"_links":{"self":[{"href":"https:\/\/kinderwunsch-gelsenkirchen.de\/en\/wp-json\/wp\/v2\/pages\/6262","targetHints":{"allow":["GET"]}}],"collection":[{"href":"https:\/\/kinderwunsch-gelsenkirchen.de\/en\/wp-json\/wp\/v2\/pages"}],"about":[{"href":"https:\/\/kinderwunsch-gelsenkirchen.de\/en\/wp-json\/wp\/v2\/types\/page"}],"author":[{"embeddable":true,"href":"https:\/\/kinderwunsch-gelsenkirchen.de\/en\/wp-json\/wp\/v2\/users\/12"}],"replies":[{"embeddable":true,"href":"https:\/\/kinderwunsch-gelsenkirchen.de\/en\/wp-json\/wp\/v2\/comments?post=6262"}],"version-history":[{"count":14,"href":"https:\/\/kinderwunsch-gelsenkirchen.de\/en\/wp-json\/wp\/v2\/pages\/6262\/revisions"}],"predecessor-version":[{"id":11056,"href":"https:\/\/kinderwunsch-gelsenkirchen.de\/en\/wp-json\/wp\/v2\/pages\/6262\/revisions\/11056"}],"up":[{"embeddable":true,"href":"https:\/\/kinderwunsch-gelsenkirchen.de\/en\/wp-json\/wp\/v2\/pages\/5510"}],"wp:attachment":[{"href":"https:\/\/kinderwunsch-gelsenkirchen.de\/en\/wp-json\/wp\/v2\/media?parent=6262"}],"wp:term":[{"taxonomy":"page-layout","embeddable":true,"href":"https:\/\/kinderwunsch-gelsenkirchen.de\/en\/wp-json\/wp\/v2\/page-layout?post=6262"}],"curies":[{"name":"wp","href":"https:\/\/api.w.org\/{rel}","templated":true}]}}