{"id":5938,"date":"2021-01-11T19:02:09","date_gmt":"2021-01-11T18:02:09","guid":{"rendered":"https:\/\/kiwuge.smartini.de\/?page_id=5938"},"modified":"2021-01-11T19:13:35","modified_gmt":"2021-01-11T18:13:35","slug":"98-ivf-in-vitro-fertilisation","status":"publish","type":"page","link":"https:\/\/kinderwunsch-gelsenkirchen.de\/en\/therapies\/98-ivf-in-vitro-fertilisation\/","title":{"rendered":"IVF &#8211; In Vitro Fertilisation"},"content":{"rendered":"\t\t<div data-elementor-type=\"wp-page\" data-elementor-id=\"5938\" class=\"elementor elementor-5938 elementor-5937\" data-elementor-post-type=\"page\">\n\t\t\t\t\t\t<section class=\"elementor-section elementor-top-section elementor-element elementor-element-9f57025 elementor-section-full_width elementor-section-height-default elementor-section-height-default\" data-id=\"9f57025\" data-element_type=\"section\" data-e-type=\"section\" data-settings=\"{&quot;jet_parallax_layout_list&quot;:[{&quot;jet_parallax_layout_image&quot;:{&quot;url&quot;:&quot;&quot;,&quot;id&quot;:&quot;&quot;,&quot;size&quot;:&quot;&quot;},&quot;_id&quot;:&quot;fb0dbf2&quot;,&quot;jet_parallax_layout_image_tablet&quot;:{&quot;url&quot;:&quot;&quot;,&quot;id&quot;:&quot;&quot;,&quot;size&quot;:&quot;&quot;},&quot;jet_parallax_layout_image_mobile&quot;:{&quot;url&quot;:&quot;&quot;,&quot;id&quot;:&quot;&quot;,&quot;size&quot;:&quot;&quot;},&quot;jet_parallax_layout_speed&quot;:{&quot;unit&quot;:&quot;%&quot;,&quot;size&quot;:50,&quot;sizes&quot;:[]},&quot;jet_parallax_layout_type&quot;:&quot;scroll&quot;,&quot;jet_parallax_layout_direction&quot;:&quot;1&quot;,&quot;jet_parallax_layout_fx_direction&quot;:null,&quot;jet_parallax_layout_z_index&quot;:&quot;&quot;,&quot;jet_parallax_layout_bg_x&quot;:50,&quot;jet_parallax_layout_bg_x_tablet&quot;:&quot;&quot;,&quot;jet_parallax_layout_bg_x_mobile&quot;:&quot;&quot;,&quot;jet_parallax_layout_bg_y&quot;:50,&quot;jet_parallax_layout_bg_y_tablet&quot;:&quot;&quot;,&quot;jet_parallax_layout_bg_y_mobile&quot;:&quot;&quot;,&quot;jet_parallax_layout_bg_size&quot;:&quot;auto&quot;,&quot;jet_parallax_layout_bg_size_tablet&quot;:&quot;&quot;,&quot;jet_parallax_layout_bg_size_mobile&quot;:&quot;&quot;,&quot;jet_parallax_layout_animation_prop&quot;:&quot;transform&quot;,&quot;jet_parallax_layout_on&quot;:[&quot;desktop&quot;,&quot;tablet&quot;]}]}\">\n\t\t\t\t\t\t<div class=\"elementor-container elementor-column-gap-no\">\n\t\t\t\t\t<div class=\"elementor-column elementor-col-100 elementor-top-column elementor-element elementor-element-87f3c3c\" data-id=\"87f3c3c\" data-element_type=\"column\" data-e-type=\"column\">\n\t\t\t<div class=\"elementor-widget-wrap elementor-element-populated\">\n\t\t\t\t\t\t<div class=\"elementor-element elementor-element-3a1b528 elementor-widget elementor-widget-heading\" data-id=\"3a1b528\" data-element_type=\"widget\" data-e-type=\"widget\" data-widget_type=\"heading.default\">\n\t\t\t\t<div class=\"elementor-widget-container\">\n\t\t\t\t\t<h1 class=\"elementor-heading-title elementor-size-default\">IVF &#8211; In Vitro Fertilisation<\/h1>\t\t\t\t<\/div>\n\t\t\t\t<\/div>\n\t\t\t\t<div class=\"elementor-element elementor-element-976f305 elementor-widget elementor-widget-text-editor\" data-id=\"976f305\" data-element_type=\"widget\" data-e-type=\"widget\" data-widget_type=\"text-editor.default\">\n\t\t\t\t<div class=\"elementor-widget-container\">\n\t\t\t\t\t\t\t\t\t<p>IVF (in vitro fertilisation) refers to the classical procedure of fertilisation in a test tube. In certain cases of fertility dysfunction the steps to fertilisation are performed outside of the body in the laboratory, rather than taking place in the fallopian tubes or in utero. In the following we will explain each step of the treatment.<\/p><p>Female hormone therapy is aimed at achieving the maturation of several egg cells within a single treatment cycle. The hormone therapy is administered via daily injections, which our patients give themselves after we provide careful instructions as to how this is done. The therapy&#8217;s success is monitored by means of ultrasonic scanning. Depending on the number and size of the antral follices the hormone dose is adjusted to your personal needs. At this point a decision is also made as to when the egg cells should be extracted from the ovaries (follicle puncture, see below). During the first 10 to 14 days of the treatment, it will be necessary to perfom 2 to 3 ultrasonic scans.<\/p><p>The ultrasound-guided extraction of eggs (called follicle puncture) is performed vaginally, under a short anaesthesia. We require a fresh sperm sample from your partner on this occasion. After a short recovery period, the couple can leave the practise.<\/p><p>It is important that the couple has already decided how many embryos should be saved at this time. Of course we offer you a professional consultation in this matter. Our goal is to ensure a high pregnancy rate, while at the same time avoiding a multiple pregnancy.<\/p><p>To enable a successful embryo transfer 2 to 3 days later, the following steps are required in the laboratory:<\/p><p>The following day, approximately 16 to 18 hours after the egg cells and the sperm were incubated together, we evaluate whether the egg cells were successfully fertilised. In this process, the egg cells are gently removed from the &#8220;cumulus cells&#8221; (these are special granulosa cells surrounding and nourishing the oocytes). Whether fertilisation has been successful can be easily identified. Fertilisation has taken place if the oocytes have two so-called pronuclei. These are small grooves in the center of the egg cell that can be easily detected under the microscope. Pronuclei are only formed after a sperm cell has entered into the egg cell and both the sperm and the egg cell have begun to unpack their genetic material and have condensed in the centre of the egg cell. The male and female chromosomes have not begun to converge yet.<\/p><p>On the day of the fertilisation check the decision will be made as to which fertilized eggs are to be kept for the embryonic transfer, and also whether additional fertilised eggs should be saved for cryogenic conservation (see below).<\/p><p>The fertilised eggs which have been selected for the embryonic transfer are then further cultivated.<\/p><p>2 or 3 days later, the embryonic transfer takes place. With the help of a thin, flexible tube up to 3 embryos having reached the multi-cell stage are placed in the uterus. No anaesthesia is required for this procedure. This means that the couple can experience this special moment together.<\/p><p>Most couples find waiting to take a pregnancy test, which takes about 14 days, long and stressful. Nevertheless, aside from stimulating the production of corpus lutein hormones, all possible therapeutic measures have been completed and the nidation can no longer be influenced.<\/p><p>After blood sampling on the morning of the 14th day, you will know by noon whether your pregnancy has been successful.<\/p><div><div style=\"overflow: hidden; display: none; height: 0px;\"><h1>Kryokonservierung<\/h1><p>Es ist m\u00f6glich, Keimzellen (Ei- und Samenzellen) in fl\u00fcssigem Stickstoff bei einer Temperatur von &#8211; 196\u00b0C aufzubewahren, um sie zu einem sp\u00e4teren Zeitpunkt f\u00fcr fortpflanzungsmedizinische Ma\u00dfnahmen zu verwenden.<\/p><p>Unter den folgenden Stichpunkten k\u00f6nnen Sie sich \u00fcber die verschiedenen M\u00f6glichkeiten der Kryokonservierung informieren.<\/p><h6>Kryokonservierung befruchteter Eizellen<\/h6><p>Am h\u00e4ufigsten werden \u00fcberz\u00e4hlige befruchtete Eizellen aus dem IVF &#8211; oder dem ICSI-Verfahren eingefroren, um sie f\u00fcr einen sp\u00e4teren Embryotransfer zu konservieren. Das hat f\u00fcr die betroffene Frau den Vorteil, dass keine erneute Eizellgewinnung erforderlich ist, um einen Embryotransfer durchf\u00fchren zu k\u00f6nnen.<br \/>Eingefroren werden die befruchteten Eizellen im \u201eVorkernstadium\u201c, d. h. einen Tag nach der Follikelpunktion, bevor es zur Verschmelzung von m\u00e4nnlichem und weiblichem Chromosomensatz gekommen ist.<br \/>Notwendig ist daf\u00fcr ein technisch aufwendiges, langsames Herunterk\u00fchlen der Eizellen, um die bei jedem Einfriervorgang entstehende Kristallbildung m\u00f6glichst gering zu halten. Das Einfrieren und Auftauen \u00fcberleben befruchtete Eizellen mit einer ca. 80%igen Chance.<\/p><h6>Kryokonservierung von Samenzellen<\/h6><p>Ebenso k\u00f6nnen Samenzellen aus der Samenfl\u00fcssigkeit oder aus dem Hodengewebe kryokonserviert und aufbewahrt werden.<br \/>Unabh\u00e4ngig von einer bereits begonnenen Sterilit\u00e4tstherapie besteht die M\u00f6glichkeit Samenproben bei uns einfrieren zu lassen, wenn die Gefahr einer Fruchtbarkeitssch\u00e4digung droht. Dies ist z. B. bei M\u00e4nnern der Fall, die aufgrund einer Krebserkrankung eine Chemo- oder Strahlentherapie durchf\u00fchren lassen m\u00fcssen. Chemo- und Strahlentherapien k\u00f6nnen das Hodengewebe so sch\u00e4digen, dass nach Heilung der Krebserkrankung keine Spermien mehr in der Samenfl\u00fcssigkeit nachweisbar sind.<br \/>Wenn zuvor Spermien kryokonserviert wurden (Spermabanking) und nach einer erfolgreichen Krebsbehandlung die Zeugungsf\u00e4higkeit nachhaltig eingeb\u00fc\u00dft sein sollte, kann mit Hilfe des vor der Behandlung angelegten Samendepots noch viele Jahre sp\u00e4ter ein Kind gezeugt werden.<br \/>In manchen F\u00e4llen ist dann zwar die Hilfe eines Reproduktionsmediziners erforderlich, aber eine leibliche Vaterschaft ist gut m\u00f6glich.<\/p><p>Nach Kryokonservierung von Spermien empfehlen wir ein Kontrollspermiogramm ca. ein halbes Jahr nach abgeschlossener Therapie. Wenn die Spermienproduktion erhalten geblieben ist, k\u00f6nnen die eingefrorenen Proben aufgetaut und verworfen werden.<br \/>Ein mehrstufiges Sicherheitssystem sch\u00fctzt vor Verwechslungen und Verlust.<\/p><p>Samenzellen k\u00f6nnen auch dann auf Wunsch eingefroren werden, wenn der Mann beruflich z. B. viel auf Reisen ist und eine Anwesenheit am Tag der Eizellentnahme seiner Frau nicht m\u00f6glich ist. Die Kinderwunschbehandlung kann dann trotzdem erfolgen.<\/p><h6>Kryokonservierung von Eizellen<\/h6><p>Die Fruchtbarkeit zu sch\u00fctzen ist heute ebenso f\u00fcr Frauen m\u00f6glich, auch wenn das Eizellbanking noch nicht sehr gel\u00e4ufig ist. Das liegt daran, dass diese Methode aufwendiger als bei M\u00e4nnern ist und erst in den letzten Jahren experimentell zur Anwendung gebracht wurde. Man ben\u00f6tigt hierf\u00fcr eine hormonelle Vorbehandlung von ca. 14 Tagen und eine Entnahme der Eizellen durch Follikelpunktion.<br \/>Nach Kryokonservierung und Lagerung in fl\u00fcssigem Stickstoff bei \u2013196 \u00b0C stehen diese sp\u00e4ter f\u00fcr eine k\u00fcnstliche Befruchtung (IVF) zur Verf\u00fcgung. Unbefruchtete Eizellen \u00fcberleben das Einfrieren und Auftauen dank moderner Einfriermethoden (Vitrifikation) fast wie befruchtete Eizellen. Wenn die \u00fcberlebenden Eizellen einer k\u00fcnstlichen Befruchtung zugef\u00fchrt werden, kann man damit rechnen, dass ca. die H\u00e4lfte der Eizellen befruchtet wird.<\/p><p>Weltweit sind ca. 100 Geburten nach dem Einfrieren unbefruchteter Eizellen beschrieben. Auch wir bieten Ihnen bei Bedarf die Vitrifikation von Eizellen an. Alternativ gibt es auch die M\u00f6glichkeit Eierstockgewebe einzufrieren, \u00fcber die wir Sie gerne beraten werden.<\/p><p>Sprechen Sie uns bei Interesse doch an und lesen Sie gerne die von Frau Dr. Fi\u00dfeler gestaltete Brosch\u00fcre <a title=\"Krebserkrankung und Kinderwunsch\" href=\"\/images\/stories\/kwg\/download\/broschure_krebserkrankung_und_kinderwunsch.pdf\">\u201eKrebserkrankung und Kinderwunsch\u201c \u00bb<\/a>.<\/p><p>Ein mehrstufiges Sicherheitssystem sch\u00fctzt vor Verwechslungen und Verlust.<\/p><\/div><\/div>\t\t\t\t\t\t\t\t<\/div>\n\t\t\t\t<\/div>\n\t\t\t\t\t<\/div>\n\t\t<\/div>\n\t\t\t\t\t<\/div>\n\t\t<\/section>\n\t\t\t\t<\/div>\n\t\t","protected":false},"excerpt":{"rendered":"<p>IVF (in vitro fertilisation) refers to the classical procedure of fertilisation in a test tube. In certain cases of fertility dysfunction the steps to fertilisation are performed outside of the body in the laboratory, rather than taking place in the fallopian tubes or in utero. In the following we will explain each step of the [&hellip;]<\/p>\n","protected":false},"author":17,"featured_media":0,"parent":5897,"menu_order":0,"comment_status":"closed","ping_status":"closed","template":"","meta":{"slim_seo":{"title":"IVF - In Vitro Fertilisation - Kinderwunschzentrum Gelsenkirchen","description":"IVF (in vitro fertilisation) refers to the classical procedure of fertilisation in a test tube. In certain cases of fertility dysfunction the steps to fertilisa"},"footnotes":""},"page-layout":[71],"class_list":["post-5938","page","type-page","status-publish","hentry","page-layout-layout-001"],"_links":{"self":[{"href":"https:\/\/kinderwunsch-gelsenkirchen.de\/en\/wp-json\/wp\/v2\/pages\/5938","targetHints":{"allow":["GET"]}}],"collection":[{"href":"https:\/\/kinderwunsch-gelsenkirchen.de\/en\/wp-json\/wp\/v2\/pages"}],"about":[{"href":"https:\/\/kinderwunsch-gelsenkirchen.de\/en\/wp-json\/wp\/v2\/types\/page"}],"author":[{"embeddable":true,"href":"https:\/\/kinderwunsch-gelsenkirchen.de\/en\/wp-json\/wp\/v2\/users\/17"}],"replies":[{"embeddable":true,"href":"https:\/\/kinderwunsch-gelsenkirchen.de\/en\/wp-json\/wp\/v2\/comments?post=5938"}],"version-history":[{"count":0,"href":"https:\/\/kinderwunsch-gelsenkirchen.de\/en\/wp-json\/wp\/v2\/pages\/5938\/revisions"}],"up":[{"embeddable":true,"href":"https:\/\/kinderwunsch-gelsenkirchen.de\/en\/wp-json\/wp\/v2\/pages\/5897"}],"wp:attachment":[{"href":"https:\/\/kinderwunsch-gelsenkirchen.de\/en\/wp-json\/wp\/v2\/media?parent=5938"}],"wp:term":[{"taxonomy":"page-layout","embeddable":true,"href":"https:\/\/kinderwunsch-gelsenkirchen.de\/en\/wp-json\/wp\/v2\/page-layout?post=5938"}],"curies":[{"name":"wp","href":"https:\/\/api.w.org\/{rel}","templated":true}]}}