{"id":5917,"date":"2021-01-11T18:50:40","date_gmt":"2021-01-11T17:50:40","guid":{"rendered":"https:\/\/kiwuge.smartini.de\/?page_id=5917"},"modified":"2021-01-11T18:51:56","modified_gmt":"2021-01-11T17:51:56","slug":"99-icsi-intracytoplasmatic-sperm-injection","status":"publish","type":"page","link":"https:\/\/kinderwunsch-gelsenkirchen.de\/en\/therapies\/99-icsi-intracytoplasmatic-sperm-injection\/","title":{"rendered":"ICSI &#8211; Intracytoplasmatic Sperm Injection"},"content":{"rendered":"\t\t<div data-elementor-type=\"wp-page\" data-elementor-id=\"5917\" class=\"elementor elementor-5917 elementor-5916\" data-elementor-post-type=\"page\">\n\t\t\t\t\t\t<section class=\"elementor-section elementor-top-section elementor-element elementor-element-9f57025 elementor-section-full_width elementor-section-height-default elementor-section-height-default\" data-id=\"9f57025\" data-element_type=\"section\" data-e-type=\"section\" data-settings=\"{&quot;jet_parallax_layout_list&quot;:[{&quot;jet_parallax_layout_image&quot;:{&quot;url&quot;:&quot;&quot;,&quot;id&quot;:&quot;&quot;,&quot;size&quot;:&quot;&quot;},&quot;_id&quot;:&quot;fb0dbf2&quot;,&quot;jet_parallax_layout_image_tablet&quot;:{&quot;url&quot;:&quot;&quot;,&quot;id&quot;:&quot;&quot;,&quot;size&quot;:&quot;&quot;},&quot;jet_parallax_layout_image_mobile&quot;:{&quot;url&quot;:&quot;&quot;,&quot;id&quot;:&quot;&quot;,&quot;size&quot;:&quot;&quot;},&quot;jet_parallax_layout_speed&quot;:{&quot;unit&quot;:&quot;%&quot;,&quot;size&quot;:50,&quot;sizes&quot;:[]},&quot;jet_parallax_layout_type&quot;:&quot;scroll&quot;,&quot;jet_parallax_layout_direction&quot;:&quot;1&quot;,&quot;jet_parallax_layout_fx_direction&quot;:null,&quot;jet_parallax_layout_z_index&quot;:&quot;&quot;,&quot;jet_parallax_layout_bg_x&quot;:50,&quot;jet_parallax_layout_bg_x_tablet&quot;:&quot;&quot;,&quot;jet_parallax_layout_bg_x_mobile&quot;:&quot;&quot;,&quot;jet_parallax_layout_bg_y&quot;:50,&quot;jet_parallax_layout_bg_y_tablet&quot;:&quot;&quot;,&quot;jet_parallax_layout_bg_y_mobile&quot;:&quot;&quot;,&quot;jet_parallax_layout_bg_size&quot;:&quot;auto&quot;,&quot;jet_parallax_layout_bg_size_tablet&quot;:&quot;&quot;,&quot;jet_parallax_layout_bg_size_mobile&quot;:&quot;&quot;,&quot;jet_parallax_layout_animation_prop&quot;:&quot;transform&quot;,&quot;jet_parallax_layout_on&quot;:[&quot;desktop&quot;,&quot;tablet&quot;]}]}\">\n\t\t\t\t\t\t<div class=\"elementor-container elementor-column-gap-no\">\n\t\t\t\t\t<div class=\"elementor-column elementor-col-100 elementor-top-column elementor-element elementor-element-87f3c3c\" data-id=\"87f3c3c\" data-element_type=\"column\" data-e-type=\"column\">\n\t\t\t<div class=\"elementor-widget-wrap elementor-element-populated\">\n\t\t\t\t\t\t<div class=\"elementor-element elementor-element-3a1b528 elementor-widget elementor-widget-heading\" data-id=\"3a1b528\" data-element_type=\"widget\" data-e-type=\"widget\" data-widget_type=\"heading.default\">\n\t\t\t\t<div class=\"elementor-widget-container\">\n\t\t\t\t\t<h1 class=\"elementor-heading-title elementor-size-default\">ICSI &#8211; Intracytoplasmatic Sperm Injection<\/h1>\t\t\t\t<\/div>\n\t\t\t\t<\/div>\n\t\t\t\t<div class=\"elementor-element elementor-element-976f305 elementor-widget elementor-widget-text-editor\" data-id=\"976f305\" data-element_type=\"widget\" data-e-type=\"widget\" data-widget_type=\"text-editor.default\">\n\t\t\t\t<div class=\"elementor-widget-container\">\n\t\t\t\t\t\t\t\t\t<p>This procedure involves a remarkable type of lab work within the scope of artificial insemination outside the human body.<\/p><p>In conventional IVF treatments, in which the egg cells and sperm and kept together in a liquid culture and stored in an incubator at body temperature, the sperms&#8217; journey to the egg cells proceeds naturally. In contrast to this, Intracytoplasmic Sperm Injection (ICSI) means that egg cells are carefully held under a microscope while individual sperm cells are injected directly into the centre of the egg cell using a thin glas pipette.<\/p><p>This intricate laboratory procedure is only recommended if the mobility of the sperm found in the semen is very low. The inability to get pregnant via conventional IVF is another reason for using ISCI.<\/p><p>Occasionally, despite good sperm quality, fertilisation is not achieved in the test tube. In such cases we would also recommend the ICSI procedure for the next treatment cycle.<\/p><div><div style=\"overflow: hidden; display: none; height: 0px;\"><h1>Kryokonservierung<\/h1><p>Es ist m\u00f6glich, Keimzellen (Ei- und Samenzellen) in fl\u00fcssigem Stickstoff bei einer Temperatur von &#8211; 196\u00b0C aufzubewahren, um sie zu einem sp\u00e4teren Zeitpunkt f\u00fcr fortpflanzungsmedizinische Ma\u00dfnahmen zu verwenden.<\/p><p>Unter den folgenden Stichpunkten k\u00f6nnen Sie sich \u00fcber die verschiedenen M\u00f6glichkeiten der Kryokonservierung informieren.<\/p><h6>Kryokonservierung befruchteter Eizellen<\/h6><p>Am h\u00e4ufigsten werden \u00fcberz\u00e4hlige befruchtete Eizellen aus dem IVF &#8211; oder dem ICSI-Verfahren eingefroren, um sie f\u00fcr einen sp\u00e4teren Embryotransfer zu konservieren. Das hat f\u00fcr die betroffene Frau den Vorteil, dass keine erneute Eizellgewinnung erforderlich ist, um einen Embryotransfer durchf\u00fchren zu k\u00f6nnen.<br \/>Eingefroren werden die befruchteten Eizellen im \u201eVorkernstadium\u201c, d. h. einen Tag nach der Follikelpunktion, bevor es zur Verschmelzung von m\u00e4nnlichem und weiblichem Chromosomensatz gekommen ist.<br \/>Notwendig ist daf\u00fcr ein technisch aufwendiges, langsames Herunterk\u00fchlen der Eizellen, um die bei jedem Einfriervorgang entstehende Kristallbildung m\u00f6glichst gering zu halten. Das Einfrieren und Auftauen \u00fcberleben befruchtete Eizellen mit einer ca. 80%igen Chance.<\/p><h6>Kryokonservierung von Samenzellen<\/h6><p>Ebenso k\u00f6nnen Samenzellen aus der Samenfl\u00fcssigkeit oder aus dem Hodengewebe kryokonserviert und aufbewahrt werden.<br \/>Unabh\u00e4ngig von einer bereits begonnenen Sterilit\u00e4tstherapie besteht die M\u00f6glichkeit Samenproben bei uns einfrieren zu lassen, wenn die Gefahr einer Fruchtbarkeitssch\u00e4digung droht. Dies ist z. B. bei M\u00e4nnern der Fall, die aufgrund einer Krebserkrankung eine Chemo- oder Strahlentherapie durchf\u00fchren lassen m\u00fcssen. Chemo- und Strahlentherapien k\u00f6nnen das Hodengewebe so sch\u00e4digen, dass nach Heilung der Krebserkrankung keine Spermien mehr in der Samenfl\u00fcssigkeit nachweisbar sind.<br \/>Wenn zuvor Spermien kryokonserviert wurden (Spermabanking) und nach einer erfolgreichen Krebsbehandlung die Zeugungsf\u00e4higkeit nachhaltig eingeb\u00fc\u00dft sein sollte, kann mit Hilfe des vor der Behandlung angelegten Samendepots noch viele Jahre sp\u00e4ter ein Kind gezeugt werden.<br \/>In manchen F\u00e4llen ist dann zwar die Hilfe eines Reproduktionsmediziners erforderlich, aber eine leibliche Vaterschaft ist gut m\u00f6glich.<\/p><p>Nach Kryokonservierung von Spermien empfehlen wir ein Kontrollspermiogramm ca. ein halbes Jahr nach abgeschlossener Therapie. Wenn die Spermienproduktion erhalten geblieben ist, k\u00f6nnen die eingefrorenen Proben aufgetaut und verworfen werden.<br \/>Ein mehrstufiges Sicherheitssystem sch\u00fctzt vor Verwechslungen und Verlust.<\/p><p>Samenzellen k\u00f6nnen auch dann auf Wunsch eingefroren werden, wenn der Mann beruflich z. B. viel auf Reisen ist und eine Anwesenheit am Tag der Eizellentnahme seiner Frau nicht m\u00f6glich ist. Die Kinderwunschbehandlung kann dann trotzdem erfolgen.<\/p><h6>Kryokonservierung von Eizellen<\/h6><p>Die Fruchtbarkeit zu sch\u00fctzen ist heute ebenso f\u00fcr Frauen m\u00f6glich, auch wenn das Eizellbanking noch nicht sehr gel\u00e4ufig ist. Das liegt daran, dass diese Methode aufwendiger als bei M\u00e4nnern ist und erst in den letzten Jahren experimentell zur Anwendung gebracht wurde. Man ben\u00f6tigt hierf\u00fcr eine hormonelle Vorbehandlung von ca. 14 Tagen und eine Entnahme der Eizellen durch Follikelpunktion.<br \/>Nach Kryokonservierung und Lagerung in fl\u00fcssigem Stickstoff bei \u2013196 \u00b0C stehen diese sp\u00e4ter f\u00fcr eine k\u00fcnstliche Befruchtung (IVF) zur Verf\u00fcgung. Unbefruchtete Eizellen \u00fcberleben das Einfrieren und Auftauen dank moderner Einfriermethoden (Vitrifikation) fast wie befruchtete Eizellen. Wenn die \u00fcberlebenden Eizellen einer k\u00fcnstlichen Befruchtung zugef\u00fchrt werden, kann man damit rechnen, dass ca. die H\u00e4lfte der Eizellen befruchtet wird.<\/p><p>Weltweit sind ca. 100 Geburten nach dem Einfrieren unbefruchteter Eizellen beschrieben. Auch wir bieten Ihnen bei Bedarf die Vitrifikation von Eizellen an. Alternativ gibt es auch die M\u00f6glichkeit Eierstockgewebe einzufrieren, \u00fcber die wir Sie gerne beraten werden.<\/p><p>Sprechen Sie uns bei Interesse doch an und lesen Sie gerne die von Frau Dr. Fi\u00dfeler gestaltete Brosch\u00fcre <a title=\"Krebserkrankung und Kinderwunsch\" href=\"\/images\/stories\/kwg\/download\/broschure_krebserkrankung_und_kinderwunsch.pdf\">\u201eKrebserkrankung und Kinderwunsch\u201c \u00bb<\/a>.<\/p><p>Ein mehrstufiges Sicherheitssystem sch\u00fctzt vor Verwechslungen und Verlust.<\/p><\/div><\/div>\t\t\t\t\t\t\t\t<\/div>\n\t\t\t\t<\/div>\n\t\t\t\t\t<\/div>\n\t\t<\/div>\n\t\t\t\t\t<\/div>\n\t\t<\/section>\n\t\t\t\t<\/div>\n\t\t","protected":false},"excerpt":{"rendered":"<p>This procedure involves a remarkable type of lab work within the scope of artificial insemination outside the human body. In conventional IVF treatments, in which the egg cells and sperm and kept together in a liquid culture and stored in an incubator at body temperature, the sperms&#8217; journey to the egg cells proceeds naturally. In [&hellip;]<\/p>\n","protected":false},"author":17,"featured_media":0,"parent":5897,"menu_order":0,"comment_status":"closed","ping_status":"closed","template":"","meta":{"slim_seo":{"title":"ICSI - Intracytoplasmatic Sperm Injection - Kinderwunschzentrum Gelsenkirchen","description":"This procedure involves a remarkable type of lab work within the scope of artificial insemination outside the human body. In conventional IVF treatments, in whi"},"footnotes":""},"page-layout":[71],"class_list":["post-5917","page","type-page","status-publish","hentry","page-layout-layout-001"],"_links":{"self":[{"href":"https:\/\/kinderwunsch-gelsenkirchen.de\/en\/wp-json\/wp\/v2\/pages\/5917","targetHints":{"allow":["GET"]}}],"collection":[{"href":"https:\/\/kinderwunsch-gelsenkirchen.de\/en\/wp-json\/wp\/v2\/pages"}],"about":[{"href":"https:\/\/kinderwunsch-gelsenkirchen.de\/en\/wp-json\/wp\/v2\/types\/page"}],"author":[{"embeddable":true,"href":"https:\/\/kinderwunsch-gelsenkirchen.de\/en\/wp-json\/wp\/v2\/users\/17"}],"replies":[{"embeddable":true,"href":"https:\/\/kinderwunsch-gelsenkirchen.de\/en\/wp-json\/wp\/v2\/comments?post=5917"}],"version-history":[{"count":0,"href":"https:\/\/kinderwunsch-gelsenkirchen.de\/en\/wp-json\/wp\/v2\/pages\/5917\/revisions"}],"up":[{"embeddable":true,"href":"https:\/\/kinderwunsch-gelsenkirchen.de\/en\/wp-json\/wp\/v2\/pages\/5897"}],"wp:attachment":[{"href":"https:\/\/kinderwunsch-gelsenkirchen.de\/en\/wp-json\/wp\/v2\/media?parent=5917"}],"wp:term":[{"taxonomy":"page-layout","embeddable":true,"href":"https:\/\/kinderwunsch-gelsenkirchen.de\/en\/wp-json\/wp\/v2\/page-layout?post=5917"}],"curies":[{"name":"wp","href":"https:\/\/api.w.org\/{rel}","templated":true}]}}