{"id":5856,"date":"2021-01-10T12:11:41","date_gmt":"2021-01-10T11:11:41","guid":{"rendered":"https:\/\/kiwuge.smartini.de\/?page_id=5856"},"modified":"2025-10-24T18:18:55","modified_gmt":"2025-10-24T16:18:55","slug":"basic-diagnostic-procedures","status":"publish","type":"page","link":"https:\/\/kinderwunsch-gelsenkirchen.de\/en\/basic-diagnostic-procedures\/","title":{"rendered":"Basic Diagnostic Procedures"},"content":{"rendered":"\t\t<div data-elementor-type=\"wp-page\" data-elementor-id=\"5856\" class=\"elementor elementor-5856 elementor-5269\" data-elementor-post-type=\"page\">\n\t\t\t\t\t\t<section class=\"elementor-section elementor-top-section elementor-element elementor-element-9f57025 elementor-section-full_width elementor-section-height-default elementor-section-height-default\" data-id=\"9f57025\" data-element_type=\"section\" data-e-type=\"section\" data-settings=\"{&quot;jet_parallax_layout_list&quot;:[{&quot;jet_parallax_layout_image&quot;:{&quot;url&quot;:&quot;&quot;,&quot;id&quot;:&quot;&quot;,&quot;size&quot;:&quot;&quot;},&quot;_id&quot;:&quot;fb0dbf2&quot;,&quot;jet_parallax_layout_image_tablet&quot;:{&quot;url&quot;:&quot;&quot;,&quot;id&quot;:&quot;&quot;,&quot;size&quot;:&quot;&quot;},&quot;jet_parallax_layout_image_mobile&quot;:{&quot;url&quot;:&quot;&quot;,&quot;id&quot;:&quot;&quot;,&quot;size&quot;:&quot;&quot;},&quot;jet_parallax_layout_speed&quot;:{&quot;unit&quot;:&quot;%&quot;,&quot;size&quot;:50,&quot;sizes&quot;:[]},&quot;jet_parallax_layout_type&quot;:&quot;scroll&quot;,&quot;jet_parallax_layout_direction&quot;:&quot;1&quot;,&quot;jet_parallax_layout_fx_direction&quot;:null,&quot;jet_parallax_layout_z_index&quot;:&quot;&quot;,&quot;jet_parallax_layout_bg_x&quot;:50,&quot;jet_parallax_layout_bg_x_tablet&quot;:&quot;&quot;,&quot;jet_parallax_layout_bg_x_mobile&quot;:&quot;&quot;,&quot;jet_parallax_layout_bg_y&quot;:50,&quot;jet_parallax_layout_bg_y_tablet&quot;:&quot;&quot;,&quot;jet_parallax_layout_bg_y_mobile&quot;:&quot;&quot;,&quot;jet_parallax_layout_bg_size&quot;:&quot;auto&quot;,&quot;jet_parallax_layout_bg_size_tablet&quot;:&quot;&quot;,&quot;jet_parallax_layout_bg_size_mobile&quot;:&quot;&quot;,&quot;jet_parallax_layout_animation_prop&quot;:&quot;transform&quot;,&quot;jet_parallax_layout_on&quot;:[&quot;desktop&quot;,&quot;tablet&quot;]}]}\">\n\t\t\t\t\t\t<div class=\"elementor-container elementor-column-gap-no\">\n\t\t\t\t\t<div class=\"elementor-column elementor-col-100 elementor-top-column elementor-element elementor-element-87f3c3c\" data-id=\"87f3c3c\" data-element_type=\"column\" data-e-type=\"column\">\n\t\t\t<div class=\"elementor-widget-wrap elementor-element-populated\">\n\t\t\t\t\t\t<div class=\"elementor-element elementor-element-3a1b528 elementor-widget elementor-widget-heading\" data-id=\"3a1b528\" data-element_type=\"widget\" data-e-type=\"widget\" data-widget_type=\"heading.default\">\n\t\t\t\t<div class=\"elementor-widget-container\">\n\t\t\t\t\t<h1 class=\"elementor-heading-title elementor-size-default\">Basic Diagnostic Procedures<\/h1>\t\t\t\t<\/div>\n\t\t\t\t<\/div>\n\t\t\t\t<div class=\"elementor-element elementor-element-976f305 elementor-widget elementor-widget-text-editor\" data-id=\"976f305\" data-element_type=\"widget\" data-e-type=\"widget\" data-widget_type=\"text-editor.default\">\n\t\t\t\t<div class=\"elementor-widget-container\">\n\t\t\t\t\t\t\t\t\t<h1>All Good Treatments are Based on a Good Diagnosis<\/h1><p>Thanks to modern technology and result-based procedures it takes very little time to provide clarity on the causes and treatment options for your infertility. Most of the time, diagnosis and treatment go hand in hand right from the start.<\/p><p>Answering your questions at any time in a personal and confidential conversation is especially important to us to!<\/p><p>In the following sections you will find basic information about the diagnostic steps.<\/p><div id=\"accordion-3-5ffadc377d5df\" class=\"wk-accordion wk-accordion-default clearfix\"><div class=\"content clearfix content-wrapper\" style=\"overflow: hidden; display: none; height: 0px;\"><h1>Andrologische Diagnostik<\/h1><p>Vor jeder Therapie wird bei uns ein Basisspermiogramm angefertigt. Hier werden Anzahl, Beweglichkeit und Intaktheit der Spermien \u00fcberpr\u00fcft.<\/p><p>F\u00fcr die Therapieentscheidung kann es wichtig sein, eine Aufbereitung der Spermaprobe durchzuf\u00fchren. Dies erm\u00f6glicht die Beurteilung der Langzeitbefruchtungsf\u00e4higkeit der Spermien.<\/p><div class=\"elementor-element elementor-element-152cc10 elementor-widget elementor-widget-accordion\" data-id=\"152cc10\" data-element_type=\"widget\" data-widget_type=\"accordion.default\"><div class=\"elementor-widget-container\"><div class=\"elementor-accordion\" role=\"tablist\"><div class=\"elementor-accordion-item\"><h3 id=\"elementor-tab-title-2221\" class=\"elementor-tab-title elementor-active\" role=\"tab\" data-tab=\"1\" aria-controls=\"elementor-tab-content-2221\"><span class=\"elementor-accordion-icon elementor-accordion-icon-left\" aria-hidden=\"true\"><br \/><i class=\"fas fa-plus\"><\/i><br \/><i class=\"fas fa-minus\"><\/i><br \/><\/span><br \/><a class=\"elementor-accordion-title\">Kryokonservierung von unbefruchteten Eizellen<\/a><\/h3><div id=\"elementor-tab-content-2221\" class=\"elementor-tab-content elementor-clearfix elementor-active\" style=\"display: block;\" role=\"tabpanel\" data-tab=\"1\" aria-labelledby=\"elementor-tab-title-2221\"><p>Die Fruchtbarkeit zu sch\u00fctzen ist heute ebenso f\u00fcr Frauen m\u00f6glich, auch wenn das Eizellbanking noch nicht sehr gel\u00e4ufig ist. Das liegt daran, dass diese Methode aufwendiger als bei M\u00e4nnern ist und erst in den letzten Jahren experimentell zur Anwendung gebracht wurde. Man ben\u00f6tigt hierf\u00fcr eine hormonelle Vorbehandlung von ca. 14 Tagen und eine Entnahme der Eizellen durch Follikelpunktion.<\/p><p>Nach Kryokonservierung und Lagerung in fl\u00fcssigem Stickstoff bei \u2013196 \u00b0C stehen diese sp\u00e4ter f\u00fcr eine k\u00fcnstliche Befruchtung (IVF) zur Verf\u00fcgung. Unbefruchtete Eizellen \u00fcberleben das Einfrieren und Auftauen dank moderner Einfriermethoden (Vitrifikation) fast wie befruchtete Eizellen. Wenn die \u00fcberlebenden Eizellen einer k\u00fcnstlichen Befruchtung zugef\u00fchrt werden, kann man damit rechnen, dass ca. die H\u00e4lfte der Eizellen befruchtet wird.<\/p><p>Ein mehrstufiges Sicherheitssystem sch\u00fctzt vor Verwechslungen und Verlust.<\/p><p>Weltweit sind mehr als 100 Geburten nach dem Einfrieren unbefruchteter Eizellen beschrieben. Auch wir bieten Ihnen bei Bedarf die Vitrifikation von Eizellen an. Alternativ gibt es auch die M\u00f6glichkeit Eierstockgewebe einzufrieren, \u00fcber die wir Sie gerne beraten werden.<\/p><div class=\"elementor-accordion-item\"><h3 id=\"elementor-tab-title-2222\" class=\"elementor-tab-title\" role=\"tab\" data-tab=\"2\" aria-controls=\"elementor-tab-content-2222\"><span class=\"elementor-accordion-icon elementor-accordion-icon-left\" aria-hidden=\"true\"><br \/><i class=\"fas fa-plus\"><\/i><br \/><i class=\"fas fa-minus\"><\/i><br \/><\/span><br \/><a class=\"elementor-accordion-title\">Kryokonservierung befruchteter Eizellen<\/a><\/h3><div id=\"elementor-tab-content-2222\" class=\"elementor-tab-content elementor-clearfix\" role=\"tabpanel\" data-tab=\"2\" aria-labelledby=\"elementor-tab-title-2222\"><div class=\"content clearfix content-wrapper\" style=\"overflow: hidden; display: block;\"><div><p>Wenn die erkrankte Frau in einer festen Partnerschaft lebt, ist das Einfrieren von befruchteten Eizellen nach einer daf\u00fcr notwendigen hormonellen Stimulation und Eizellentnahme in Allgemeinnarkose eine sehr gute Option. Eingefroren werden die befruchteten Eizellen im \u201eVorkernstadium\u201c, d.h. einen Tag nach der Follikelpunktion, bevor es zur Verschmelzung von m\u00e4nnlichem und weiblichem Chromosomensatz gekommen ist. Notwendig ist daf\u00fcr ein technisch aufwendiges, langsames Herunterk\u00fchlen der Eizellen, um die bei jedem Einfriervorgang entstehende Kristallbildung m\u00f6glichst gering zu halten.<\/p><\/div><p>Ein mehrstufiges Sicherheitssystem sch\u00fctzt vor Verwechslungen und Verlust.<\/p><p>Das Einfrieren und Auftauen \u00fcberleben befruchtete Eizellen mit einer ca. 80%igen Chance. F\u00fcr den Fall, dass nach der Behandlung der Grunderkrankung die Fruchtbarkeit nachhaltig Schaden genommen hat, kann eine Schwangerschaft dann mit Hilfe der zuvor eingelagerten befruchteten Eizellen herbeigef\u00fchrt werden.<\/p><p>Wichtig ist, dass diese Methode nur angewandt werden darf, wenn die Partnerschaft noch fortbesteht und beide Partner dem Embryotransfer zustimmen. Diese Prozedur ist aus Sicht der Frau und unter dem Aspekt der Vorsorge daher nur sinnvoll, wenn die Partnerschaft fortdauert.<\/p><div class=\"inlinediagramme\">\u00a0<\/div><\/div><\/div><\/div><div class=\"elementor-accordion-item\"><h3 id=\"elementor-tab-title-2223\" class=\"elementor-tab-title\" role=\"tab\" data-tab=\"3\" aria-controls=\"elementor-tab-content-2223\"><span class=\"elementor-accordion-icon elementor-accordion-icon-left\" aria-hidden=\"true\"><br \/><i class=\"fas fa-plus\"><\/i><br \/><i class=\"fas fa-minus\"><\/i><br \/><\/span><br \/><a class=\"elementor-accordion-title\">Kryokonservierung von Samenzellen<\/a><\/h3><div id=\"elementor-tab-content-2223\" class=\"elementor-tab-content elementor-clearfix\" role=\"tabpanel\" data-tab=\"3\" aria-labelledby=\"elementor-tab-title-2223\"><p>Ebenso k\u00f6nnen Samenzellen aus der Samenfl\u00fcssigkeit oder aus dem Hodengewebe kryokonserviert und aufbewahrt werden. Unabh\u00e4ngig von einer bereits begonnenen Sterilit\u00e4tstherapie besteht die M\u00f6glichkeit Samenproben bei uns einfrieren zu lassen, wenn die Gefahr einer Fruchtbarkeitssch\u00e4digung droht. Dies ist z. B. bei M\u00e4nnern der Fall, die aufgrund einer Krebserkrankung eine Chemo- oder Strahlentherapie durchf\u00fchren lassen m\u00fcssen. Chemo- und Strahlentherapien k\u00f6nnen das Hodengewebe so sch\u00e4digen, dass nach Heilung der Krebserkrankung keine Spermien mehr in der Samenfl\u00fcssigkeit nachweisbar sind.<\/p><p>Wenn zuvor Spermien kryokonserviert wurden (Spermabanking) und nach einer erfolgreichen Krebsbehandlung die Zeugungsf\u00e4higkeit nachhaltig eingeb\u00fc\u00dft sein sollte, kann mit Hilfe des vor der Behandlung angelegten Samendepots noch viele Jahre sp\u00e4ter ein Kind gezeugt werden.<br \/>In manchen F\u00e4llen ist dann zwar die Hilfe eines Reproduktionsmediziners erforderlich, aber eine leibliche Vaterschaft ist gut m\u00f6glich.<\/p><p>Nach Kryokonservierung von Spermien empfehlen wir ein Kontrollspermiogramm ca. ein halbes Jahr nach abgeschlossener Therapie. Wenn die Spermienproduktion erhalten geblieben ist, k\u00f6nnen die eingefrorenen Proben aufgetaut und verworfen werden.<\/p><p>Ein mehrstufiges Sicherheitssystem sch\u00fctzt vor Verwechslungen und Verlust.<\/p><p>Samenzellen k\u00f6nnen auch dann auf Wunsch eingefroren werden, wenn der Mann beruflich z. B. viel auf Reisen ist und eine Anwesenheit am Tag der Eizellentnahme seiner Frau nicht m\u00f6glich ist. Die Kinderwunschbehandlung kann dann trotzdem erfolgen.<\/p><\/div><\/div><\/div><\/div><\/div><\/div><\/div><\/div><\/div>\t\t\t\t\t\t\t\t<\/div>\n\t\t\t\t<\/div>\n\t\t\t\t<div class=\"elementor-element elementor-element-316d110 elementor-widget elementor-widget-accordion\" data-id=\"316d110\" data-element_type=\"widget\" data-e-type=\"widget\" data-widget_type=\"accordion.default\">\n\t\t\t\t<div class=\"elementor-widget-container\">\n\t\t\t\t\t\t\t<div class=\"elementor-accordion\">\n\t\t\t\t\t\t\t<div class=\"elementor-accordion-item\">\n\t\t\t\t\t<h3 id=\"elementor-tab-title-5181\" class=\"elementor-tab-title\" data-tab=\"1\" role=\"button\" aria-controls=\"elementor-tab-content-5181\" aria-expanded=\"false\">\n\t\t\t\t\t\t\t\t\t\t\t\t\t<span class=\"elementor-accordion-icon elementor-accordion-icon-left\" aria-hidden=\"true\">\n\t\t\t\t\t\t\t\t\t\t\t\t\t\t\t<span class=\"elementor-accordion-icon-closed\"><i class=\"fas fa-plus\"><\/i><\/span>\n\t\t\t\t\t\t\t\t<span class=\"elementor-accordion-icon-opened\"><i class=\"fas fa-minus\"><\/i><\/span>\n\t\t\t\t\t\t\t\t\t\t\t\t\t\t<\/span>\n\t\t\t\t\t\t\t\t\t\t\t\t<a class=\"elementor-accordion-title\" tabindex=\"0\">Hormone Diagnostic<\/a>\n\t\t\t\t\t<\/h3>\n\t\t\t\t\t<div id=\"elementor-tab-content-5181\" class=\"elementor-tab-content elementor-clearfix\" data-tab=\"1\" role=\"region\" aria-labelledby=\"elementor-tab-title-5181\"><p>As part of a test cycle at the beginning of your menstral cycle (between the second and fourth day) we check the hormones that influence the maturation of the egg cells. That includes hormones produced by the hypophysis, the thyroid, the ovaries and the adrenal. Due to the fact that the hormone levels vary during the course of your menstral cycle, it is essential that the blood test is perfomed at a specific point in time at the beginning of the cycle.<\/p><p>Should this basal blood sampling show certain irregularities then additional functions will be tested, in order to determine the cause of the problem.<\/p><\/div>\n\t\t\t\t<\/div>\n\t\t\t\t\t\t\t<div class=\"elementor-accordion-item\">\n\t\t\t\t\t<h3 id=\"elementor-tab-title-5182\" class=\"elementor-tab-title\" data-tab=\"2\" role=\"button\" aria-controls=\"elementor-tab-content-5182\" aria-expanded=\"false\">\n\t\t\t\t\t\t\t\t\t\t\t\t\t<span class=\"elementor-accordion-icon elementor-accordion-icon-left\" aria-hidden=\"true\">\n\t\t\t\t\t\t\t\t\t\t\t\t\t\t\t<span class=\"elementor-accordion-icon-closed\"><i class=\"fas fa-plus\"><\/i><\/span>\n\t\t\t\t\t\t\t\t<span class=\"elementor-accordion-icon-opened\"><i class=\"fas fa-minus\"><\/i><\/span>\n\t\t\t\t\t\t\t\t\t\t\t\t\t\t<\/span>\n\t\t\t\t\t\t\t\t\t\t\t\t<a class=\"elementor-accordion-title\" tabindex=\"0\">Fertility Cycle Monitoring<\/a>\n\t\t\t\t\t<\/h3>\n\t\t\t\t\t<div id=\"elementor-tab-content-5182\" class=\"elementor-tab-content elementor-clearfix\" data-tab=\"2\" role=\"region\" aria-labelledby=\"elementor-tab-title-5182\"><p>It is often useful to find out when and if ovulation is taking place. We can do this by means of ultrasonic scanning and hormone tests during the course of your cycle. This will also show us any changes in your hormones levels, which are important factors influencing egg cell quality. As part of this process the corpus luteum hormone will also be tested. This hormone is responsible for providing good nidation conditions in the second half of the cycle.<\/p><\/div>\n\t\t\t\t<\/div>\n\t\t\t\t\t\t\t<div class=\"elementor-accordion-item\">\n\t\t\t\t\t<h3 id=\"elementor-tab-title-5183\" class=\"elementor-tab-title\" data-tab=\"3\" role=\"button\" aria-controls=\"elementor-tab-content-5183\" aria-expanded=\"false\">\n\t\t\t\t\t\t\t\t\t\t\t\t\t<span class=\"elementor-accordion-icon elementor-accordion-icon-left\" aria-hidden=\"true\">\n\t\t\t\t\t\t\t\t\t\t\t\t\t\t\t<span class=\"elementor-accordion-icon-closed\"><i class=\"fas fa-plus\"><\/i><\/span>\n\t\t\t\t\t\t\t\t<span class=\"elementor-accordion-icon-opened\"><i class=\"fas fa-minus\"><\/i><\/span>\n\t\t\t\t\t\t\t\t\t\t\t\t\t\t<\/span>\n\t\t\t\t\t\t\t\t\t\t\t\t<a class=\"elementor-accordion-title\" tabindex=\"0\">Test of Sperm-Cervical Mucus Interaction<\/a>\n\t\t\t\t\t<\/h3>\n\t\t\t\t\t<div id=\"elementor-tab-content-5183\" class=\"elementor-tab-content elementor-clearfix\" data-tab=\"3\" role=\"region\" aria-labelledby=\"elementor-tab-title-5183\"><p>In the days leading up to ovulation the mucus in the cervix changes. It becomes clear, thinner, more fluid, and stretchy. This allows the sperm cells to easily make their way to the uterine cavity.<\/p><p>As part of a post-coital test (an examination at the moment of ovulation and the morning after intercourse), mucus is withdrawn from the cervix and examined<\/p><p>The quality of the mucus will be evaluated as well as the microscopic evidence of sperm in the mucus sample. If many healthy sperms are found, the chances of becoming pregnant in this manner is equally as high as by means of artificial insemination.<\/p><\/div>\n\t\t\t\t<\/div>\n\t\t\t\t\t\t\t<div class=\"elementor-accordion-item\">\n\t\t\t\t\t<h3 id=\"elementor-tab-title-5184\" class=\"elementor-tab-title\" data-tab=\"4\" role=\"button\" aria-controls=\"elementor-tab-content-5184\" aria-expanded=\"false\">\n\t\t\t\t\t\t\t\t\t\t\t\t\t<span class=\"elementor-accordion-icon elementor-accordion-icon-left\" aria-hidden=\"true\">\n\t\t\t\t\t\t\t\t\t\t\t\t\t\t\t<span class=\"elementor-accordion-icon-closed\"><i class=\"fas fa-plus\"><\/i><\/span>\n\t\t\t\t\t\t\t\t<span class=\"elementor-accordion-icon-opened\"><i class=\"fas fa-minus\"><\/i><\/span>\n\t\t\t\t\t\t\t\t\t\t\t\t\t\t<\/span>\n\t\t\t\t\t\t\t\t\t\t\t\t<a class=\"elementor-accordion-title\" tabindex=\"0\">Mini-Hysteroscopy<\/a>\n\t\t\t\t\t<\/h3>\n\t\t\t\t\t<div id=\"elementor-tab-content-5184\" class=\"elementor-tab-content elementor-clearfix\" data-tab=\"4\" role=\"region\" aria-labelledby=\"elementor-tab-title-5184\"><p><strong>General information<\/strong><\/p><p>The success of embryonic nidation depends greatly on the whether the interior of the uterus is in optimal condition.<\/p><p>A hysteroscopy is a simple procedure which allows us to rule out any abnormalities inside the uterus. Thinnest optical devices are used so that this procedure can be performed without requiring any anaesthesia. Nevertheless, if you prefer, a short anaesthesia is available.<\/p><p>The results of the examination will be shared with you immediately following the procedure. This allows us to decide quickly if any further therapeutic procedures are necessary.<\/p><p><strong>Treatment process<\/strong><\/p><p>Please make an appointment in the first half of your cycle.<\/p><p>The procedure takes approximately 5 minutes. If no anaesthesia is necessary, as planned, you will be able to continue your daily routine. However, it is possible to receive a doctor&#8217;s note if requested.<\/p><p><strong>Fees<\/strong><\/p><p>The Mini-Hysteroscopy is a service covered by the national and private health insurance providers.<\/p><\/div>\n\t\t\t\t<\/div>\n\t\t\t\t\t\t\t<div class=\"elementor-accordion-item\">\n\t\t\t\t\t<h3 id=\"elementor-tab-title-5185\" class=\"elementor-tab-title\" data-tab=\"5\" role=\"button\" aria-controls=\"elementor-tab-content-5185\" aria-expanded=\"false\">\n\t\t\t\t\t\t\t\t\t\t\t\t\t<span class=\"elementor-accordion-icon elementor-accordion-icon-left\" aria-hidden=\"true\">\n\t\t\t\t\t\t\t\t\t\t\t\t\t\t\t<span class=\"elementor-accordion-icon-closed\"><i class=\"fas fa-plus\"><\/i><\/span>\n\t\t\t\t\t\t\t\t<span class=\"elementor-accordion-icon-opened\"><i class=\"fas fa-minus\"><\/i><\/span>\n\t\t\t\t\t\t\t\t\t\t\t\t\t\t<\/span>\n\t\t\t\t\t\t\t\t\t\t\t\t<a class=\"elementor-accordion-title\" tabindex=\"0\">Andrological Diagnostics<\/a>\n\t\t\t\t\t<\/h3>\n\t\t\t\t\t<div id=\"elementor-tab-content-5185\" class=\"elementor-tab-content elementor-clearfix\" data-tab=\"5\" role=\"region\" aria-labelledby=\"elementor-tab-title-5185\"><p>Before the start of each therapy a basic sperm analysis is carried out, where we evaluate the sperm&#8217;s count, mobility and morphology.<\/p><p>In order to optimise your therapy, it may become necessary to process the sperm sample. This allows us to determine the long-term fertilisation capacity of the sperm.<\/p><\/div>\n\t\t\t\t<\/div>\n\t\t\t\t\t\t\t\t<\/div>\n\t\t\t\t\t\t<\/div>\n\t\t\t\t<\/div>\n\t\t\t\t\t<\/div>\n\t\t<\/div>\n\t\t\t\t\t<\/div>\n\t\t<\/section>\n\t\t\t\t<\/div>\n\t\t","protected":false},"excerpt":{"rendered":"<p>All Good Treatments are Based on a Good Diagnosis Thanks to modern technology and result-based procedures it takes very little time to provide clarity on the causes and treatment options for your infertility. Most of the time, diagnosis and treatment go hand in hand right from the start. Answering your questions at any time in [&hellip;]<\/p>\n","protected":false},"author":17,"featured_media":0,"parent":0,"menu_order":0,"comment_status":"closed","ping_status":"closed","template":"","meta":{"slim_seo":{"title":"Basic Diagnostic Procedures - Kinderwunschzentrum Gelsenkirchen","description":"All Good Treatments are Based on a Good Diagnosis Thanks to modern technology and result-based procedures it takes very little time to provide clarity on the ca"},"footnotes":""},"page-layout":[71],"class_list":["post-5856","page","type-page","status-publish","hentry","page-layout-layout-001"],"_links":{"self":[{"href":"https:\/\/kinderwunsch-gelsenkirchen.de\/en\/wp-json\/wp\/v2\/pages\/5856","targetHints":{"allow":["GET"]}}],"collection":[{"href":"https:\/\/kinderwunsch-gelsenkirchen.de\/en\/wp-json\/wp\/v2\/pages"}],"about":[{"href":"https:\/\/kinderwunsch-gelsenkirchen.de\/en\/wp-json\/wp\/v2\/types\/page"}],"author":[{"embeddable":true,"href":"https:\/\/kinderwunsch-gelsenkirchen.de\/en\/wp-json\/wp\/v2\/users\/17"}],"replies":[{"embeddable":true,"href":"https:\/\/kinderwunsch-gelsenkirchen.de\/en\/wp-json\/wp\/v2\/comments?post=5856"}],"version-history":[{"count":1,"href":"https:\/\/kinderwunsch-gelsenkirchen.de\/en\/wp-json\/wp\/v2\/pages\/5856\/revisions"}],"predecessor-version":[{"id":8481,"href":"https:\/\/kinderwunsch-gelsenkirchen.de\/en\/wp-json\/wp\/v2\/pages\/5856\/revisions\/8481"}],"wp:attachment":[{"href":"https:\/\/kinderwunsch-gelsenkirchen.de\/en\/wp-json\/wp\/v2\/media?parent=5856"}],"wp:term":[{"taxonomy":"page-layout","embeddable":true,"href":"https:\/\/kinderwunsch-gelsenkirchen.de\/en\/wp-json\/wp\/v2\/page-layout?post=5856"}],"curies":[{"name":"wp","href":"https:\/\/api.w.org\/{rel}","templated":true}]}}