{"id":2061,"date":"2020-07-20T00:14:45","date_gmt":"2020-07-20T00:14:45","guid":{"rendered":"https:\/\/os2.smartini.de\/?page_id=2061"},"modified":"2023-06-29T13:53:37","modified_gmt":"2023-06-29T11:53:37","slug":"legal-notice","status":"publish","type":"page","link":"https:\/\/kinderwunsch-gelsenkirchen.de\/en\/legal-notice\/","title":{"rendered":"Legal Notice"},"content":{"rendered":"\t\t<div data-elementor-type=\"wp-page\" data-elementor-id=\"2061\" class=\"elementor elementor-2061 elementor-1452\" data-elementor-post-type=\"page\">\n\t\t\t\t\t\t<section class=\"elementor-section elementor-top-section elementor-element elementor-element-f6de889 elementor-section-full_width elementor-section-height-default elementor-section-height-default\" data-id=\"f6de889\" data-element_type=\"section\" data-e-type=\"section\" data-settings=\"{&quot;jet_parallax_layout_list&quot;:[{&quot;jet_parallax_layout_image&quot;:{&quot;url&quot;:&quot;&quot;,&quot;id&quot;:&quot;&quot;,&quot;size&quot;:&quot;&quot;},&quot;_id&quot;:&quot;2f6a3cd&quot;,&quot;jet_parallax_layout_image_tablet&quot;:{&quot;url&quot;:&quot;&quot;,&quot;id&quot;:&quot;&quot;,&quot;size&quot;:&quot;&quot;},&quot;jet_parallax_layout_image_mobile&quot;:{&quot;url&quot;:&quot;&quot;,&quot;id&quot;:&quot;&quot;,&quot;size&quot;:&quot;&quot;},&quot;jet_parallax_layout_speed&quot;:{&quot;unit&quot;:&quot;%&quot;,&quot;size&quot;:50,&quot;sizes&quot;:[]},&quot;jet_parallax_layout_type&quot;:&quot;scroll&quot;,&quot;jet_parallax_layout_direction&quot;:&quot;1&quot;,&quot;jet_parallax_layout_fx_direction&quot;:null,&quot;jet_parallax_layout_z_index&quot;:&quot;&quot;,&quot;jet_parallax_layout_bg_x&quot;:50,&quot;jet_parallax_layout_bg_x_tablet&quot;:&quot;&quot;,&quot;jet_parallax_layout_bg_x_mobile&quot;:&quot;&quot;,&quot;jet_parallax_layout_bg_y&quot;:50,&quot;jet_parallax_layout_bg_y_tablet&quot;:&quot;&quot;,&quot;jet_parallax_layout_bg_y_mobile&quot;:&quot;&quot;,&quot;jet_parallax_layout_bg_size&quot;:&quot;auto&quot;,&quot;jet_parallax_layout_bg_size_tablet&quot;:&quot;&quot;,&quot;jet_parallax_layout_bg_size_mobile&quot;:&quot;&quot;,&quot;jet_parallax_layout_animation_prop&quot;:&quot;transform&quot;,&quot;jet_parallax_layout_on&quot;:[&quot;desktop&quot;,&quot;tablet&quot;]}]}\">\n\t\t\t\t\t\t<div class=\"elementor-container elementor-column-gap-no\">\n\t\t\t\t\t<div class=\"elementor-column elementor-col-100 elementor-top-column elementor-element elementor-element-1f99998\" data-id=\"1f99998\" data-element_type=\"column\" data-e-type=\"column\">\n\t\t\t<div class=\"elementor-widget-wrap elementor-element-populated\">\n\t\t\t\t\t\t\t<\/div>\n\t\t<\/div>\n\t\t\t\t\t<\/div>\n\t\t<\/section>\n\t\t\t\t<section class=\"elementor-section elementor-top-section elementor-element elementor-element-e55cd31 elementor-section-boxed elementor-section-height-default elementor-section-height-default\" data-id=\"e55cd31\" data-element_type=\"section\" data-e-type=\"section\" data-settings=\"{&quot;jet_parallax_layout_list&quot;:[{&quot;jet_parallax_layout_image&quot;:{&quot;url&quot;:&quot;&quot;,&quot;id&quot;:&quot;&quot;,&quot;size&quot;:&quot;&quot;},&quot;_id&quot;:&quot;1b3ee24&quot;,&quot;jet_parallax_layout_image_tablet&quot;:{&quot;url&quot;:&quot;&quot;,&quot;id&quot;:&quot;&quot;,&quot;size&quot;:&quot;&quot;},&quot;jet_parallax_layout_image_mobile&quot;:{&quot;url&quot;:&quot;&quot;,&quot;id&quot;:&quot;&quot;,&quot;size&quot;:&quot;&quot;},&quot;jet_parallax_layout_speed&quot;:{&quot;unit&quot;:&quot;%&quot;,&quot;size&quot;:50,&quot;sizes&quot;:[]},&quot;jet_parallax_layout_type&quot;:&quot;scroll&quot;,&quot;jet_parallax_layout_direction&quot;:&quot;1&quot;,&quot;jet_parallax_layout_fx_direction&quot;:null,&quot;jet_parallax_layout_z_index&quot;:&quot;&quot;,&quot;jet_parallax_layout_bg_x&quot;:50,&quot;jet_parallax_layout_bg_x_tablet&quot;:&quot;&quot;,&quot;jet_parallax_layout_bg_x_mobile&quot;:&quot;&quot;,&quot;jet_parallax_layout_bg_y&quot;:50,&quot;jet_parallax_layout_bg_y_tablet&quot;:&quot;&quot;,&quot;jet_parallax_layout_bg_y_mobile&quot;:&quot;&quot;,&quot;jet_parallax_layout_bg_size&quot;:&quot;auto&quot;,&quot;jet_parallax_layout_bg_size_tablet&quot;:&quot;&quot;,&quot;jet_parallax_layout_bg_size_mobile&quot;:&quot;&quot;,&quot;jet_parallax_layout_animation_prop&quot;:&quot;transform&quot;,&quot;jet_parallax_layout_on&quot;:[&quot;desktop&quot;,&quot;tablet&quot;]}]}\">\n\t\t\t\t\t\t<div class=\"elementor-container elementor-column-gap-wide\">\n\t\t\t\t\t<div class=\"elementor-column elementor-col-100 elementor-top-column elementor-element elementor-element-fd63ee0\" data-id=\"fd63ee0\" data-element_type=\"column\" data-e-type=\"column\">\n\t\t\t<div class=\"elementor-widget-wrap elementor-element-populated\">\n\t\t\t\t\t\t<div class=\"elementor-element elementor-element-0684cc6 elementor-widget elementor-widget-heading\" data-id=\"0684cc6\" data-element_type=\"widget\" data-e-type=\"widget\" data-widget_type=\"heading.default\">\n\t\t\t\t<div class=\"elementor-widget-container\">\n\t\t\t\t\t<h1 class=\"elementor-heading-title elementor-size-default\">Legal Notice<\/h1>\t\t\t\t<\/div>\n\t\t\t\t<\/div>\n\t\t\t\t<div class=\"elementor-element elementor-element-26907d8 elementor-widget elementor-widget-text-editor\" data-id=\"26907d8\" data-element_type=\"widget\" data-e-type=\"widget\" data-widget_type=\"text-editor.default\">\n\t\t\t\t<div class=\"elementor-widget-container\">\n\t\t\t\t\t\t\t\t\t<p>Mandatory information as required by the German e-commerce law (Gesetz \u00fcber rechtliche Rahmenbedingungen f\u00fcr den elektronischen Gesch\u00e4ftsverkehr):<br \/>Dr. med. Sandra Stettner, (Fach\u00e4rztin f\u00fcr Frauenheilkunde u. Geburtshilfe, Approbation in Deutschland\/\u00c4rztekammer Nordrhein), Sarah Suttor, (Fach\u00e4rztin f\u00fcr Frauenheilkunde u. Geburtshilfe, Approbation in Deutschland\/\u00c4rztekammer Nordrhein)<\/p><p>Berufsaus\u00fcbungsgemeinschaft (BAG)<br \/>Munscheidstr. 14, Wissenschaftspark, Pavillon 8, 1. OG,<br \/>Email:info\\at\/kinderwunsch-gelsenkirchen.de<br \/>Regulatory authority: <a href=\"http:\/\/www.aekwl.de\/index.php?id=213\">\u00c4rztekammer Westfalen-Lippe \u00bb<br \/>Berufsordnung der \u00c4k Westfalen-Lippe \u00bb<\/a><\/p><p><strong>Layout &amp; Implementation<br \/><\/strong><a href=\"http:\/\/www.smartini.de\/\">www.smartini.de<\/a><\/p><p><strong>Photo Credits<br \/><\/strong><a href=\"https:\/\/eventfotograf.in\/\">Alex Muchnik<\/a>,\u00a0<a href=\"http:\/\/www.holgerkrull.de\/\" target=\"_blank\" rel=\"noopener\">Holger Krull<\/a>, Kinderwunschzentrum Gelsenkirchen,\u00a0<a href=\"http:\/\/www.istockphoto.com\/\" target=\"_blank\" rel=\"noopener\">iStockphoto<\/a>\u00a0\u2013 Einzelaufstellung auf Anfrage<\/p><p>\u00a0<\/p><h2>Liability<\/h2><p><strong>1. Disclaimer of Liability<\/strong><\/p><p>Although the content of our website has been compiled with meticulous care, we do not provide any warranty concerning the accuracy, completeness and currency of the contents provided. Using the website and its contents is at the user&#8217;s own risk. The opinions expressed in articles that mention the author&#8217;s name are those of the author and do not necessarily reflect the opinion of the Kinderwunschzentrum Gelsenkirchen. The mere use of this website does not create any contractual relationship between the user and the Kinderwunschzentrum Gelsenkirchen.<\/p><p><strong>2. External Links<\/strong><\/p><p>This website contains links to third-party websites (&#8220;external links&#8221;) that are subject to the liability of their respective providers. When initially establishing the external links, the Kinderwunschzentrum Gelsenkirchen checked the third-party content for any infringements of rights. No infringements were apparent at that time. The Kinderwunschzentrum Gelsenkirchen has no control over the current and future design and content of linked pages. Establishing external links does not necessarily mean that the Kinderwunschzentrum Gelsenkirchen has adopted the linked content. We cannot reasonably be expected to constantly check external links unless there are specific indications of infringements. However, any external links concerned will be deleted immediately if infringements are identified<\/p><p><strong>3. Intellectual Property and Copyright Protection<\/strong><\/p><p>The content published on this website is subject to the German law governing Intellectual Property. Any utilisation not permitted by this law is subject to the prior written consent of the Kinderwunschzentrum Gelsenkirchen or of the respective holder of the rights. This applies in particular to reproducing, editing, translating, saving, processing or rendering contents in databases or other electronic media and systems. Third-party content and rights shall be identified as such. Unauthorised reproduction or communication of all or parts of the contents other than copying and downloading for personal, private and non-commercial use is not permitted and shall be punishable by law.<\/p>\t\t\t\t\t\t\t\t<\/div>\n\t\t\t\t<\/div>\n\t\t\t\t\t<\/div>\n\t\t<\/div>\n\t\t\t\t\t<\/div>\n\t\t<\/section>\n\t\t\t\t<\/div>\n\t\t","protected":false},"excerpt":{"rendered":"<p>Legal Notice Mandatory information as required by the German e-commerce law (Gesetz \u00fcber rechtliche Rahmenbedingungen f\u00fcr den elektronischen Gesch\u00e4ftsverkehr): Dr. med. Sandra Stettner, (Fach\u00e4rztin f\u00fcr Frauenheilkunde u. Geburtshilfe, Approbation in Deutschland\/\u00c4rztekammer Nordrhein), Sarah Suttor, (Fach\u00e4rztin f\u00fcr Frauenheilkunde u. Geburtshilfe, Approbation in Deutschland\/\u00c4rztekammer Nordrhein) Berufsaus\u00fcbungsgemeinschaft (BAG) Munscheidstr. 14, Wissenschaftspark, Pavillon 8, 1. OG, Email:infoat\/kinderwunsch-gelsenkirchen.de Regulatory authority: [&hellip;]<\/p>\n","protected":false},"author":12,"featured_media":0,"parent":0,"menu_order":0,"comment_status":"closed","ping_status":"closed","template":"","meta":{"slim_seo":{"title":"Legal Notice - Kinderwunschzentrum Gelsenkirchen","description":"Legal Notice Mandatory information as required by the German e-commerce law (Gesetz \u00fcber rechtliche Rahmenbedingungen f\u00fcr den elektronischen Gesch\u00e4ftsverkehr):"},"footnotes":""},"page-layout":[],"class_list":["post-2061","page","type-page","status-publish","hentry"],"_links":{"self":[{"href":"https:\/\/kinderwunsch-gelsenkirchen.de\/en\/wp-json\/wp\/v2\/pages\/2061","targetHints":{"allow":["GET"]}}],"collection":[{"href":"https:\/\/kinderwunsch-gelsenkirchen.de\/en\/wp-json\/wp\/v2\/pages"}],"about":[{"href":"https:\/\/kinderwunsch-gelsenkirchen.de\/en\/wp-json\/wp\/v2\/types\/page"}],"author":[{"embeddable":true,"href":"https:\/\/kinderwunsch-gelsenkirchen.de\/en\/wp-json\/wp\/v2\/users\/12"}],"replies":[{"embeddable":true,"href":"https:\/\/kinderwunsch-gelsenkirchen.de\/en\/wp-json\/wp\/v2\/comments?post=2061"}],"version-history":[{"count":1,"href":"https:\/\/kinderwunsch-gelsenkirchen.de\/en\/wp-json\/wp\/v2\/pages\/2061\/revisions"}],"predecessor-version":[{"id":10169,"href":"https:\/\/kinderwunsch-gelsenkirchen.de\/en\/wp-json\/wp\/v2\/pages\/2061\/revisions\/10169"}],"wp:attachment":[{"href":"https:\/\/kinderwunsch-gelsenkirchen.de\/en\/wp-json\/wp\/v2\/media?parent=2061"}],"wp:term":[{"taxonomy":"page-layout","embeddable":true,"href":"https:\/\/kinderwunsch-gelsenkirchen.de\/en\/wp-json\/wp\/v2\/page-layout?post=2061"}],"curies":[{"name":"wp","href":"https:\/\/api.w.org\/{rel}","templated":true}]}}