{"id":2034,"date":"2020-05-27T14:06:41","date_gmt":"2020-05-27T14:06:41","guid":{"rendered":"https:\/\/os2.smartini.de\/check\/"},"modified":"2023-03-02T01:08:31","modified_gmt":"2023-03-02T00:08:31","slug":"check","status":"publish","type":"page","link":"https:\/\/kinderwunsch-gelsenkirchen.de\/en\/check\/","title":{"rendered":"Home"},"content":{"rendered":"\t\t<div data-elementor-type=\"wp-page\" data-elementor-id=\"2034\" class=\"elementor elementor-2034\" data-elementor-post-type=\"page\">\n\t\t\t\t\t\t<section class=\"elementor-section elementor-top-section elementor-element elementor-element-3f4c16e elementor-section-full_width elementor-section-height-default elementor-section-height-default\" data-id=\"3f4c16e\" data-element_type=\"section\" data-e-type=\"section\" data-settings=\"{&quot;jet_parallax_layout_list&quot;:[{&quot;jet_parallax_layout_image&quot;:{&quot;url&quot;:&quot;&quot;,&quot;id&quot;:&quot;&quot;,&quot;size&quot;:&quot;&quot;},&quot;_id&quot;:&quot;380bfd1&quot;,&quot;jet_parallax_layout_image_tablet&quot;:{&quot;url&quot;:&quot;&quot;,&quot;id&quot;:&quot;&quot;,&quot;size&quot;:&quot;&quot;},&quot;jet_parallax_layout_image_mobile&quot;:{&quot;url&quot;:&quot;&quot;,&quot;id&quot;:&quot;&quot;,&quot;size&quot;:&quot;&quot;},&quot;jet_parallax_layout_speed&quot;:{&quot;unit&quot;:&quot;%&quot;,&quot;size&quot;:50,&quot;sizes&quot;:[]},&quot;jet_parallax_layout_type&quot;:&quot;scroll&quot;,&quot;jet_parallax_layout_direction&quot;:&quot;1&quot;,&quot;jet_parallax_layout_fx_direction&quot;:null,&quot;jet_parallax_layout_z_index&quot;:&quot;&quot;,&quot;jet_parallax_layout_bg_x&quot;:50,&quot;jet_parallax_layout_bg_x_tablet&quot;:&quot;&quot;,&quot;jet_parallax_layout_bg_x_mobile&quot;:&quot;&quot;,&quot;jet_parallax_layout_bg_y&quot;:50,&quot;jet_parallax_layout_bg_y_tablet&quot;:&quot;&quot;,&quot;jet_parallax_layout_bg_y_mobile&quot;:&quot;&quot;,&quot;jet_parallax_layout_bg_size&quot;:&quot;auto&quot;,&quot;jet_parallax_layout_bg_size_tablet&quot;:&quot;&quot;,&quot;jet_parallax_layout_bg_size_mobile&quot;:&quot;&quot;,&quot;jet_parallax_layout_animation_prop&quot;:&quot;transform&quot;,&quot;jet_parallax_layout_on&quot;:[&quot;desktop&quot;,&quot;tablet&quot;]}]}\">\n\t\t\t\t\t\t<div class=\"elementor-container elementor-column-gap-no\">\n\t\t\t\t\t<div class=\"elementor-column elementor-col-100 elementor-top-column elementor-element elementor-element-94d05d9\" data-id=\"94d05d9\" data-element_type=\"column\" data-e-type=\"column\">\n\t\t\t<div class=\"elementor-widget-wrap elementor-element-populated\">\n\t\t\t\t\t\t<div class=\"elementor-element elementor-element-00fc498 elementor-widget elementor-widget-text-editor\" data-id=\"00fc498\" data-element_type=\"widget\" data-e-type=\"widget\" data-widget_type=\"text-editor.default\">\n\t\t\t\t<div class=\"elementor-widget-container\">\n\t\t\t\t\t\t\t\t\t<h1>Vom kleinen Wir zum gro\u00dfen Wir<\/h1>\n<p><strong>Ihr Kinderwunsch in guten H\u00e4nden<\/strong><\/p>\n<p>Fu\u0308r viele Paare ist ein gemeinsames Kind der gr\u00f6\u00dfte Wunsch ihrer Partnerschaft. Doch aus unterschiedlichsten Gru\u0308nden geht dieser Wunsch nicht immer selbstverst\u00e4ndlich in Erfu\u0308llung. In dieser schwierigen Lebensphase tut Hilfe gut.<\/p>\n<p>Im Kinderwunschzentrum Gelsenkirchen ku\u0308mmern wir uns als erfahrenes Expertenteam aus den verschiedensten Bereichen der modernen Fortpflanzungsmedizin um genau diese Paare. Wir vereinen neueste Technik mit Herz und medizinischem Sachverstand. Einfu\u0308hlungsverm\u00f6gen und psychologische Beratung sind Qualit\u00e4tsmerkmale unserer Arbeit.<\/p>\n<p>Gerne fu\u0308hren wir mit Ihnen beiden ein pers\u00f6nliches Beratungsgespr\u00e4ch und finden eine auf Sie individuell angepasste L\u00f6sung, auch bei schwierigen Vorbefunden. Dann stellen wir Ihnen Untersuchungs- und Therapieoptionen vor. So haben Sie die M\u00f6glichkeit sich gut informiert und selbstbestimmt fu\u0308r einen Behandlungsweg zu entscheiden.<\/p>\n<p><b>Wir freuen uns auf Sie.<br \/><\/b><span style=\"color: var( --e-global-color-text );\"><b>Ihr Team des Kinderwunschzentrums Gelsenkirchen<\/b><\/span><\/p>\n\t\t\t\t\t\t\t\t<\/div>\n\t\t\t\t<\/div>\n\t\t\t\t\t<\/div>\n\t\t<\/div>\n\t\t\t\t\t<\/div>\n\t\t<\/section>\n\t\t\t\t<section class=\"elementor-section elementor-top-section elementor-element elementor-element-e960437 elementor-section-full_width elementor-hidden-desktop elementor-hidden-tablet elementor-hidden-mobile elementor-section-height-default elementor-section-height-default\" data-id=\"e960437\" data-element_type=\"section\" data-e-type=\"section\" data-settings=\"{&quot;jet_parallax_layout_list&quot;:[{&quot;jet_parallax_layout_image&quot;:{&quot;url&quot;:&quot;&quot;,&quot;id&quot;:&quot;&quot;,&quot;size&quot;:&quot;&quot;},&quot;_id&quot;:&quot;380bfd1&quot;,&quot;jet_parallax_layout_image_tablet&quot;:{&quot;url&quot;:&quot;&quot;,&quot;id&quot;:&quot;&quot;,&quot;size&quot;:&quot;&quot;},&quot;jet_parallax_layout_image_mobile&quot;:{&quot;url&quot;:&quot;&quot;,&quot;id&quot;:&quot;&quot;,&quot;size&quot;:&quot;&quot;},&quot;jet_parallax_layout_speed&quot;:{&quot;unit&quot;:&quot;%&quot;,&quot;size&quot;:50,&quot;sizes&quot;:[]},&quot;jet_parallax_layout_type&quot;:&quot;scroll&quot;,&quot;jet_parallax_layout_direction&quot;:&quot;1&quot;,&quot;jet_parallax_layout_fx_direction&quot;:null,&quot;jet_parallax_layout_z_index&quot;:&quot;&quot;,&quot;jet_parallax_layout_bg_x&quot;:50,&quot;jet_parallax_layout_bg_x_tablet&quot;:&quot;&quot;,&quot;jet_parallax_layout_bg_x_mobile&quot;:&quot;&quot;,&quot;jet_parallax_layout_bg_y&quot;:50,&quot;jet_parallax_layout_bg_y_tablet&quot;:&quot;&quot;,&quot;jet_parallax_layout_bg_y_mobile&quot;:&quot;&quot;,&quot;jet_parallax_layout_bg_size&quot;:&quot;auto&quot;,&quot;jet_parallax_layout_bg_size_tablet&quot;:&quot;&quot;,&quot;jet_parallax_layout_bg_size_mobile&quot;:&quot;&quot;,&quot;jet_parallax_layout_animation_prop&quot;:&quot;transform&quot;,&quot;jet_parallax_layout_on&quot;:[&quot;desktop&quot;,&quot;tablet&quot;]}]}\">\n\t\t\t\t\t\t<div class=\"elementor-container elementor-column-gap-no\">\n\t\t\t\t\t<div class=\"elementor-column elementor-col-100 elementor-top-column elementor-element elementor-element-7860634\" data-id=\"7860634\" data-element_type=\"column\" data-e-type=\"column\">\n\t\t\t<div class=\"elementor-widget-wrap elementor-element-populated\">\n\t\t\t\t\t\t<div class=\"elementor-element elementor-element-18fb591 elementor-widget elementor-widget-text-editor\" data-id=\"18fb591\" data-element_type=\"widget\" data-e-type=\"widget\" data-widget_type=\"text-editor.default\">\n\t\t\t\t<div class=\"elementor-widget-container\">\n\t\t\t\t\t\t\t\t\t<div class=\"content\">\n<h1>Ihr Kind ist unser Wunsch<\/h1>\n<p><strong>Endlich eine Familie sein!<\/strong><\/p>\n<p>F\u00fcr viele Paare ist ein gemeinsames Kind der gr\u00f6\u00dfte Wunsch ihrer Partnerschaft. Doch aus unterschiedlichsten Gr\u00fcnden geht dieser nicht immer selbstverst\u00e4ndlich in Erf\u00fcllung.<\/p>\n<p>In der Kinderwunschzentrum Gelsenkirchen k\u00fcmmern wir uns als erfahrenes Expertenteam aus den verschiedensten Bereichen der modernen Fortpflanzungsmedizin um genau diese Paare.<\/p>\n<p>Aber nicht nur Fachwissen, sondern auch Einf\u00fchlungsverm\u00f6gen und psychologische Betreuung sind Hilfen, die eine Partnerschaft in dieser schwierigen Lebensphase braucht.<\/p>\n<p>Bei uns finden Sie nicht nur Mediziner.<\/p>\n<p>Wir vereinen modernste Technik mit Herz und medizinischem Sachverstand.<\/p>\n<p>Menschen mit Sorgen brauchen Lebensfreudespender.<br \/>Menschen in Krisen brauchen Tunnelblickbefreier.<br \/>Menschen in Angst brauchen Mutmacher.<br \/>Menschen mit Fragen brauchen Erkl\u00e4rende.<br \/>Menschen in Unruhe brauchen Ruheschaffende.<br \/>Menschen in Unsicherheit brauchen Wegzeigende.<\/p>\n<p>Wir k\u00fcmmern uns um Ihre Bed\u00fcrfnisse!<\/p>\n<p><strong>Deshalb ist unsere Erfolgsquote so hoch.<\/strong><\/p>\n<\/div>\n\t\t\t\t\t\t\t\t<\/div>\n\t\t\t\t<\/div>\n\t\t\t\t\t<\/div>\n\t\t<\/div>\n\t\t\t\t\t<\/div>\n\t\t<\/section>\n\t\t\t\t<\/div>\n\t\t","protected":false},"excerpt":{"rendered":"<p>Vom kleinen Wir zum gro\u00dfen Wir Ihr Kinderwunsch in guten H\u00e4nden Fu\u0308r viele Paare ist ein gemeinsames Kind der gr\u00f6\u00dfte Wunsch ihrer Partnerschaft. Doch aus unterschiedlichsten Gru\u0308nden geht dieser Wunsch nicht immer selbstverst\u00e4ndlich in Erfu\u0308llung. In dieser schwierigen Lebensphase tut Hilfe gut. Im Kinderwunschzentrum Gelsenkirchen ku\u0308mmern wir uns als erfahrenes Expertenteam aus den verschiedensten Bereichen [&hellip;]<\/p>\n","protected":false},"author":12,"featured_media":3882,"parent":0,"menu_order":0,"comment_status":"closed","ping_status":"closed","template":"","meta":{"slim_seo":{"title":"Home - Kinderwunschzentrum Gelsenkirchen","description":"Vom kleinen Wir zum gro\u00dfen Wir Ihr Kinderwunsch in guten H\u00e4nden Fu\u0308r viele Paare ist ein gemeinsames Kind der gr\u00f6\u00dfte Wunsch ihrer Partnerschaft. Doch aus unters"},"footnotes":""},"page-layout":[],"class_list":["post-2034","page","type-page","status-publish","has-post-thumbnail","hentry"],"_links":{"self":[{"href":"https:\/\/kinderwunsch-gelsenkirchen.de\/en\/wp-json\/wp\/v2\/pages\/2034","targetHints":{"allow":["GET"]}}],"collection":[{"href":"https:\/\/kinderwunsch-gelsenkirchen.de\/en\/wp-json\/wp\/v2\/pages"}],"about":[{"href":"https:\/\/kinderwunsch-gelsenkirchen.de\/en\/wp-json\/wp\/v2\/types\/page"}],"author":[{"embeddable":true,"href":"https:\/\/kinderwunsch-gelsenkirchen.de\/en\/wp-json\/wp\/v2\/users\/12"}],"replies":[{"embeddable":true,"href":"https:\/\/kinderwunsch-gelsenkirchen.de\/en\/wp-json\/wp\/v2\/comments?post=2034"}],"version-history":[{"count":2,"href":"https:\/\/kinderwunsch-gelsenkirchen.de\/en\/wp-json\/wp\/v2\/pages\/2034\/revisions"}],"predecessor-version":[{"id":7730,"href":"https:\/\/kinderwunsch-gelsenkirchen.de\/en\/wp-json\/wp\/v2\/pages\/2034\/revisions\/7730"}],"wp:featuredmedia":[{"embeddable":true,"href":"https:\/\/kinderwunsch-gelsenkirchen.de\/en\/wp-json\/wp\/v2\/media\/3882"}],"wp:attachment":[{"href":"https:\/\/kinderwunsch-gelsenkirchen.de\/en\/wp-json\/wp\/v2\/media?parent=2034"}],"wp:term":[{"taxonomy":"page-layout","embeddable":true,"href":"https:\/\/kinderwunsch-gelsenkirchen.de\/en\/wp-json\/wp\/v2\/page-layout?post=2034"}],"curies":[{"name":"wp","href":"https:\/\/api.w.org\/{rel}","templated":true}]}}